{"id":7464,"date":"2021-07-08T09:27:32","date_gmt":"2021-07-08T09:27:32","guid":{"rendered":"https:\/\/stag.mizaradditive.tech\/services\/"},"modified":"2022-10-17T13:18:05","modified_gmt":"2022-10-17T11:18:05","slug":"services","status":"publish","type":"page","link":"https:\/\/mizaradditive.com\/fr\/services\/","title":{"rendered":"Services"},"content":{"rendered":"<p>[et_pb_section fb_built=\u00a0\u00bb1&Prime; fullwidth=\u00a0\u00bbon\u00a0\u00bb _builder_version=\u00a0\u00bb4.17.4&Prime; _module_preset=\u00a0\u00bbdefault\u00a0\u00bb background_image=\u00a0\u00bbhttps:\/\/mizaradditive.com\/wp-content\/uploads\/2022\/03\/services_head_img.webp\u00a0\u00bb min_height=\u00a0\u00bb450px\u00a0\u00bb max_height=\u00a0\u00bb450px\u00a0\u00bb custom_padding=\u00a0\u00bb6%||6%||true|false\u00a0\u00bb global_colors_info=\u00a0\u00bb{}\u00a0\u00bb][et_pb_fullwidth_header title=\u00a0\u00bbSERVICES DE FABRICATION ADDITIVE\u00a0\u00bb subhead=\u00a0\u00bbConseil | Mizar 3D Lab | Fabrication additive en s\u00e9rie\u00a0\u00bb _builder_version=\u00a0\u00bb4.17.4&Prime; _module_preset=\u00a0\u00bbdefault\u00a0\u00bb title_font=\u00a0\u00bb|700|||||||\u00a0\u00bb title_font_size=\u00a0\u00bb65px\u00a0\u00bb subhead_font=\u00a0\u00bb|600|||||||\u00a0\u00bb subhead_font_size=\u00a0\u00bb26px\u00a0\u00bb background_enable_color=\u00a0\u00bboff\u00a0\u00bb global_colors_info=\u00a0\u00bb{}\u00a0\u00bb][\/et_pb_fullwidth_header][\/et_pb_section][et_pb_section fb_built=\u00a0\u00bb1&Prime; _builder_version=\u00a0\u00bb4.16&Prime; _module_preset=\u00a0\u00bbdefault\u00a0\u00bb custom_padding=\u00a0\u00bb||0px||false|false\u00a0\u00bb global_colors_info=\u00a0\u00bb{}\u00a0\u00bb][et_pb_row _builder_version=\u00a0\u00bb4.16&Prime; _module_preset=\u00a0\u00bbdefault\u00a0\u00bb global_colors_info=\u00a0\u00bb{}\u00a0\u00bb][et_pb_column type=\u00a0\u00bb4_4&Prime; _builder_version=\u00a0\u00bb4.16&Prime; _module_preset=\u00a0\u00bbdefault\u00a0\u00bb global_colors_info=\u00a0\u00bb{}\u00a0\u00bb][et_pb_text _builder_version=\u00a0\u00bb4.16&Prime; _module_preset=\u00a0\u00bbdefault\u00a0\u00bb text_font=\u00a0\u00bbOpen Sans||||||||\u00a0\u00bb text_text_color=\u00a0\u00bb#1e1e1e\u00a0\u00bb text_font_size=\u00a0\u00bb24px\u00a0\u00bb header_2_text_align=\u00a0\u00bbcenter\u00a0\u00bb header_2_text_color=\u00a0\u00bb#1e1e1e\u00a0\u00bb global_colors_info=\u00a0\u00bb{}\u00a0\u00bb]<\/p>\n<p><span>Chez Mizar, nous offrons des services de <em>bout en bout<\/em> dans nos installations de premier ordre: nous accompagnons nos clients depuis la conception initiale et le design jusqu&rsquo;\u00e0 la production en s\u00e9rie \u00e0 travers la fabrication additive. <\/span><\/p>\n<p>&nbsp;<\/p>\n<p>[\/et_pb_text][\/et_pb_column][\/et_pb_row][\/et_pb_section][et_pb_section fb_built=\u00a0\u00bb1&Prime; _builder_version=\u00a0\u00bb4.16&Prime; _module_preset=\u00a0\u00bbdefault\u00a0\u00bb background_color=\u00a0\u00bb#f5f5f5&Prime; custom_padding=\u00a0\u00bb0px||||false|false\u00a0\u00bb global_colors_info=\u00a0\u00bb{}\u00a0\u00bb][et_pb_row _builder_version=\u00a0\u00bb4.16&Prime; _module_preset=\u00a0\u00bbdefault\u00a0\u00bb global_colors_info=\u00a0\u00bb{}\u00a0\u00bb][et_pb_column type=\u00a0\u00bb4_4&Prime; _builder_version=\u00a0\u00bb4.16&Prime; _module_preset=\u00a0\u00bbdefault\u00a0\u00bb global_colors_info=\u00a0\u00bb{}\u00a0\u00bb][et_pb_text _builder_version=\u00a0\u00bb4.16&Prime; _module_preset=\u00a0\u00bbdefault\u00a0\u00bb header_2_text_align=\u00a0\u00bbcenter\u00a0\u00bb header_2_text_color=\u00a0\u00bb#002C61&Prime; header_2_font_size=\u00a0\u00bb36px\u00a0\u00bb text_orientation=\u00a0\u00bbcenter\u00a0\u00bb global_colors_info=\u00a0\u00bb{}\u00a0\u00bb]<\/p>\n<h2>De la conception \u00e0 la validation<\/h2>\n<p>Nous gardons une relation \u00e9troite avec chaque client \u00e0 chaque \u00e9tape du processus, afin de r\u00e9pondre \u00e0 ses besoins sp\u00e9cifiques.<\/p>\n<p>[\/et_pb_text][\/et_pb_column][\/et_pb_row][et_pb_row column_structure=\u00a0\u00bb1_2,1_2&Prime; use_custom_gutter=\u00a0\u00bbon\u00a0\u00bb gutter_width=\u00a0\u00bb1&Prime; _builder_version=\u00a0\u00bb4.16&Prime; _module_preset=\u00a0\u00bbdefault\u00a0\u00bb background_color=\u00a0\u00bb#FFFFFF\u00a0\u00bb module_alignment=\u00a0\u00bbcenter\u00a0\u00bb custom_padding=\u00a0\u00bb0px||0px||true|false\u00a0\u00bb background_last_edited=\u00a0\u00bbon|tablet\u00a0\u00bb global_colors_info=\u00a0\u00bb{}\u00a0\u00bb][et_pb_column type=\u00a0\u00bb1_2&Prime; _builder_version=\u00a0\u00bb4.16&Prime; _module_preset=\u00a0\u00bbdefault\u00a0\u00bb global_colors_info=\u00a0\u00bb{}\u00a0\u00bb][et_pb_image src=\u00a0\u00bbhttps:\/\/mizaradditive.com\/wp-content\/uploads\/2021\/07\/proyectos-consultoria-img.jpg\u00a0\u00bb alt=\u00a0\u00bbprojets de consultation img\u00a0\u00bb title_text=\u00a0\u00bbprojets de consultation img\u00a0\u00bb force_fullwidth=\u00a0\u00bbon\u00a0\u00bb align_tablet=\u00a0\u00bbcenter\u00a0\u00bb align_phone=\u00a0\u00bb\u00a0\u00bb align_last_edited=\u00a0\u00bbon|tablet\u00a0\u00bb _builder_version=\u00a0\u00bb4.16&Prime; _module_preset=\u00a0\u00bbdefault\u00a0\u00bb global_colors_info=\u00a0\u00bb{}\u00a0\u00bb][\/et_pb_image][\/et_pb_column][et_pb_column type=\u00a0\u00bb1_2&Prime; _builder_version=\u00a0\u00bb4.16&Prime; _module_preset=\u00a0\u00bbdefault\u00a0\u00bb global_colors_info=\u00a0\u00bb{}\u00a0\u00bb][et_pb_text _builder_version=\u00a0\u00bb4.16&Prime; _module_preset=\u00a0\u00bbdefault\u00a0\u00bb background_color=\u00a0\u00bb#FFFFFF\u00a0\u00bb custom_padding=\u00a0\u00bb5%|5%|5%|5%|true|true\u00a0\u00bb global_colors_info=\u00a0\u00bb{}\u00a0\u00bb]<\/p>\n<h3 class=\"title title6\">ING\u00c9NIERIE ADDITIVE<\/h3>\n<p class=\"excerpt\">Fabrication de prototypes pour la conception de pi\u00e8ces qui permettent la simulation fonctionnelle des composants. Con\u00e7us pour \u00eatre fabriqu\u00e9s.<\/p>\n<p>[\/et_pb_text][\/et_pb_column][\/et_pb_row][et_pb_row column_structure=\u00a0\u00bb1_2,1_2&Prime; use_custom_gutter=\u00a0\u00bbon\u00a0\u00bb gutter_width=\u00a0\u00bb1&Prime; _builder_version=\u00a0\u00bb4.16&Prime; _module_preset=\u00a0\u00bbdefault\u00a0\u00bb background_color=\u00a0\u00bb#FFFFFF\u00a0\u00bb module_alignment=\u00a0\u00bbcenter\u00a0\u00bb custom_margin=\u00a0\u00bb2.14%||||false|false\u00a0\u00bb custom_padding=\u00a0\u00bb0px||0px||true|false\u00a0\u00bb background_last_edited=\u00a0\u00bbon|tablet\u00a0\u00bb global_colors_info=\u00a0\u00bb{}\u00a0\u00bb][et_pb_column type=\u00a0\u00bb1_2&Prime; _builder_version=\u00a0\u00bb4.16&Prime; _module_preset=\u00a0\u00bbdefault\u00a0\u00bb global_colors_info=\u00a0\u00bb{}\u00a0\u00bb][et_pb_image src=\u00a0\u00bbhttps:\/\/mizaradditive.com\/wp-content\/uploads\/2021\/09\/outsourcing-ingenieria-adiiva-img.jpg\u00a0\u00bb alt=\u00a0\u00bbExternalisation de l&rsquo;ing\u00e9nierie additive\u00a0\u00bb title_text=\u00a0\u00bbExternalisation de l&rsquo;ing\u00e9nierie additive\u00a0\u00bb force_fullwidth=\u00a0\u00bbon\u00a0\u00bb align_tablet=\u00a0\u00bbcenter\u00a0\u00bb align_phone=\u00a0\u00bb\u00a0\u00bb align_last_edited=\u00a0\u00bbon|tablet\u00a0\u00bb _builder_version=\u00a0\u00bb4.16&Prime; _module_preset=\u00a0\u00bbdefault\u00a0\u00bb global_colors_info=\u00a0\u00bb{}\u00a0\u00bb][\/et_pb_image][\/et_pb_column][et_pb_column type=\u00a0\u00bb1_2&Prime; _builder_version=\u00a0\u00bb4.16&Prime; _module_preset=\u00a0\u00bbdefault\u00a0\u00bb global_colors_info=\u00a0\u00bb{}\u00a0\u00bb][et_pb_text _builder_version=\u00a0\u00bb4.16&Prime; _module_preset=\u00a0\u00bbdefault\u00a0\u00bb background_color=\u00a0\u00bb#FFFFFF\u00a0\u00bb custom_padding=\u00a0\u00bb5%|5%|5%|5%|true|true\u00a0\u00bb global_colors_info=\u00a0\u00bb{}\u00a0\u00bb]<\/p>\n<h3 class=\"title title6\">CONSEIL ET FORMATION<\/h3>\n<p class=\"excerpt\">Conseil et formation. Nous sommes partenaires d&rsquo;Additive Minds pour des formations bas\u00e9es sur une m\u00e9thodologie qui consiste en une s\u00e9rie d&rsquo;ateliers. Identification des processus, analyse de rentabilit\u00e9, &#8230; Nous sommes votre partenaire en mati\u00e8re de technologie additive.<\/p>\n<p>[\/et_pb_text][et_pb_image src=\u00a0\u00bbhttps:\/\/mizaradditive.com\/wp-content\/uploads\/2022\/10\/AdditiveMinds_CertifiedPartner_Logo-1.webp\u00a0\u00bb title_text=\u00a0\u00bbAdditiveMinds_CertifiedPartner_Logo-1&Prime; align=\u00a0\u00bbcenter\u00a0\u00bb _builder_version=\u00a0\u00bb4.18.0&Prime; _module_preset=\u00a0\u00bbdefault\u00a0\u00bb max_height=\u00a0\u00bb100px\u00a0\u00bb hover_enabled=\u00a0\u00bb0&Prime; global_colors_info=\u00a0\u00bb{}\u00a0\u00bb url=\u00a0\u00bbhttps:\/\/mizaradditive.com\/wp-content\/uploads\/2022\/10\/AMTrainer.pdf\u00a0\u00bb url_new_window=\u00a0\u00bbon\u00a0\u00bb sticky_enabled=\u00a0\u00bb0&Prime;][\/et_pb_image][\/et_pb_column][\/et_pb_row][et_pb_row column_structure=\u00a0\u00bb1_2,1_2&Prime; use_custom_gutter=\u00a0\u00bbon\u00a0\u00bb gutter_width=\u00a0\u00bb1&Prime; _builder_version=\u00a0\u00bb4.16&Prime; _module_preset=\u00a0\u00bbdefault\u00a0\u00bb background_color=\u00a0\u00bb#FFFFFF\u00a0\u00bb module_alignment=\u00a0\u00bbcenter\u00a0\u00bb custom_margin=\u00a0\u00bb2.14%||||false|false\u00a0\u00bb custom_padding=\u00a0\u00bb0px||0px||true|false\u00a0\u00bb background_last_edited=\u00a0\u00bbon|tablet\u00a0\u00bb global_colors_info=\u00a0\u00bb{}\u00a0\u00bb][et_pb_column type=\u00a0\u00bb1_2&Prime; _builder_version=\u00a0\u00bb4.16&Prime; _module_preset=\u00a0\u00bbdefault\u00a0\u00bb global_colors_info=\u00a0\u00bb{}\u00a0\u00bb][et_pb_image src=\u00a0\u00bbhttps:\/\/mizaradditive.com\/wp-content\/uploads\/2021\/07\/fabricacion-aditiva-serie-img.jpg\u00a0\u00bb alt=\u00a0\u00bbfabricacion aditiva serie img\u00a0\u00bb title_text=\u00a0\u00bbfabricacion aditiva serie img\u00a0\u00bb force_fullwidth=\u00a0\u00bbon\u00a0\u00bb align_tablet=\u00a0\u00bbcenter\u00a0\u00bb align_phone=\u00a0\u00bb\u00a0\u00bb align_last_edited=\u00a0\u00bbon|tablet\u00a0\u00bb _builder_version=\u00a0\u00bb4.16&Prime; _module_preset=\u00a0\u00bbdefault\u00a0\u00bb global_colors_info=\u00a0\u00bb{}\u00a0\u00bb][\/et_pb_image][\/et_pb_column][et_pb_column type=\u00a0\u00bb1_2&Prime; _builder_version=\u00a0\u00bb4.16&Prime; _module_preset=\u00a0\u00bbdefault\u00a0\u00bb global_colors_info=\u00a0\u00bb{}\u00a0\u00bb][et_pb_text _builder_version=\u00a0\u00bb4.16&Prime; _module_preset=\u00a0\u00bbdefault\u00a0\u00bb background_color=\u00a0\u00bb#FFFFFF\u00a0\u00bb custom_padding=\u00a0\u00bb5%|5%|5%|5%|true|true\u00a0\u00bb global_colors_info=\u00a0\u00bb{}\u00a0\u00bb]<\/p>\n<h3 class=\"title title6\">FABRICATION ADDITIVE EN S\u00c9RIE<\/h3>\n<p class=\"excerpt\">Nous sommes leaders dans les proc\u00e9d\u00e9s de fabrication de pi\u00e8ces m\u00e9talliques utilisant la technologie SLM. Nous fabriquons vos pi\u00e8ces de g\u00e9om\u00e9tries complexes en un temps record. Les proc\u00e9d\u00e9s de fabrication garantissent la qualit\u00e9 de surface, les g\u00e9om\u00e9tries et les propri\u00e9t\u00e9s m\u00e9caniques de pi\u00e8ces que vous pensiez impossibles.<\/p>\n<p>[\/et_pb_text][\/et_pb_column][\/et_pb_row][\/et_pb_section][et_pb_section fb_built=\u00a0\u00bb1&Prime; fullwidth=\u00a0\u00bbon\u00a0\u00bb module_class=\u00a0\u00bbtiddifudge\u00a0\u00bb _builder_version=\u00a0\u00bb4.16&Prime; _module_preset=\u00a0\u00bbdefault\u00a0\u00bb global_colors_info=\u00a0\u00bb{}\u00a0\u00bb][et_pb_fullwidth_header subhead=\u00a0\u00bbConna\u00eetre les applications de la fabrication additive\u00a0\u00bb text_orientation=\u00a0\u00bbcenter\u00a0\u00bb button_one_text=\u00a0\u00bbPlus d&rsquo;information\u00a0\u00bb _builder_version=\u00a0\u00bb4.16&Prime; _module_preset=\u00a0\u00bbdefault\u00a0\u00bb title_text_align=\u00a0\u00bbcenter\u00a0\u00bb subhead_font=\u00a0\u00bb|600|||||||\u00a0\u00bb subhead_font_size=\u00a0\u00bb30px\u00a0\u00bb background_enable_color=\u00a0\u00bboff\u00a0\u00bb background_image=\u00a0\u00bbhttps:\/\/mizaradditive.com\/wp-content\/uploads\/2021\/05\/servicios.jpg\u00a0\u00bb custom_button_one=\u00a0\u00bbon\u00a0\u00bb button_one_bg_color=\u00a0\u00bb#0082BF\u00a0\u00bb button_one_border_width=\u00a0\u00bb0px\u00a0\u00bb button_one_custom_margin=\u00a0\u00bb||||true|true\u00a0\u00bb global_colors_info=\u00a0\u00bb{}\u00a0\u00bb][\/et_pb_fullwidth_header][\/et_pb_section]<\/p>\n","protected":false},"excerpt":{"rendered":"<p>Chez Mizar, nous offrons des services de bout en bout dans nos installations de premier ordre: nous accompagnons nos clients depuis la conception initiale et le design jusqu&rsquo;\u00e0 la production en s\u00e9rie \u00e0 travers la fabrication additive. &nbsp;De la conception \u00e0 la validation Nous gardons une relation \u00e9troite avec chaque client \u00e0 chaque \u00e9tape du<a class=\"moretag\" \n href=\"https:\/\/mizaradditive.com\/fr\/services\/\"> Ver m\u00e1s<\/a><\/p>\n","protected":false},"author":5,"featured_media":10688,"parent":0,"menu_order":0,"comment_status":"closed","ping_status":"closed","template":"","meta":{"_et_pb_use_builder":"on","_et_pb_old_content":"","_et_gb_content_width":"","footnotes":""},"categories":[],"tags":[],"class_list":["post-7464","page","type-page","status-publish","has-post-thumbnail","hentry"],"_links":{"self":[{"href":"https:\/\/mizaradditive.com\/fr\/wp-json\/wp\/v2\/pages\/7464","targetHints":{"allow":["GET"]}}],"collection":[{"href":"https:\/\/mizaradditive.com\/fr\/wp-json\/wp\/v2\/pages"}],"about":[{"href":"https:\/\/mizaradditive.com\/fr\/wp-json\/wp\/v2\/types\/page"}],"author":[{"embeddable":true,"href":"https:\/\/mizaradditive.com\/fr\/wp-json\/wp\/v2\/users\/5"}],"replies":[{"embeddable":true,"href":"https:\/\/mizaradditive.com\/fr\/wp-json\/wp\/v2\/comments?post=7464"}],"version-history":[{"count":5,"href":"https:\/\/mizaradditive.com\/fr\/wp-json\/wp\/v2\/pages\/7464\/revisions"}],"predecessor-version":[{"id":15408,"href":"https:\/\/mizaradditive.com\/fr\/wp-json\/wp\/v2\/pages\/7464\/revisions\/15408"}],"wp:featuredmedia":[{"embeddable":true,"href":"https:\/\/mizaradditive.com\/fr\/wp-json\/wp\/v2\/media\/10688"}],"wp:attachment":[{"href":"https:\/\/mizaradditive.com\/fr\/wp-json\/wp\/v2\/media?parent=7464"}],"wp:term":[{"taxonomy":"category","embeddable":true,"href":"https:\/\/mizaradditive.com\/fr\/wp-json\/wp\/v2\/categories?post=7464"},{"taxonomy":"post_tag","embeddable":true,"href":"https:\/\/mizaradditive.com\/fr\/wp-json\/wp\/v2\/tags?post=7464"}],"curies":[{"name":"wp","href":"https:\/\/api.w.org\/{rel}","templated":true}]}}