{"id":7445,"date":"2021-07-08T09:11:44","date_gmt":"2021-07-08T09:11:44","guid":{"rendered":"https:\/\/stag.mizaradditive.tech\/fusion-laser-sur-lit-de-poudre-pbf\/"},"modified":"2022-02-16T13:32:46","modified_gmt":"2022-02-16T11:32:46","slug":"fusion-laser-sur-lit-de-poudre-pbf","status":"publish","type":"page","link":"https:\/\/mizaradditive.com\/fr\/fusion-laser-sur-lit-de-poudre-pbf\/","title":{"rendered":"Fusion laser sur lit de poudre (PBF)"},"content":{"rendered":"\n[et_pb_section fb_built=\u00a0\u00bb1&Prime; fullwidth=\u00a0\u00bbon\u00a0\u00bb module_class=\u00a0\u00bbtiddifudge\u00a0\u00bb _builder_version=\u00a0\u00bb4.9.4&Prime; _module_preset=\u00a0\u00bbdefault\u00a0\u00bb][et_pb_fullwidth_code _builder_version=\u00a0\u00bb4.9.4&Prime; _module_preset=\u00a0\u00bbdefault\u00a0\u00bb background_color=\u00a0\u00bbrgba(0,0,0,0.54)\u00a0\u00bb background_image=\u00a0\u00bbhttps:\/\/mizaradditive.com\/wp-content\/uploads\/2021\/05\/FUSED_DEPOSITION.jpg\u00a0\u00bb background_blend=\u00a0\u00bbmultiply\u00a0\u00bb width_tablet=\u00a0\u00bb\u00a0\u00bb width_phone=\u00a0\u00bb\u00a0\u00bb width_last_edited=\u00a0\u00bbon|desktop\u00a0\u00bb custom_padding=\u00a0\u00bb10%||10%||true|false\u00a0\u00bb custom_padding_tablet=\u00a0\u00bb15%||15%||true|false\u00a0\u00bb custom_padding_phone=\u00a0\u00bb20%||20%||true|false\u00a0\u00bb custom_padding_last_edited=\u00a0\u00bbon|phone\u00a0\u00bb]<div style=\"text-align:center\"><!-- [et_pb_line_break_holder] -->  <h2 style=\"font-size:2.5em;color:white;font-family:'Open Sans'\"><!-- [et_pb_line_break_holder] --> LA FABRICATION ADDITIVE<!-- [et_pb_line_break_holder] --><\/h2><!-- [et_pb_line_break_holder] --><h1 style=\"font-size:3.5rem;color:white;font-weight:800;max-width:1180px;margin: 0 auto;padding-top:1%\"><!-- [et_pb_line_break_holder] --> FUSION DE LIT DE POUDRE (PBF)<!-- [et_pb_line_break_holder] --><\/h1><!-- [et_pb_line_break_holder] -->  <h3 style=\"font-size:1.5rem;color:white;font-weight:400;max-width:1180px;margin: 0 auto;padding-top:2%\"><!-- [et_pb_line_break_holder] --> Fusion de lit de poudre<!-- [et_pb_line_break_holder] -->  <\/h3><!-- [et_pb_line_break_holder] --><\/div><!-- [et_pb_line_break_holder] -->[\/et_pb_fullwidth_code][\/et_pb_section][et_pb_section fb_built=\u00a0\u00bb1&Prime; _builder_version=\u00a0\u00bb4.9.4&Prime; _module_preset=\u00a0\u00bbdefault\u00a0\u00bb][et_pb_row _builder_version=\u00a0\u00bb4.9.4&Prime; _module_preset=\u00a0\u00bbdefault\u00a0\u00bb][et_pb_column type=\u00a0\u00bb4_4&Prime; _builder_version=\u00a0\u00bb4.9.4&Prime; _module_preset=\u00a0\u00bbdefault\u00a0\u00bb][et_pb_text _builder_version=\u00a0\u00bb4.9.4&Prime; _module_preset=\u00a0\u00bbdefault\u00a0\u00bb text_text_color=\u00a0\u00bb#1e1e1e\u00a0\u00bb header_2_text_align=\u00a0\u00bbcenter\u00a0\u00bb header_2_text_color=\u00a0\u00bb#1e1e1e\u00a0\u00bb header_2_font_size=\u00a0\u00bb33px\u00a0\u00bb]<h2 style=\"color: #002c61 !important\" class=\"title title-section\">Fabrication additive par fusion de lit de poudre ou Powder Bed Fusion.<\/h2>\n<div class=\"row\"><\/div>\n<p style=\"padding-top: 1.25%;text-align: center\"><span>Chez Mizar, nous avons une longue exp\u00e9rience dans le secteur a\u00e9rospatial que nous mettons \u00e0 votre disposition pour concevoir et fabriquer toutes sortes de composants au moyen de la fabrication additive.<\/span><\/p>[\/et_pb_text][\/et_pb_column][\/et_pb_row][\/et_pb_section][et_pb_section fb_built=\u00a0\u00bb1&Prime; _builder_version=\u00a0\u00bb4.9.4&Prime; _module_preset=\u00a0\u00bbdefault\u00a0\u00bb custom_margin=\u00a0\u00bb0px||||false|false\u00a0\u00bb custom_padding=\u00a0\u00bb0px||0px||false|false\u00a0\u00bb][et_pb_row _builder_version=\u00a0\u00bb4.9.4&Prime; _module_preset=\u00a0\u00bbdefault\u00a0\u00bb width=\u00a0\u00bb100%\u00a0\u00bb max_width=\u00a0\u00bb100%\u00a0\u00bb][et_pb_column type=\u00a0\u00bb4_4&Prime; _builder_version=\u00a0\u00bb4.9.4&Prime; _module_preset=\u00a0\u00bbdefault\u00a0\u00bb][dica_divi_carousel item_width_auto=\u00a0\u00bbon\u00a0\u00bb item_width=\u00a0\u00bb50%\u00a0\u00bb item_width_tablet=\u00a0\u00bb\u00a0\u00bb item_width_phone=\u00a0\u00bb100%\u00a0\u00bb item_width_last_edited=\u00a0\u00bbon|tablet\u00a0\u00bb centermode=\u00a0\u00bbon\u00a0\u00bb loop=\u00a0\u00bbon\u00a0\u00bb arrow_nav=\u00a0\u00bbon\u00a0\u00bb dot_nav=\u00a0\u00bbon\u00a0\u00bb item_spacing=\u00a0\u00bb0&Prime; equal_height=\u00a0\u00bbon\u00a0\u00bb advanced_effect=\u00a0\u00bb1&Prime; module_class=\u00a0\u00bbjungle-roller\u00a0\u00bb _builder_version=\u00a0\u00bb4.9.4&Prime; _module_preset=\u00a0\u00bbdefault\u00a0\u00bb][dica_divi_carouselitem button_url_new_window=\u00a0\u00bb1&Prime; image_padding=\u00a0\u00bb0px|0px||0px|false|true\u00a0\u00bb _builder_version=\u00a0\u00bb4.9.4&Prime; _module_preset=\u00a0\u00bbdefault\u00a0\u00bb]<div style=\"flex-flow:row wrap\">\n<div class=\"rolling-stone-img\" style=\"background-image:url('\/wp-content\/uploads\/2021\/05\/Powder-Bed-Fusion-v2.webp');background-size: 100% 100%\">\n<div style=\"color:white;width:100%;padding:2.5% 5%;text-align:center\">\n<h3 style=\"color:white;text-transform:uppercase;font-size:1.125em\">Fusion de lit en poudre<\/h3>\n<p>Rotor de compresseur centrifuge en titane comme fabriqu\u00e9 \u00e0 travers SLM\n\n\n<\/p>\n<\/div>\n<\/div>\n<\/div>[\/dica_divi_carouselitem][dica_divi_carouselitem button_url_new_window=\u00a0\u00bb1&Prime; _builder_version=\u00a0\u00bb4.9.4&Prime; _module_preset=\u00a0\u00bbdefault\u00a0\u00bb]<div style=\"flex-flow: row wrap\">\n<div class=\"rolling-stone-img\" style=\"background-image: url('\/wp-content\/uploads\/2021\/05\/piezas-aeroespacial.webp');background-size: 100% 100%\">\n<div style=\"color: white;width: 100%;padding: 2.5% 5%;text-align: center\">\n<h3 style=\"color: white;text-transform: uppercase;font-size: 1.125em\">FUSION DE LIT DE POUDRE<\/h3>\n<p>Ferrure de hissage sur INCO718 dans la chambre de travail<\/p>\n<\/div>\n<\/div>\n<\/div>[\/dica_divi_carouselitem][\/dica_divi_carousel][\/et_pb_column][\/et_pb_row][\/et_pb_section][et_pb_section fb_built=\u00a0\u00bb1&Prime; fullwidth=\u00a0\u00bbon\u00a0\u00bb module_class=\u00a0\u00bbtiddifudge\u00a0\u00bb _builder_version=\u00a0\u00bb4.9.4&Prime; _module_preset=\u00a0\u00bbdefault\u00a0\u00bb][et_pb_fullwidth_header title=\u00a0\u00bbContactez-nous\u00a0\u00bb text_orientation=\u00a0\u00bbcenter\u00a0\u00bb button_one_text=\u00a0\u00bbPlus d&rsquo;information\u00a0\u00bb _builder_version=\u00a0\u00bb4.9.4&Prime; _module_preset=\u00a0\u00bbdefault\u00a0\u00bb title_text_align=\u00a0\u00bbcenter\u00a0\u00bb background_color=\u00a0\u00bbrgba(0,0,0,0.54)\u00a0\u00bb background_image=\u00a0\u00bbhttps:\/\/mizaradditive.com\/wp-content\/uploads\/2021\/05\/FUSED_DEPOSITION.jpg\u00a0\u00bb background_blend=\u00a0\u00bbmultiply\u00a0\u00bb custom_button_one=\u00a0\u00bbon\u00a0\u00bb button_one_bg_color=\u00a0\u00bb#0082BF\u00a0\u00bb button_one_border_width=\u00a0\u00bb0px\u00a0\u00bb button_one_custom_margin=\u00a0\u00bb||||true|true\u00a0\u00bb hover_enabled=\u00a0\u00bb0&Prime; title_level=\u00a0\u00bbh2&Prime; sticky_enabled=\u00a0\u00bb0&Prime;][\/et_pb_fullwidth_header][\/et_pb_section]\n","protected":false},"excerpt":{"rendered":"<p>Fabrication additive par fusion de lit de poudre ou Powder Bed Fusion. Chez Mizar, nous avons une longue exp\u00e9rience dans le secteur a\u00e9rospatial que nous mettons \u00e0 votre disposition pour concevoir et fabriquer toutes sortes de composants au moyen de la fabrication additive.[dica_divi_carousel item_width_auto=\u00a0\u00bbon\u00a0\u00bb item_width=\u00a0\u00bb50%\u00a0\u00bb item_width_tablet=\u00a0\u00bb\u00a0\u00bb item_width_phone=\u00a0\u00bb100%\u00a0\u00bb item_width_last_edited=\u00a0\u00bbon|tablet\u00a0\u00bb centermode=\u00a0\u00bbon\u00a0\u00bb loop=\u00a0\u00bbon\u00a0\u00bb arrow_nav=\u00a0\u00bbon\u00a0\u00bb dot_nav=\u00a0\u00bbon\u00a0\u00bb item_spacing=\u00a0\u00bb0&Prime; equal_height=\u00a0\u00bbon\u00a0\u00bb advanced_effect=\u00a0\u00bb1&Prime;<a class=\"moretag\" \n href=\"https:\/\/mizaradditive.com\/fr\/fusion-laser-sur-lit-de-poudre-pbf\/\"> Ver m\u00e1s<\/a><\/p>\n","protected":false},"author":5,"featured_media":10688,"parent":0,"menu_order":0,"comment_status":"closed","ping_status":"closed","template":"","meta":{"_et_pb_use_builder":"on","_et_pb_old_content":"","_et_gb_content_width":"","footnotes":""},"categories":[],"tags":[],"class_list":["post-7445","page","type-page","status-publish","has-post-thumbnail","hentry"],"_links":{"self":[{"href":"https:\/\/mizaradditive.com\/fr\/wp-json\/wp\/v2\/pages\/7445","targetHints":{"allow":["GET"]}}],"collection":[{"href":"https:\/\/mizaradditive.com\/fr\/wp-json\/wp\/v2\/pages"}],"about":[{"href":"https:\/\/mizaradditive.com\/fr\/wp-json\/wp\/v2\/types\/page"}],"author":[{"embeddable":true,"href":"https:\/\/mizaradditive.com\/fr\/wp-json\/wp\/v2\/users\/5"}],"replies":[{"embeddable":true,"href":"https:\/\/mizaradditive.com\/fr\/wp-json\/wp\/v2\/comments?post=7445"}],"version-history":[{"count":5,"href":"https:\/\/mizaradditive.com\/fr\/wp-json\/wp\/v2\/pages\/7445\/revisions"}],"predecessor-version":[{"id":12889,"href":"https:\/\/mizaradditive.com\/fr\/wp-json\/wp\/v2\/pages\/7445\/revisions\/12889"}],"wp:featuredmedia":[{"embeddable":true,"href":"https:\/\/mizaradditive.com\/fr\/wp-json\/wp\/v2\/media\/10688"}],"wp:attachment":[{"href":"https:\/\/mizaradditive.com\/fr\/wp-json\/wp\/v2\/media?parent=7445"}],"wp:term":[{"taxonomy":"category","embeddable":true,"href":"https:\/\/mizaradditive.com\/fr\/wp-json\/wp\/v2\/categories?post=7445"},{"taxonomy":"post_tag","embeddable":true,"href":"https:\/\/mizaradditive.com\/fr\/wp-json\/wp\/v2\/tags?post=7445"}],"curies":[{"name":"wp","href":"https:\/\/api.w.org\/{rel}","templated":true}]}}