{"id":7404,"date":"2021-07-08T08:13:17","date_gmt":"2021-07-08T08:13:17","guid":{"rendered":"https:\/\/stag.mizaradditive.tech\/capacites\/"},"modified":"2022-06-21T13:52:53","modified_gmt":"2022-06-21T11:52:53","slug":"capacites","status":"publish","type":"page","link":"https:\/\/mizaradditive.com\/fr\/capacites\/","title":{"rendered":"Capacit\u00e9s"},"content":{"rendered":"<p>[et_pb_section fb_built=\u00a0\u00bb1&Prime; fullwidth=\u00a0\u00bbon\u00a0\u00bb theme_builder_area=\u00a0\u00bbpost_content\u00a0\u00bb _builder_version=\u00a0\u00bb4.17.4&Prime; _module_preset=\u00a0\u00bbdefault\u00a0\u00bb alt=\u00a0\u00bbcapabilities_img\u00a0\u00bb title_text=\u00a0\u00bbcapabilities_img\u00a0\u00bb background_image=\u00a0\u00bbhttps:\/\/mizaradditive.com\/wp-content\/uploads\/2022\/03\/capabilities_img.webp\u00a0\u00bb custom_padding=\u00a0\u00bb6%||6%||true|false\u00a0\u00bb min_height=\u00a0\u00bb450px\u00a0\u00bb max_height=\u00a0\u00bb450px\u00a0\u00bb hover_enabled=\u00a0\u00bb0&Prime; sticky_enabled=\u00a0\u00bb0&Prime;][et_pb_fullwidth_header title=\u00a0\u00bbCAPACIT\u00c9S\u00a0\u00bb _builder_version=\u00a0\u00bb4.17.4&Prime; _module_preset=\u00a0\u00bbdefault\u00a0\u00bb theme_builder_area=\u00a0\u00bbpost_content\u00a0\u00bb subhead=\u00a0\u00bbMachines et ressources humaines\u00a0\u00bb background_enable_color=\u00a0\u00bboff\u00a0\u00bb hover_enabled=\u00a0\u00bb0&Prime; sticky_enabled=\u00a0\u00bb0&Prime; title_font=\u00a0\u00bb|700|||||||\u00a0\u00bb title_font_size=\u00a0\u00bb65px\u00a0\u00bb subhead_font_size=\u00a0\u00bb26px\u00a0\u00bb][\/et_pb_fullwidth_header][\/et_pb_section][et_pb_section fb_built=\u00a0\u00bb1&Prime; _builder_version=\u00a0\u00bb4.16&Prime; _module_preset=\u00a0\u00bbdefault\u00a0\u00bb background_color=\u00a0\u00bbRGBA(0,0,0,0)\u00a0\u00bb global_colors_info=\u00a0\u00bb{}\u00a0\u00bb][et_pb_row column_structure=\u00a0\u00bb2_3,1_3&Prime; _builder_version=\u00a0\u00bb4.16&Prime; _module_preset=\u00a0\u00bbdefault\u00a0\u00bb global_colors_info=\u00a0\u00bb{}\u00a0\u00bb][et_pb_column type=\u00a0\u00bb2_3&Prime; _builder_version=\u00a0\u00bb4.16&Prime; _module_preset=\u00a0\u00bbdefault\u00a0\u00bb global_colors_info=\u00a0\u00bb{}\u00a0\u00bb][et_pb_text _builder_version=\u00a0\u00bb4.16&Prime; _module_preset=\u00a0\u00bbdefault\u00a0\u00bb text_text_color=\u00a0\u00bb#1e1e1e\u00a0\u00bb header_text_align=\u00a0\u00bbleft\u00a0\u00bb header_2_text_align=\u00a0\u00bbcenter\u00a0\u00bb header_2_text_color=\u00a0\u00bb#1e1e1e\u00a0\u00bb global_colors_info=\u00a0\u00bb{}\u00a0\u00bb]<\/p>\n<h2 style=\"text-align: left;font-weight:600;\">Nous s\u00e9lectionnons et contr\u00f4lons tous les param\u00e8tres de fabrication depuis nos installations.<\/h2>\n<p style=\"padding-top: 3%; text-align: left; padding-right: 15%;\">Nous disposons de machines de fusion par faisceau d&rsquo;\u00e9lectrons (EBM) d\u2019alliage m\u00e9talliques, le frittage laser direct des m\u00e9taux (DMLS), le frittage s\u00e9lectif au laser (SLS) et le d\u00e9p\u00f4t de fil fondu (FDM), ainsi que des proc\u00e9d\u00e9s de finition et de nettoyage des pi\u00e8ces.<\/p>\n<p>[\/et_pb_text][\/et_pb_column][et_pb_column type=\u00a0\u00bb1_3&Prime; _builder_version=\u00a0\u00bb4.16&Prime; _module_preset=\u00a0\u00bbdefault\u00a0\u00bb global_colors_info=\u00a0\u00bb{}\u00a0\u00bb][\/et_pb_column][\/et_pb_row][et_pb_row column_structure=\u00a0\u00bb1_3,1_3,1_3&Prime; use_custom_gutter=\u00a0\u00bbon\u00a0\u00bb gutter_width=\u00a0\u00bb2&Prime; _builder_version=\u00a0\u00bb4.16&Prime; _module_preset=\u00a0\u00bbdefault\u00a0\u00bb global_colors_info=\u00a0\u00bb{}\u00a0\u00bb][et_pb_column type=\u00a0\u00bb1_3&Prime; _builder_version=\u00a0\u00bb4.16&Prime; _module_preset=\u00a0\u00bbdefault\u00a0\u00bb global_colors_info=\u00a0\u00bb{}\u00a0\u00bb][et_pb_blurb title=\u00a0\u00bbFusion par faisceau d\u2019\u00e9lectrons (EBM)\u00a0\u00bb image=\u00a0\u00bbhttps:\/\/mizaradditive.com\/wp-content\/uploads\/2021\/05\/haz-electrones-300&#215;300-1.png\u00a0\u00bb alt=\u00a0\u00bbhaz-electrones-300&#215;300&Prime; module_class=\u00a0\u00bbcalcic\u00a0\u00bb _builder_version=\u00a0\u00bb4.16&Prime; _module_preset=\u00a0\u00bbdefault\u00a0\u00bb header_text_color=\u00a0\u00bb#002C61&Prime; header_font_size=\u00a0\u00bb20px\u00a0\u00bb animation=\u00a0\u00bboff\u00a0\u00bb custom_css_blurb_image=\u00a0\u00bbbackground:#f5f5f5;||width:100%;||\u00a0\u00bb border_width_all=\u00a0\u00bb1px\u00a0\u00bb border_color_all=\u00a0\u00bb#eeeeee\u00a0\u00bb global_colors_info=\u00a0\u00bb{}\u00a0\u00bb]<\/p>\n<div style=\"padding: 0 15px;\" class=\"envolsuperior\">\n<p class=\"descripcion\">Fabrication \u00e0 travers la fusion par faisceau d\u2019\u00e9lectrons d\u2019alliages m\u00e9talliques (EBM) en installation ARCAM Q10<\/p>\n<ul>\n<li>Dimensions:<br \/><span style=\"color: #1e1e1e;\">200 x 200 x 180mm<\/span><\/li>\n<li>Mat\u00e9riaux:<br \/><span style=\"color: #1e1e1e;\">Alliages Titanium Ti6Al4VELI (Degr\u00e9 23)<\/span><\/li>\n<li>Autres mat\u00e9riaux:<br \/><span style=\"color: #1e1e1e;\">Ti6Al4V (Degr\u00e9 5), Ti-Degr\u00e9 2, Chrome-Cobalt (CoCr-ASTM F75)<\/span><\/li>\n<li>Tol\u00e9rance:<br \/><span style=\"color: #1e1e1e;\">Pr\u00e9cision 0.3%(min. +\/-0,25)<br \/>Mur minimum 2 mm<\/span><\/li>\n<\/ul>\n<\/div>\n<p>[\/et_pb_blurb][\/et_pb_column][et_pb_column type=\u00a0\u00bb1_3&Prime; _builder_version=\u00a0\u00bb4.16&Prime; _module_preset=\u00a0\u00bbdefault\u00a0\u00bb global_colors_info=\u00a0\u00bb{}\u00a0\u00bb][et_pb_blurb title=\u00a0\u00bbFrittage laser direct de m\u00e9tal (DMLS)\u00a0\u00bb image=\u00a0\u00bbhttps:\/\/mizaradditive.com\/wp-content\/uploads\/2021\/05\/dmsl-300&#215;300-1.png\u00a0\u00bb alt=\u00a0\u00bbdmsl-300&#215;300&Prime; module_class=\u00a0\u00bbcalcic\u00a0\u00bb _builder_version=\u00a0\u00bb4.16&Prime; _module_preset=\u00a0\u00bbdefault\u00a0\u00bb header_text_color=\u00a0\u00bb#002C61&Prime; header_font_size=\u00a0\u00bb20px\u00a0\u00bb custom_padding=\u00a0\u00bb||||false|false\u00a0\u00bb animation=\u00a0\u00bboff\u00a0\u00bb custom_css_blurb_image=\u00a0\u00bbbackground:#f5f5f5;||width:100%;\u00a0\u00bb border_width_all=\u00a0\u00bb1px\u00a0\u00bb border_color_all=\u00a0\u00bb#eeeeee\u00a0\u00bb global_colors_info=\u00a0\u00bb{}\u00a0\u00bb]<\/p>\n<div style=\"padding: 0 15px;\" class=\"envolsuperior\">\n<p class=\"descripcion\">Fabrication par frittage laser d&rsquo;alliages m\u00e9talliques avec un EOS M290.<\/p>\n<ul>\n<li>Dimensions:<br \/>\n<span style=\"color: #1e1e1e;\">250 x 250 x 300mm<\/span><\/li>\n<li>Mat\u00e9riaux:<br \/>\n<span style=\"color: #1e1e1e;\">Alliages Base Nickel (Inconel 718)<\/span><\/li>\n<li>Autres mat\u00e9riaux:<br \/>\n<span style=\"color: #1e1e1e;\">Ti6Al4V, AlSl10Mg, Chrome-Cobalt (MP1, SP2), Acier martensitique MS1, INCO625 et Ni HX.<\/span><\/li>\n<li>Tol\u00e9rance:<br \/>\n<span style=\"color: #1e1e1e;\">Pr\u00e9cision 0,1% (min. +\/-0,2)<br \/>\nMur minimum 0,8 mm<\/span><\/li>\n<\/ul>\n<\/div>\n<p>[\/et_pb_blurb][\/et_pb_column][et_pb_column type=\u00a0\u00bb1_3&Prime; _builder_version=\u00a0\u00bb4.16&Prime; _module_preset=\u00a0\u00bbdefault\u00a0\u00bb global_colors_info=\u00a0\u00bb{}\u00a0\u00bb][et_pb_blurb title=\u00a0\u00bbCro\u00fbte Laser De Polym\u00e8res (SLS)\u00a0\u00bb image=\u00a0\u00bbhttps:\/\/mizaradditive.com\/wp-content\/uploads\/2021\/05\/dls-300&#215;300-1.png\u00a0\u00bb alt=\u00a0\u00bbdls-300&#215;300&Prime; module_class=\u00a0\u00bbcalcic\u00a0\u00bb _builder_version=\u00a0\u00bb4.16&Prime; _module_preset=\u00a0\u00bbdefault\u00a0\u00bb header_text_color=\u00a0\u00bb#002C61&Prime; header_font_size=\u00a0\u00bb20px\u00a0\u00bb animation=\u00a0\u00bboff\u00a0\u00bb custom_css_blurb_image=\u00a0\u00bbbackground:#f5f5f5;||width:100%;||\u00a0\u00bb border_width_all=\u00a0\u00bb1px\u00a0\u00bb border_color_all=\u00a0\u00bb#eeeeee\u00a0\u00bb global_colors_info=\u00a0\u00bb{}\u00a0\u00bb]<\/p>\n<div style=\"padding: 0 15px;\" class=\"envolsuperior\">\n<p class=\"descripcion\">Production par frittage laser \u00e9lectif de polym\u00e8res avec un EOS P396.<\/p>\n<ul>\n<li>Dimensions:<br \/>\n<span style=\"color: #1e1e1e;\">350 x 350 x 600mm<\/span><\/li>\n<li>Mat\u00e9riaux:<br \/>\n<span style=\"color: #1e1e1e;\">Polyamide 12 blanche<\/span><\/li>\n<li>Autres mat\u00e9riaux:<br \/>\n<span style=\"color: #1e1e1e;\">Polyamide 12 naturelle ou noire, avec un retardateur au feu et un retardateur hydrog\u00e9nateur renforc\u00e9 avec du verre, aluminium ou carbone<br \/>\nPolyamide 11 translucide ou translucide noire<br \/>\nPolystyr\u00e8ne<\/span><\/li>\n<li>Tol\u00e9rance:<br \/>\n<span style=\"color: #1e1e1e;\">Pr\u00e9cision 0,1% (min +\/-0,1)<br \/>\nMur minimum 0,3 mm<\/span><\/li>\n<\/ul>\n<\/div>\n<p>[\/et_pb_blurb][\/et_pb_column][\/et_pb_row][et_pb_row column_structure=\u00a0\u00bb1_3,1_3,1_3&Prime; use_custom_gutter=\u00a0\u00bbon\u00a0\u00bb gutter_width=\u00a0\u00bb2&Prime; _builder_version=\u00a0\u00bb4.16&Prime; _module_preset=\u00a0\u00bbdefault\u00a0\u00bb global_colors_info=\u00a0\u00bb{}\u00a0\u00bb][et_pb_column type=\u00a0\u00bb1_3&Prime; _builder_version=\u00a0\u00bb4.16&Prime; _module_preset=\u00a0\u00bbdefault\u00a0\u00bb global_colors_info=\u00a0\u00bb{}\u00a0\u00bb][et_pb_blurb title=\u00a0\u00bbMod\u00e9lisation par d\u00e9p\u00f4t en fusion (FDM)\u00a0\u00bb image=\u00a0\u00bbhttps:\/\/mizaradditive.com\/wp-content\/uploads\/2021\/05\/fdm-300&#215;300-1.png\u00a0\u00bb alt=\u00a0\u00bbfdm-300&#215;300&Prime; module_class=\u00a0\u00bbcalcic\u00a0\u00bb _builder_version=\u00a0\u00bb4.16&Prime; _module_preset=\u00a0\u00bbdefault\u00a0\u00bb header_text_color=\u00a0\u00bb#002C61&Prime; header_font_size=\u00a0\u00bb20px\u00a0\u00bb custom_padding=\u00a0\u00bb||||false|false\u00a0\u00bb animation=\u00a0\u00bboff\u00a0\u00bb custom_css_blurb_image=\u00a0\u00bbbackground:#f5f5f5;||width:100%;\u00a0\u00bb border_width_all=\u00a0\u00bb1px\u00a0\u00bb border_color_all=\u00a0\u00bb#eeeeee\u00a0\u00bb global_colors_info=\u00a0\u00bb{}\u00a0\u00bb]<\/p>\n<div style=\"padding: 0 15px;\" class=\"envolinferior\">\n<p class=\"descripcioninf\">Fabrication par la d\u00e9position fondue de plastiques techniques dans des installations Fortus 400 et Fortus 900.<\/p>\n<ul>\n<li>Dimensions Fortus 400:<br \/>\n<span style=\"color: #1e1e1e;\">406 x 355 x 406mm<\/span><\/li>\n<li>Dimensions Fortus 900:<br \/>\n<span style=\"color: #1e1e1e;\">Alliages Base Nickel (Inconel 718)<\/span><\/li>\n<li>Mat\u00e9riaux:<br \/>\n<span style=\"color: #1e1e1e;\">ASA, ABS (ABS i, ABS M30, ABS M30i, ESD7).<br \/>\nPC, PC-ABS ET PC-ISO<br \/>\nULTEM 9085<br \/>\nULTEM 1010<br \/>\nPPSF<br \/>\nNylon 12<\/span><\/li>\n<li>Tol\u00e9rance:<br \/>\n<span style=\"color: #1e1e1e;\">Pr\u00e9cision 0,1% (min+\/- 0,13)<br \/>\nMur minimum: 0,5 mm<\/span><\/li>\n<\/ul>\n<\/div>\n<p>[\/et_pb_blurb][\/et_pb_column][et_pb_column type=\u00a0\u00bb1_3&Prime; _builder_version=\u00a0\u00bb4.16&Prime; _module_preset=\u00a0\u00bbdefault\u00a0\u00bb global_colors_info=\u00a0\u00bb{}\u00a0\u00bb][et_pb_blurb title=\u00a0\u00bbJet de mat\u00e9riaux\u00a0\u00bb image=\u00a0\u00bbhttps:\/\/mizaradditive.com\/wp-content\/uploads\/2021\/05\/NuevaJ750-300&#215;300-1.png\u00a0\u00bb alt=\u00a0\u00bbNuevaJ750-300&#215;300&Prime; module_class=\u00a0\u00bbcalcic\u00a0\u00bb _builder_version=\u00a0\u00bb4.16&Prime; _module_preset=\u00a0\u00bbdefault\u00a0\u00bb header_text_color=\u00a0\u00bb#002C61&Prime; header_font_size=\u00a0\u00bb20px\u00a0\u00bb custom_padding=\u00a0\u00bb||||false|false\u00a0\u00bb animation=\u00a0\u00bboff\u00a0\u00bb custom_css_blurb_image=\u00a0\u00bbbackground:#f5f5f5;||width:100%;\u00a0\u00bb border_width_all=\u00a0\u00bb1px\u00a0\u00bb border_color_all=\u00a0\u00bb#eeeeee\u00a0\u00bb global_colors_info=\u00a0\u00bb{}\u00a0\u00bb]<\/p>\n<div style=\"padding: 0 15px;\" class=\"envolinferior\">\n<p class=\"descripcioninf\">Nous utilisons l&rsquo;Objet 500 Connex3 pour produire des composants par jet de mati\u00e8re.<\/p>\n<ul>\n<li>Mat\u00e9riaux:<br \/>\n<span style=\"color: #1e1e1e;\">Vari\u00e9t\u00e9 de couleurs et intensit\u00e9 et degr\u00e9 de transparence<br \/>\nMat\u00e9riaux en caoutchouc avec diff\u00e9rentes valeurs Shore A<br \/>\nTonalit\u00e9s de couleurs translucides<\/span><\/li>\n<li>Dimensions:<br \/>\n<span style=\"color: #1e1e1e;\">490x390x200 mm<\/span><\/li>\n<li>Tol\u00e9rance:<br \/>\n<span style=\"color: #1e1e1e;\">Pr\u00e9cision: jusqu&rsquo;\u00e0 200 microns pour la taille du mod\u00e8le complet<br \/>\nImprimez des couches jusqu&rsquo;\u00e0 14 microns<\/span><\/li>\n<\/ul>\n<\/div>\n<p>[\/et_pb_blurb][\/et_pb_column][et_pb_column type=\u00a0\u00bb1_3&Prime; _builder_version=\u00a0\u00bb4.16&Prime; _module_preset=\u00a0\u00bbdefault\u00a0\u00bb global_colors_info=\u00a0\u00bb{}\u00a0\u00bb][et_pb_blurb title=\u00a0\u00bbProcessus de finition et de nettoyage\u00a0\u00bb image=\u00a0\u00bbhttps:\/\/mizaradditive.com\/wp-content\/uploads\/2021\/05\/limpieza-KKS-ulrtr-300&#215;300-removebg-preview.png\u00a0\u00bb alt=\u00a0\u00bbfdm-300&#215;300&Prime; module_class=\u00a0\u00bbcalcic\u00a0\u00bb _builder_version=\u00a0\u00bb4.16&Prime; _module_preset=\u00a0\u00bbdefault\u00a0\u00bb header_text_color=\u00a0\u00bb#002C61&Prime; header_font_size=\u00a0\u00bb20px\u00a0\u00bb custom_padding=\u00a0\u00bb||||false|false\u00a0\u00bb animation=\u00a0\u00bboff\u00a0\u00bb custom_css_blurb_image=\u00a0\u00bbbackground:#f5f5f5;||width:100%;\u00a0\u00bb border_width_all=\u00a0\u00bb1px\u00a0\u00bb border_color_all=\u00a0\u00bb#eeeeee\u00a0\u00bb global_colors_info=\u00a0\u00bb{}\u00a0\u00bb]<\/p>\n<div style=\"padding: 0 15px;\" class=\"envolinferior\">\n<p class=\"descripcioninf\">Nous r\u00e9alisons des processus additionnels n\u00e9cessaires pour compl\u00e9ter la fabrication des pi\u00e8ces jusqu\u2019\u00e0 leur \u00e9tat final. En plus d\u2019un nettoyage \u2013 d\u00e9contamination manuel sp\u00e9cifique en suivant des processus valid\u00e9s pour assurer une qualit\u00e9 qui permettra au client sa st\u00e9rilisation pr\u00e9alable \u00e0 l\u2019utilisation.<\/p>\n<ul>\n<li>Processus de finition:<br \/>\n<span style=\"color: #1e1e1e;\">Shot Peening avec acier ou perle de verre.<br \/>\nBlasting avec corindon.<br \/>\nPolissages avec diff\u00e9rents abrasifs.<br \/>\nV\u00e9rification dimensionnelle.<br \/>\n<\/span><\/li>\n<li>Processus de nettoyage:<br \/>\n<span style=\"color: #1e1e1e;\">Rin\u00e7age et nettoyage pr\u00e9liminaire<br \/>\nBains chauds avec vibration ultrasonique.<br \/>\nBains d\u2019eau courante ou d\u00e9min\u00e9ralis\u00e9e<\/span><\/li>\n<\/ul>\n<\/div>\n<p>[\/et_pb_blurb][\/et_pb_column][\/et_pb_row][\/et_pb_section][et_pb_section fb_built=\u00a0\u00bb1&Prime; disabled_on=\u00a0\u00bbon|on|on\u00a0\u00bb _builder_version=\u00a0\u00bb4.16&Prime; _module_preset=\u00a0\u00bbdefault\u00a0\u00bb background_color=\u00a0\u00bb#f5f5f5&Prime; disabled=\u00a0\u00bbon\u00a0\u00bb global_colors_info=\u00a0\u00bb{}\u00a0\u00bb][et_pb_row _builder_version=\u00a0\u00bb4.16&Prime; _module_preset=\u00a0\u00bbdefault\u00a0\u00bb global_colors_info=\u00a0\u00bb{}\u00a0\u00bb][et_pb_column type=\u00a0\u00bb4_4&Prime; _builder_version=\u00a0\u00bb4.16&Prime; _module_preset=\u00a0\u00bbdefault\u00a0\u00bb global_colors_info=\u00a0\u00bb{}\u00a0\u00bb][et_pb_text _builder_version=\u00a0\u00bb4.16&Prime; _module_preset=\u00a0\u00bbdefault\u00a0\u00bb header_2_font=\u00a0\u00bb|800|||||||\u00a0\u00bb header_2_text_color=\u00a0\u00bb#002c61&Prime; header_2_font_size=\u00a0\u00bb42px\u00a0\u00bb global_colors_info=\u00a0\u00bb{}\u00a0\u00bb]<\/p>\n<h2 class=\"h2subtitle\">PROCESSUS DE FINITION<\/h2>\n<p>[\/et_pb_text][\/et_pb_column][\/et_pb_row][et_pb_row column_structure=\u00a0\u00bb1_3,1_3,1_3&Prime; _builder_version=\u00a0\u00bb4.16&Prime; _module_preset=\u00a0\u00bbdefault\u00a0\u00bb global_colors_info=\u00a0\u00bb{}\u00a0\u00bb][et_pb_column type=\u00a0\u00bb1_3&Prime; _builder_version=\u00a0\u00bb4.16&Prime; _module_preset=\u00a0\u00bbdefault\u00a0\u00bb global_colors_info=\u00a0\u00bb{}\u00a0\u00bb][et_pb_blurb title=\u00a0\u00bbCONCEPTION\u00a0\u00bb image=\u00a0\u00bbhttps:\/\/mizaradditive.com\/wp-content\/uploads\/2021\/07\/diseno-img.webp\u00a0\u00bb alt=\u00a0\u00bbdiseno img\u00a0\u00bb content_max_width=\u00a0\u00bb100%\u00a0\u00bb module_class=\u00a0\u00bbcardbox\u00a0\u00bb _builder_version=\u00a0\u00bb4.16&Prime; _module_preset=\u00a0\u00bbdefault\u00a0\u00bb background_color=\u00a0\u00bb#FFFFFF\u00a0\u00bb min_height=\u00a0\u00bb470px\u00a0\u00bb custom_css_blurb_title=\u00a0\u00bbpadding:5%\u00a0\u00bb global_colors_info=\u00a0\u00bb{}\u00a0\u00bb]<\/p>\n<p style=\"padding: 0 5% 5% 5%;\">Nous r\u00e9pondons aux besoins et sp\u00e9cifications d\u00e9taill\u00e9s de chaque \u00e9l\u00e9ment depuis la premi\u00e8re d\u00e9finition conceptuelle jusqu\u2019\u00e0 la conception d\u00e9taill\u00e9e et la simulation de prototypes.<\/p>\n<p>[\/et_pb_blurb][\/et_pb_column][et_pb_column type=\u00a0\u00bb1_3&Prime; _builder_version=\u00a0\u00bb4.16&Prime; _module_preset=\u00a0\u00bbdefault\u00a0\u00bb global_colors_info=\u00a0\u00bb{}\u00a0\u00bb][et_pb_blurb title=\u00a0\u00bbV\u00c9RIFICATION\u00a0\u00bb image=\u00a0\u00bbhttps:\/\/mizaradditive.com\/wp-content\/uploads\/2021\/07\/medicion-img.webp\u00a0\u00bb alt=\u00a0\u00bbmedicion img\u00a0\u00bb content_max_width=\u00a0\u00bb100%\u00a0\u00bb module_class=\u00a0\u00bbcardbox\u00a0\u00bb _builder_version=\u00a0\u00bb4.16&Prime; _module_preset=\u00a0\u00bbdefault\u00a0\u00bb background_color=\u00a0\u00bb#FFFFFF\u00a0\u00bb min_height=\u00a0\u00bb470px\u00a0\u00bb custom_css_blurb_title=\u00a0\u00bbpadding:5%\u00a0\u00bb global_colors_info=\u00a0\u00bb{}\u00a0\u00bb]<\/p>\n<p style=\"padding: 0 5% 5% 5%;\"><span>Nous effectuons toutes les mesures et tous les tests pour nous assurer que la pi\u00e8ce r\u00e9pond \u00e0 toutes les sp\u00e9cifications.<\/span><\/p>\n<p style=\"padding: 0 5% 5% 5%;\">[\/et_pb_blurb][\/et_pb_column][et_pb_column type=\u00a0\u00bb1_3&Prime; _builder_version=\u00a0\u00bb4.16&Prime; _module_preset=\u00a0\u00bbdefault\u00a0\u00bb global_colors_info=\u00a0\u00bb{}\u00a0\u00bb][et_pb_blurb title=\u00a0\u00bbVALIDATION\u00a0\u00bb image=\u00a0\u00bbhttps:\/\/mizaradditive.com\/wp-content\/uploads\/2021\/07\/validacion-img.webp\u00a0\u00bb alt=\u00a0\u00bbvalidacion img\u00a0\u00bb content_max_width=\u00a0\u00bb100%\u00a0\u00bb module_class=\u00a0\u00bbcardbox\u00a0\u00bb _builder_version=\u00a0\u00bb4.16&Prime; _module_preset=\u00a0\u00bbdefault\u00a0\u00bb background_color=\u00a0\u00bb#FFFFFF\u00a0\u00bb min_height=\u00a0\u00bb470px\u00a0\u00bb custom_css_blurb_title=\u00a0\u00bbpadding:5%\u00a0\u00bb global_colors_info=\u00a0\u00bb{}\u00a0\u00bb]<\/p>\n<p style=\"padding: 0 5% 5% 5%;\"><span>Nous nous appuyons sur la d\u00e9monstration d\u2019effectivit\u00e9 de la solution de fabrication additive produite.<\/span><\/p>\n<p style=\"padding: 0 5% 5% 5%;\">[\/et_pb_blurb][\/et_pb_column][\/et_pb_row][et_pb_row column_structure=\u00a0\u00bb1_3,1_3,1_3&Prime; _builder_version=\u00a0\u00bb4.16&Prime; _module_preset=\u00a0\u00bbdefault\u00a0\u00bb global_colors_info=\u00a0\u00bb{}\u00a0\u00bb][et_pb_column type=\u00a0\u00bb1_3&Prime; _builder_version=\u00a0\u00bb4.16&Prime; _module_preset=\u00a0\u00bbdefault\u00a0\u00bb global_colors_info=\u00a0\u00bb{}\u00a0\u00bb][et_pb_blurb title=\u00a0\u00bbPOST-TRAITEMENT\u00a0\u00bb image=\u00a0\u00bbhttps:\/\/mizaradditive.com\/wp-content\/uploads\/2021\/07\/post-tratamiento-img.webp\u00a0\u00bb alt=\u00a0\u00bbpost tratamiento img\u00a0\u00bb content_max_width=\u00a0\u00bb100%\u00a0\u00bb module_class=\u00a0\u00bbcardbox\u00a0\u00bb _builder_version=\u00a0\u00bb4.16&Prime; _module_preset=\u00a0\u00bbdefault\u00a0\u00bb background_color=\u00a0\u00bb#FFFFFF\u00a0\u00bb min_height=\u00a0\u00bb470px\u00a0\u00bb custom_css_blurb_title=\u00a0\u00bbpadding:5%\u00a0\u00bb locked=\u00a0\u00bboff\u00a0\u00bb global_colors_info=\u00a0\u00bb{}\u00a0\u00bb]<\/p>\n<p style=\"padding: 0 5% 5% 5%;\"><span>La phase de post-traitement nous permet de garantir des propri\u00e9t\u00e9s telles que la qualit\u00e9 de la surface, la pr\u00e9cision g\u00e9om\u00e9trique ou des propri\u00e9t\u00e9s m\u00e9caniques appropri\u00e9es.<\/span><\/p>\n<p>&nbsp;<\/p>\n<p>[\/et_pb_blurb][\/et_pb_column][et_pb_column type=\u00a0\u00bb1_3&Prime; _builder_version=\u00a0\u00bb4.16&Prime; _module_preset=\u00a0\u00bbdefault\u00a0\u00bb global_colors_info=\u00a0\u00bb{}\u00a0\u00bb][et_pb_text _builder_version=\u00a0\u00bb4.16&Prime; _module_preset=\u00a0\u00bbdefault\u00a0\u00bb global_colors_info=\u00a0\u00bb{}\u00a0\u00bb]<\/p>\n<div class=\"contenedor\">\n<div class=\"superior\">\n<h2 style=\"color: #0082bf;\">LA FABRICATION ADDITIVE<\/h2>\n<p>Projets de design (conceptuel, simulation fonctionnelle, pr\u00e9s\u00e9rie,&#8230;), fabrication additive en s\u00e9rie, conseil et formation. Nous sommes votre partenaire en mati\u00e8re de technologie additive.<\/p>\n<\/div>\n<div class=\"inferior\"><a class=\"btnfa\" href=\"https:\/\/mizaradditive.com\/fr\/contactez\/\">Contactez<\/a><\/div>\n<\/div>\n<p>[\/et_pb_text][\/et_pb_column][et_pb_column type=\u00a0\u00bb1_3&Prime; _builder_version=\u00a0\u00bb4.16&Prime; _module_preset=\u00a0\u00bbdefault\u00a0\u00bb global_colors_info=\u00a0\u00bb{}\u00a0\u00bb][\/et_pb_column][\/et_pb_row][\/et_pb_section][et_pb_section fb_built=\u00a0\u00bb1&Prime; fullwidth=\u00a0\u00bbon\u00a0\u00bb module_class=\u00a0\u00bbtiddifudge\u00a0\u00bb _builder_version=\u00a0\u00bb4.16&Prime; _module_preset=\u00a0\u00bbdefault\u00a0\u00bb global_colors_info=\u00a0\u00bb{}\u00a0\u00bb][et_pb_fullwidth_header subhead=\u00a0\u00bbVoulez-vous conna\u00eetre le Parc des Machines ? Visitez-nous \u00e0\u00a0\u00bb text_orientation=\u00a0\u00bbcenter\u00a0\u00bb button_one_text=\u00a0\u00bbContactez\u00a0\u00bb button_one_url=\u00a0\u00bbhttps:\/\/mizaradditive.com\/fr\/contactez\/\u00a0\u00bb _builder_version=\u00a0\u00bb4.16&Prime; _module_preset=\u00a0\u00bbdefault\u00a0\u00bb title_text_align=\u00a0\u00bbcenter\u00a0\u00bb subhead_font_size=\u00a0\u00bb30px\u00a0\u00bb subhead_line_height=\u00a0\u00bb1.3em\u00a0\u00bb background_enable_color=\u00a0\u00bboff\u00a0\u00bb background_image=\u00a0\u00bbhttps:\/\/mizaradditive.com\/wp-content\/uploads\/2021\/05\/nosotros.jpg\u00a0\u00bb custom_button_one=\u00a0\u00bbon\u00a0\u00bb button_one_bg_color=\u00a0\u00bb#0082BF\u00a0\u00bb button_one_border_width=\u00a0\u00bb0px\u00a0\u00bb button_one_custom_margin=\u00a0\u00bb||||true|true\u00a0\u00bb global_colors_info=\u00a0\u00bb{}\u00a0\u00bb][\/et_pb_fullwidth_header][\/et_pb_section]<\/p>\n","protected":false},"excerpt":{"rendered":"<p>Nous s\u00e9lectionnons et contr\u00f4lons tous les param\u00e8tres de fabrication depuis nos installations. Nous disposons de machines de fusion par faisceau d&rsquo;\u00e9lectrons (EBM) d\u2019alliage m\u00e9talliques, le frittage laser direct des m\u00e9taux (DMLS), le frittage s\u00e9lectif au laser (SLS) et le d\u00e9p\u00f4t de fil fondu (FDM), ainsi que des proc\u00e9d\u00e9s de finition et de nettoyage des pi\u00e8ces.<a class=\"moretag\" \n href=\"https:\/\/mizaradditive.com\/fr\/capacites\/\"> Ver m\u00e1s<\/a><\/p>\n","protected":false},"author":5,"featured_media":10688,"parent":0,"menu_order":0,"comment_status":"closed","ping_status":"closed","template":"","meta":{"_et_pb_use_builder":"on","_et_pb_old_content":"","_et_gb_content_width":"","footnotes":""},"categories":[],"tags":[],"class_list":["post-7404","page","type-page","status-publish","has-post-thumbnail","hentry"],"_links":{"self":[{"href":"https:\/\/mizaradditive.com\/fr\/wp-json\/wp\/v2\/pages\/7404","targetHints":{"allow":["GET"]}}],"collection":[{"href":"https:\/\/mizaradditive.com\/fr\/wp-json\/wp\/v2\/pages"}],"about":[{"href":"https:\/\/mizaradditive.com\/fr\/wp-json\/wp\/v2\/types\/page"}],"author":[{"embeddable":true,"href":"https:\/\/mizaradditive.com\/fr\/wp-json\/wp\/v2\/users\/5"}],"replies":[{"embeddable":true,"href":"https:\/\/mizaradditive.com\/fr\/wp-json\/wp\/v2\/comments?post=7404"}],"version-history":[{"count":5,"href":"https:\/\/mizaradditive.com\/fr\/wp-json\/wp\/v2\/pages\/7404\/revisions"}],"predecessor-version":[{"id":14868,"href":"https:\/\/mizaradditive.com\/fr\/wp-json\/wp\/v2\/pages\/7404\/revisions\/14868"}],"wp:featuredmedia":[{"embeddable":true,"href":"https:\/\/mizaradditive.com\/fr\/wp-json\/wp\/v2\/media\/10688"}],"wp:attachment":[{"href":"https:\/\/mizaradditive.com\/fr\/wp-json\/wp\/v2\/media?parent=7404"}],"wp:term":[{"taxonomy":"category","embeddable":true,"href":"https:\/\/mizaradditive.com\/fr\/wp-json\/wp\/v2\/categories?post=7404"},{"taxonomy":"post_tag","embeddable":true,"href":"https:\/\/mizaradditive.com\/fr\/wp-json\/wp\/v2\/tags?post=7404"}],"curies":[{"name":"wp","href":"https:\/\/api.w.org\/{rel}","templated":true}]}}