{"id":7401,"date":"2021-07-08T07:43:20","date_gmt":"2021-07-08T07:43:20","guid":{"rendered":"https:\/\/stag.mizaradditive.tech\/applications\/"},"modified":"2022-03-02T10:38:20","modified_gmt":"2022-03-02T09:38:20","slug":"applications","status":"publish","type":"page","link":"https:\/\/mizaradditive.com\/fr\/applications\/","title":{"rendered":"Applications"},"content":{"rendered":"<p>[et_pb_section fb_built=\u00a0\u00bb1&Prime; fullwidth=\u00a0\u00bbon\u00a0\u00bb module_class=\u00a0\u00bbtiddifudge\u00a0\u00bb _builder_version=\u00a0\u00bb4.9.4&Prime; _module_preset=\u00a0\u00bbdefault\u00a0\u00bb global_colors_info=\u00a0\u00bb{}\u00a0\u00bb][et_pb_fullwidth_code _builder_version=\u00a0\u00bb4.14.8&Prime; _module_preset=\u00a0\u00bbdefault\u00a0\u00bb background_color=\u00a0\u00bbRGBA(0,0,0,0)\u00a0\u00bb background_image=\u00a0\u00bbhttps:\/\/mizaradditive.com\/wp-content\/uploads\/2021\/12\/BG_Cabecera_Sectores_img.webp\u00a0\u00bb custom_padding=\u00a0\u00bb10%|10%|10%|10%|true|true\u00a0\u00bb custom_padding_tablet=\u00a0\u00bb15%||15%||true|false\u00a0\u00bb custom_padding_phone=\u00a0\u00bb20%||20%||true|false\u00a0\u00bb custom_padding_last_edited=\u00a0\u00bbon|phone\u00a0\u00bb hover_enabled=\u00a0\u00bb0&Prime; global_colors_info=\u00a0\u00bb{}\u00a0\u00bb alt=\u00a0\u00bbBG_Cabecera_Sectores_img\u00a0\u00bb title_text=\u00a0\u00bbBG_Cabecera_Sectores_img\u00a0\u00bb sticky_enabled=\u00a0\u00bb0&Prime;]<!-- [et_pb_line_break_holder] --><\/p>\n<div style=\"text-align: LEFT;\"><!-- [et_pb_line_break_holder] --><!-- [et_pb_line_break_holder] --><!-- [et_pb_line_break_holder] --><\/p>\n<h1 class=\"h1title\"><!-- [et_pb_line_break_holder] -->SECTEURS D&rsquo;APPLICATION DE LA FABRICATION ADDITIVE<!-- [et_pb_line_break_holder] --><\/h1>\n<p><!-- [et_pb_line_break_holder] --><!-- [et_pb_line_break_holder] --><!-- [et_pb_line_break_holder] --><\/p>\n<h2 style=\"font-size: 2.5em; color: white; font-family: 'Open Sans'; opacity: 0.76;\"><!-- [et_pb_line_break_holder] --> A\u00e9rospatial | Industrie | Transport | GIC<!-- [et_pb_line_break_holder] --><\/h2>\n<p><!-- [et_pb_line_break_holder] --><!-- [et_pb_line_break_holder] --><\/div>\n<p><!-- [et_pb_line_break_holder] --><!-- [et_pb_line_break_holder] --><!-- [et_pb_line_break_holder] -->[\/et_pb_fullwidth_code][\/et_pb_section][et_pb_section fb_built=\u00a0\u00bb1&Prime; _builder_version=\u00a0\u00bb4.14.4&Prime; _module_preset=\u00a0\u00bbdefault\u00a0\u00bb custom_padding=\u00a0\u00bb10px||0.2%||false|false\u00a0\u00bb global_colors_info=\u00a0\u00bb{}\u00a0\u00bb][et_pb_row _builder_version=\u00a0\u00bb4.9.4&Prime; _module_preset=\u00a0\u00bbdefault\u00a0\u00bb custom_margin=\u00a0\u00bb|auto|-21px|auto||\u00a0\u00bb custom_padding=\u00a0\u00bb0px|||||\u00a0\u00bb global_colors_info=\u00a0\u00bb{}\u00a0\u00bb][et_pb_column type=\u00a0\u00bb4_4&Prime; _builder_version=\u00a0\u00bb4.9.4&Prime; _module_preset=\u00a0\u00bbdefault\u00a0\u00bb global_colors_info=\u00a0\u00bb{}\u00a0\u00bb][et_pb_text _builder_version=\u00a0\u00bb4.14.2&Prime; _module_preset=\u00a0\u00bbdefault\u00a0\u00bb text_font=\u00a0\u00bbOpen Sans||||||||\u00a0\u00bb text_text_color=\u00a0\u00bb#1e1e1e\u00a0\u00bb text_line_height=\u00a0\u00bb1.9em\u00a0\u00bb header_2_text_align=\u00a0\u00bbcenter\u00a0\u00bb header_2_text_color=\u00a0\u00bb#1e1e1e\u00a0\u00bb min_height=\u00a0\u00bb68.8px\u00a0\u00bb custom_margin=\u00a0\u00bb24px|||||\u00a0\u00bb custom_padding=\u00a0\u00bb1px|||||\u00a0\u00bb global_colors_info=\u00a0\u00bb{}\u00a0\u00bb]<\/p>\n<p class=\"intro-text\">Notre \u00e9quipe professionnelle et machinerie de derni\u00e8re g\u00e9n\u00e9ration nous permet d\u2019offrir un service sp\u00e9cialis\u00e9 dans la conception et la production de composants selon les besoins de son secteur.<\/p>\n<div class=\"row\">\n<div class=\"applications flexo\">\n<div class=\"col-xs-12 col-ms-6 flexo\">\u00a0<\/div>\n<\/div>\n<\/div>\n<p>[\/et_pb_text][\/et_pb_column][\/et_pb_row][\/et_pb_section][et_pb_section fb_built=\u00a0\u00bb1&Prime; _builder_version=\u00a0\u00bb4.14.4&Prime; _module_preset=\u00a0\u00bbdefault\u00a0\u00bb min_height=\u00a0\u00bb828px\u00a0\u00bb custom_padding=\u00a0\u00bb30px||0px|||\u00a0\u00bb global_colors_info=\u00a0\u00bb{}\u00a0\u00bb][et_pb_row column_structure=\u00a0\u00bb1_2,1_2&Prime; _builder_version=\u00a0\u00bb4.14.2&Prime; _module_preset=\u00a0\u00bbdefault\u00a0\u00bb custom_margin=\u00a0\u00bb|auto|0px|auto|false|false\u00a0\u00bb custom_padding=\u00a0\u00bb15px||15px|||\u00a0\u00bb global_colors_info=\u00a0\u00bb{}\u00a0\u00bb][et_pb_column type=\u00a0\u00bb1_2&Prime; _builder_version=\u00a0\u00bb4.14.2&Prime; _module_preset=\u00a0\u00bbdefault\u00a0\u00bb global_colors_info=\u00a0\u00bb{}\u00a0\u00bb][et_pb_blurb title=\u00a0\u00bbAEROESPACIAL\u00a0\u00bb url=\u00a0\u00bbhttps:\/\/mizaradditive.com\/fr\/fabrication-additive-aerospatiale\/\u00a0\u00bb image_icon_background_color=\u00a0\u00bbrgba(255,255,255,0)\u00a0\u00bb image=\u00a0\u00bbhttps:\/\/mizaradditive.com\/wp-content\/uploads\/2021\/12\/plane_icon.svg\u00a0\u00bb alt=\u00a0\u00bbtransporte\u00a0\u00bb image_icon_width=\u00a0\u00bb30%\u00a0\u00bb _builder_version=\u00a0\u00bb4.14.5&Prime; _module_preset=\u00a0\u00bbdefault\u00a0\u00bb header_level=\u00a0\u00bbh3&Prime; header_font=\u00a0\u00bbMontserrat|700|||||||\u00a0\u00bb header_font_size=\u00a0\u00bb28px\u00a0\u00bb body_text_align=\u00a0\u00bbleft\u00a0\u00bb background_color=\u00a0\u00bb#f5f5f5&Prime; width=\u00a0\u00bb508px\u00a0\u00bb min_height=\u00a0\u00bb300px\u00a0\u00bb custom_margin=\u00a0\u00bb|60px|||false|false\u00a0\u00bb custom_padding=\u00a0\u00bb4%|4%|4%|4%|true|true\u00a0\u00bb link_option_url=\u00a0\u00bbhttps:\/\/mizaradditive.com\/fr\/fabrication-additive-aerospatiale\/\u00a0\u00bb custom_css_main_element=\u00a0\u00bbtransition: color 300ms ease 0ms,background-color 300ms ease 0ms,background-image 300ms ease 0ms;\u00a0\u00bb global_colors_info=\u00a0\u00bb{}\u00a0\u00bb background_layout__hover_enabled=\u00a0\u00bbon|hover\u00a0\u00bb background_layout__hover=\u00a0\u00bbdark\u00a0\u00bb child_mix_blend_mode__hover_enabled=\u00a0\u00bbon|hover\u00a0\u00bb child_mix_blend_mode__hover=\u00a0\u00bbcolor\u00a0\u00bb image__hover_enabled=\u00a0\u00bbon|hover\u00a0\u00bb image__hover=\u00a0\u00bbhttps:\/\/mizaradditive.com\/wp-content\/uploads\/2022\/01\/plane_icon_white.svg\u00a0\u00bb]<\/p>\n<p style=\"padding: 1% 5%;\">Chez Mizar nous avons une grande exp\u00e9rience dans le secteur a\u00e9rospatial que nous mettons \u00e0 votre disposition pour cr\u00e9er et fabriquer tout genre de composants par fabrication additive.<\/p>\n<p>[\/et_pb_blurb][\/et_pb_column][et_pb_column type=\u00a0\u00bb1_2&Prime; _builder_version=\u00a0\u00bb4.14.2&Prime; _module_preset=\u00a0\u00bbdefault\u00a0\u00bb global_colors_info=\u00a0\u00bb{}\u00a0\u00bb][et_pb_blurb title=\u00a0\u00bbINDUSTRIEL \u00a0\u00bb url=\u00a0\u00bbhttps:\/\/mizaradditive.com\/fr\/secteur-industriel\/\u00a0\u00bb image=\u00a0\u00bbhttps:\/\/mizaradditive.com\/wp-content\/uploads\/2021\/12\/industry_icon.svg\u00a0\u00bb alt=\u00a0\u00bbindustrial\u00a0\u00bb image_icon_width=\u00a0\u00bb30%\u00a0\u00bb _builder_version=\u00a0\u00bb4.14.5&Prime; _module_preset=\u00a0\u00bbdefault\u00a0\u00bb header_level=\u00a0\u00bbh3&Prime; header_font=\u00a0\u00bbMontserrat|700|||||||\u00a0\u00bb header_font_size=\u00a0\u00bb28px\u00a0\u00bb body_text_align=\u00a0\u00bbleft\u00a0\u00bb background_color=\u00a0\u00bb#f5f5f5&Prime; width=\u00a0\u00bb508px\u00a0\u00bb min_height=\u00a0\u00bb300px\u00a0\u00bb custom_margin=\u00a0\u00bb|60px|17px||false|false\u00a0\u00bb custom_padding=\u00a0\u00bb4%|4%|8.8%|4%|false|true\u00a0\u00bb link_option_url=\u00a0\u00bbhttps:\/\/mizaradditive.com\/fr\/secteur-industriel\/\u00a0\u00bb custom_css_main_element=\u00a0\u00bbtransition: color 300ms ease 0ms,background-color 300ms ease 0ms,background-image 300ms ease 0ms;\u00a0\u00bb locked=\u00a0\u00bboff\u00a0\u00bb global_colors_info=\u00a0\u00bb{}\u00a0\u00bb background_layout__hover_enabled=\u00a0\u00bbon|hover\u00a0\u00bb background_layout__hover=\u00a0\u00bbdark\u00a0\u00bb image__hover_enabled=\u00a0\u00bbon|hover\u00a0\u00bb image__hover=\u00a0\u00bbhttps:\/\/mizaradditive.com\/wp-content\/uploads\/2022\/01\/industry_icon_White.svg\u00a0\u00bb]<\/p>\n<p style=\"padding: 1% 5%;\">Nous d\u00e9veloppons des solutions personnalis\u00e9es pour le secteur d\u2019automobilisme et des transports, d\u2019ing\u00e9nierie ou d\u2019architecture, etc.<\/p>\n<p style=\"padding: 1% 5%;\">\u00a0<\/p>\n<p>[\/et_pb_blurb][\/et_pb_column][\/et_pb_row][et_pb_row column_structure=\u00a0\u00bb1_2,1_2&Prime; _builder_version=\u00a0\u00bb4.14.4&Prime; _module_preset=\u00a0\u00bbdefault\u00a0\u00bb custom_margin=\u00a0\u00bb|auto|2px|auto||\u00a0\u00bb custom_padding=\u00a0\u00bb||29px|||\u00a0\u00bb locked=\u00a0\u00bboff\u00a0\u00bb global_colors_info=\u00a0\u00bb{}\u00a0\u00bb][et_pb_column type=\u00a0\u00bb1_2&Prime; _builder_version=\u00a0\u00bb4.14.2&Prime; _module_preset=\u00a0\u00bbdefault\u00a0\u00bb global_colors_info=\u00a0\u00bb{}\u00a0\u00bb][et_pb_blurb title=\u00a0\u00bbTRANSPORTE\u00a0\u00bb url_new_window=\u00a0\u00bbon\u00a0\u00bb image=\u00a0\u00bbhttps:\/\/mizaradditive.com\/wp-content\/uploads\/2021\/12\/transport_icon.svg\u00a0\u00bb alt=\u00a0\u00bbtransporte\u00a0\u00bb image_icon_width=\u00a0\u00bb30%\u00a0\u00bb _builder_version=\u00a0\u00bb4.14.5&Prime; _module_preset=\u00a0\u00bbdefault\u00a0\u00bb header_level=\u00a0\u00bbh3&Prime; header_font=\u00a0\u00bbMontserrat|700|||||||\u00a0\u00bb header_font_size=\u00a0\u00bb28px\u00a0\u00bb body_text_align=\u00a0\u00bbleft\u00a0\u00bb background_color=\u00a0\u00bb#f5f5f5&Prime; width=\u00a0\u00bb508px\u00a0\u00bb min_height=\u00a0\u00bb300px\u00a0\u00bb custom_margin=\u00a0\u00bb|60px|||false|false\u00a0\u00bb custom_padding=\u00a0\u00bb4%|4%|4%|4%|true|true\u00a0\u00bb link_option_url_new_window=\u00a0\u00bbon\u00a0\u00bb custom_css_main_element=\u00a0\u00bbtransition: color 300ms ease 0ms,background-color 300ms ease 0ms,background-image 300ms ease 0ms;\u00a0\u00bb global_colors_info=\u00a0\u00bb{}\u00a0\u00bb background_layout__hover_enabled=\u00a0\u00bboff|hover\u00a0\u00bb background_layout__hover=\u00a0\u00bbdark\u00a0\u00bb]<\/p>\n<p>Additive Technology se positionne comme un leader des mod\u00e8les de contr\u00f4le dans le secteur automobile. Les v\u00e9hicules lourds, les hybrides et les s\u00e9ries courtes du secteur des transports sont d\u00e9j\u00e0 fabriqu\u00e9s avec l&rsquo;additif.<\/p>\n<p>[\/et_pb_blurb][\/et_pb_column][et_pb_column type=\u00a0\u00bb1_2&Prime; _builder_version=\u00a0\u00bb4.14.2&Prime; _module_preset=\u00a0\u00bbdefault\u00a0\u00bb global_colors_info=\u00a0\u00bb{}\u00a0\u00bb][et_pb_blurb title=\u00a0\u00bbGIC\u00a0\u00bb url_new_window=\u00a0\u00bbon\u00a0\u00bb image=\u00a0\u00bbhttps:\/\/mizaradditive.com\/wp-content\/uploads\/2021\/12\/GIC_icon.svg\u00a0\u00bb alt=\u00a0\u00bbGIC\u00a0\u00bb image_icon_width=\u00a0\u00bb30%\u00a0\u00bb _builder_version=\u00a0\u00bb4.14.5&Prime; _module_preset=\u00a0\u00bbdefault\u00a0\u00bb header_level=\u00a0\u00bbh3&Prime; header_font=\u00a0\u00bbMontserrat|700|||||||\u00a0\u00bb header_font_size=\u00a0\u00bb28px\u00a0\u00bb body_text_align=\u00a0\u00bbleft\u00a0\u00bb background_color=\u00a0\u00bb#f5f5f5&Prime; width=\u00a0\u00bb508px\u00a0\u00bb min_height=\u00a0\u00bb333px\u00a0\u00bb custom_margin=\u00a0\u00bb|60px|||false|false\u00a0\u00bb custom_padding=\u00a0\u00bb5%|4%|5%|4%|true|true\u00a0\u00bb link_option_url_new_window=\u00a0\u00bbon\u00a0\u00bb custom_css_main_element=\u00a0\u00bbtransition: color 300ms ease 0ms,background-color 300ms ease 0ms,background-image 300ms ease 0ms;\u00a0\u00bb locked=\u00a0\u00bboff\u00a0\u00bb global_colors_info=\u00a0\u00bb{}\u00a0\u00bb background_layout__hover_enabled=\u00a0\u00bboff|desktop\u00a0\u00bb background_layout__hover=\u00a0\u00bbdark\u00a0\u00bb]<\/p>\n<p>Seule la fabrication additive permet de fabriquer des syst\u00e8mes qui fonctionnent comme pr\u00e9vu dans l&rsquo;outil de simulation.<\/p>\n<p>[\/et_pb_blurb][\/et_pb_column][\/et_pb_row][\/et_pb_section][et_pb_section fb_built=\u00a0\u00bb1&Prime; fullwidth=\u00a0\u00bbon\u00a0\u00bb module_class=\u00a0\u00bbtiddifudge\u00a0\u00bb _builder_version=\u00a0\u00bb4.9.4&Prime; _module_preset=\u00a0\u00bbdefault\u00a0\u00bb global_colors_info=\u00a0\u00bb{}\u00a0\u00bb][et_pb_fullwidth_header subhead=\u00a0\u00bbNous vous conseillons sur votre projet\u00a0\u00bb text_orientation=\u00a0\u00bbcenter\u00a0\u00bb button_one_text=\u00a0\u00bbContactez-nous\u00a0\u00bb button_one_url=\u00a0\u00bbhttps:\/\/mizaradditive.com\/fr\/contactez\/\u00a0\u00bb _builder_version=\u00a0\u00bb4.14.2&Prime; _module_preset=\u00a0\u00bbdefault\u00a0\u00bb title_text_align=\u00a0\u00bbcenter\u00a0\u00bb subhead_font=\u00a0\u00bb|700|||||||\u00a0\u00bb subhead_text_color=\u00a0\u00bb#002c61&Prime; subhead_font_size=\u00a0\u00bb30px\u00a0\u00bb background_enable_color=\u00a0\u00bboff\u00a0\u00bb background_image=\u00a0\u00bbhttps:\/\/mizaradditive.com\/wp-content\/uploads\/2021\/12\/BG_Cta_img.webp\u00a0\u00bb custom_button_one=\u00a0\u00bbon\u00a0\u00bb button_one_bg_color=\u00a0\u00bb#0082BF\u00a0\u00bb button_one_border_width=\u00a0\u00bb0px\u00a0\u00bb button_one_custom_margin=\u00a0\u00bb||||true|true\u00a0\u00bb global_colors_info=\u00a0\u00bb{}\u00a0\u00bb][\/et_pb_fullwidth_header][\/et_pb_section]<\/p>\n","protected":false},"excerpt":{"rendered":"<p>Notre \u00e9quipe professionnelle et machinerie de derni\u00e8re g\u00e9n\u00e9ration nous permet d\u2019offrir un service sp\u00e9cialis\u00e9 dans la conception et la production de composants selon les besoins de son secteur. \u00a0 Chez Mizar nous avons une grande exp\u00e9rience dans le secteur a\u00e9rospatial que nous mettons \u00e0 votre disposition pour cr\u00e9er et fabriquer tout genre de composants par<a class=\"moretag\" \n href=\"https:\/\/mizaradditive.com\/fr\/applications\/\"> Ver m\u00e1s<\/a><\/p>\n","protected":false},"author":5,"featured_media":10688,"parent":0,"menu_order":0,"comment_status":"closed","ping_status":"closed","template":"","meta":{"_et_pb_use_builder":"on","_et_pb_old_content":"","_et_gb_content_width":"","footnotes":""},"categories":[],"tags":[],"class_list":["post-7401","page","type-page","status-publish","has-post-thumbnail","hentry"],"_links":{"self":[{"href":"https:\/\/mizaradditive.com\/fr\/wp-json\/wp\/v2\/pages\/7401","targetHints":{"allow":["GET"]}}],"collection":[{"href":"https:\/\/mizaradditive.com\/fr\/wp-json\/wp\/v2\/pages"}],"about":[{"href":"https:\/\/mizaradditive.com\/fr\/wp-json\/wp\/v2\/types\/page"}],"author":[{"embeddable":true,"href":"https:\/\/mizaradditive.com\/fr\/wp-json\/wp\/v2\/users\/5"}],"replies":[{"embeddable":true,"href":"https:\/\/mizaradditive.com\/fr\/wp-json\/wp\/v2\/comments?post=7401"}],"version-history":[{"count":5,"href":"https:\/\/mizaradditive.com\/fr\/wp-json\/wp\/v2\/pages\/7401\/revisions"}],"predecessor-version":[{"id":13290,"href":"https:\/\/mizaradditive.com\/fr\/wp-json\/wp\/v2\/pages\/7401\/revisions\/13290"}],"wp:featuredmedia":[{"embeddable":true,"href":"https:\/\/mizaradditive.com\/fr\/wp-json\/wp\/v2\/media\/10688"}],"wp:attachment":[{"href":"https:\/\/mizaradditive.com\/fr\/wp-json\/wp\/v2\/media?parent=7401"}],"wp:term":[{"taxonomy":"category","embeddable":true,"href":"https:\/\/mizaradditive.com\/fr\/wp-json\/wp\/v2\/categories?post=7401"},{"taxonomy":"post_tag","embeddable":true,"href":"https:\/\/mizaradditive.com\/fr\/wp-json\/wp\/v2\/tags?post=7401"}],"curies":[{"name":"wp","href":"https:\/\/api.w.org\/{rel}","templated":true}]}}