{"id":15182,"date":"2022-07-20T14:19:07","date_gmt":"2022-07-20T12:19:07","guid":{"rendered":"https:\/\/mizaradditive.com\/politique-en-matiere-de-cookies\/"},"modified":"2022-07-20T14:30:33","modified_gmt":"2022-07-20T12:30:33","slug":"politique-en-matiere-de-cookies","status":"publish","type":"page","link":"https:\/\/mizaradditive.com\/fr\/politique-en-matiere-de-cookies\/","title":{"rendered":"POLITIQUE EN MATI\u00c8RE DE COOKIES"},"content":{"rendered":"<p>[et_pb_section fb_built=\u00a0\u00bb1&Prime; _builder_version=\u00a0\u00bb4.16&Prime; _module_preset=\u00a0\u00bbdefault\u00a0\u00bb global_colors_info=\u00a0\u00bb{}\u00a0\u00bb][et_pb_row _builder_version=\u00a0\u00bb4.16&Prime; _module_preset=\u00a0\u00bbdefault\u00a0\u00bb global_colors_info=\u00a0\u00bb{}\u00a0\u00bb][et_pb_column type=\u00a0\u00bb4_4&Prime; _builder_version=\u00a0\u00bb4.16&Prime; _module_preset=\u00a0\u00bbdefault\u00a0\u00bb global_colors_info=\u00a0\u00bb{}\u00a0\u00bb][et_pb_text _builder_version=\u00a0\u00bb4.17.6&Prime; _module_preset=\u00a0\u00bbdefault\u00a0\u00bb hover_enabled=\u00a0\u00bb0&Prime; global_colors_info=\u00a0\u00bb{}\u00a0\u00bb sticky_enabled=\u00a0\u00bb0&Prime;]<\/p>\n<h2>POLITIQUE EN MATI\u00c8RE DE COOKIES<\/h2>\n<p>www.mizaradditive.com<br \/>L&rsquo;acc\u00e8s \u00e0 ce site web peut impliquer l&rsquo;utilisation de cookies. Les cookies sont de petites unit\u00e9s d&rsquo;information qui sont stock\u00e9es dans le navigateur de chaque utilisateur &#8211; sur les diff\u00e9rents appareils pouvant \u00eatre utilis\u00e9s pour naviguer &#8211; afin que le serveur se souvienne de certaines donn\u00e9es qui ne seront ensuite lues que par le serveur qui les a mises en place. Les cookies rendent la navigation plus facile, plus conviviale et n&rsquo;endommagent pas l&rsquo;appareil de navigation.<\/p>\n<p>Les cookies sont des proc\u00e9dures automatiques de collecte de donn\u00e9es relatives aux pr\u00e9f\u00e9rences de l&rsquo;utilisateur d\u00e9finies lors de sa visite du site web, afin de le reconna\u00eetre en tant qu&rsquo;utilisateur et de personnaliser son exp\u00e9rience et son utilisation du site web, et peuvent \u00e9galement, par exemple, aider \u00e0 identifier et \u00e0 r\u00e9soudre les erreurs.<\/p>\n<p>Les cookies sont des proc\u00e9dures automatiques de collecte de donn\u00e9es relatives aux pr\u00e9f\u00e9rences de l&rsquo;utilisateur d\u00e9finies lors de sa visite du site web, afin de le reconna\u00eetre en tant qu&rsquo;utilisateur et de personnaliser son exp\u00e9rience et son utilisation du site web, et peuvent \u00e9galement, par exemple, aider \u00e0 identifier et \u00e0 r\u00e9soudre les erreurs.<\/p>\n<p>Cookies personnels<br \/>Il s&rsquo;agit de cookies qui sont envoy\u00e9s \u00e0 l&rsquo;ordinateur ou au dispositif de l&rsquo;Utilisateur et g\u00e9r\u00e9s exclusivement par MIZAR ADDITIVE pour un meilleur fonctionnement du Site Internet. Les informations recueillies sont utilis\u00e9es pour am\u00e9liorer la qualit\u00e9 du site Web et de son contenu ainsi que votre exp\u00e9rience en tant qu&rsquo;utilisateur. Ces cookies permettent de reconna\u00eetre l&rsquo;Utilisateur en tant que visiteur r\u00e9current du Site et d&rsquo;adapter le contenu afin de lui proposer un contenu adapt\u00e9 \u00e0 ses pr\u00e9f\u00e9rences.<\/p>\n<p>Cookies tiers<br \/>Ces cookies sont utilis\u00e9s et g\u00e9r\u00e9s par des entit\u00e9s externes qui fournissent \u00e0 MIZAR ADDITIVE les services demand\u00e9s par cette derni\u00e8re afin d&rsquo;am\u00e9liorer le site Web et l&rsquo;exp\u00e9rience de l&rsquo;utilisateur lors de sa navigation sur le site Web. Les principaux objectifs pour lesquels les cookies tiers sont utilis\u00e9s sont d&rsquo;obtenir des statistiques d&rsquo;acc\u00e8s et d&rsquo;analyser les informations de navigation, c&rsquo;est-\u00e0-dire la fa\u00e7on dont l&rsquo;Utilisateur interagit avec le Site Internet.<\/p>\n<p>Les informations obtenues font r\u00e9f\u00e9rence, par exemple, au nombre de pages visit\u00e9es, \u00e0 la langue, au lieu o\u00f9 se trouve l&rsquo;adresse IP \u00e0 partir de laquelle l&rsquo;utilisateur acc\u00e8de, au nombre d&rsquo;utilisateurs qui acc\u00e8dent, \u00e0 la fr\u00e9quence et \u00e0 la r\u00e9currence des visites, \u00e0 l&rsquo;heure de la visite, au navigateur utilis\u00e9, \u00e0 l&rsquo;op\u00e9rateur ou au type de dispositif \u00e0 partir duquel la visite est effectu\u00e9e. Ces informations sont utilis\u00e9es pour am\u00e9liorer le site Web et pour d\u00e9tecter de nouveaux besoins afin d&rsquo;offrir aux utilisateurs un contenu et\/ou un service de qualit\u00e9 optimale. Dans tous les cas, les informations sont collect\u00e9es de mani\u00e8re anonyme et des rapports sur les tendances du site sont \u00e9tablis sans identifier les utilisateurs individuels.<\/p>\n<p>Vous pouvez obtenir plus d&rsquo;informations sur les cookies, les informations sur la confidentialit\u00e9, ou consulter la description du type de cookies utilis\u00e9s, leurs principales caract\u00e9ristiques, leur p\u00e9riode d&rsquo;expiration, etc. au(x) lien(s) suivant(s) :<\/p>\n<p>https:\/\/developers.google.com\/analytics\/;<\/p>\n<p>La ou les entit\u00e9s responsables de fournir des cookies peuvent transf\u00e9rer ces informations \u00e0 des tiers, lorsque la loi l&rsquo;exige ou lorsqu&rsquo;un tiers traite ces informations pour ces entit\u00e9s.<\/p>\n<p>Gestion et blocage des cookies<br \/>L&rsquo;Utilisateur a la possibilit\u00e9 de configurer le navigateur de son ordinateur en fonction de ses besoins personnels, afin d&rsquo;\u00eatre averti de la r\u00e9ception de cookies et d&#8217;emp\u00eacher leur installation sur le disque dur.<\/p>\n<p>L&rsquo;utilisateur peut refuser le traitement de donn\u00e9es ou d&rsquo;informations en rejetant l&rsquo;utilisation de cookies gr\u00e2ce \u00e0 la s\u00e9lection des param\u00e8tres appropri\u00e9s de son navigateur ; toutefois, l&rsquo;utilisateur doit noter que, dans ce cas, il pourrait ne pas \u00eatre en mesure d&rsquo;utiliser toutes les fonctionnalit\u00e9s de ce site web. Veuillez vous reporter aux instructions et aux manuels de votre navigateur pour de plus amples informations.<\/p>\n<p>Si vous souhaitez supprimer les cookies qui sont d\u00e9j\u00e0 install\u00e9s sur votre terminal, vous pouvez le faire depuis votre navigateur. Vous saurez comment proc\u00e9der en consultant le menu d&rsquo;aide de votre navigateur, o\u00f9 sont pr\u00e9sent\u00e9es les \u00e9tapes de la suppression des cookies. Pour plus d&rsquo;informations :<\/p>\n<p>Chrome<br \/>http:\/\/support.google.com\/chrome\/bin\/answer.py?hl=es&amp;answer=95647<\/p>\n<p>Explorer<br \/>http:\/\/windows.microsoft.com\/es-es\/windows7\/how-to-manage-cookies-in-internet-explorer-9<\/p>\n<p>Firefox<br \/>http:\/\/support.mozilla.org\/es\/kb\/habilitar-y-deshabilitar-cookies-que-los-sitios-we<\/p>\n<p>Safari<br \/>http:\/\/support.apple.com\/kb\/ph5042<\/p>\n<p>MIZAR ADDITIVE n&rsquo;est pas responsable du contenu et de l&rsquo;exactitude des politiques de confidentialit\u00e9 des tiers incluses dans cette politique de cookies.<\/p>\n<p>Sans pr\u00e9judice du consentement expr\u00e8s que l&rsquo;utilisateur peut avoir donn\u00e9 en acc\u00e9dant au site Web, l&rsquo;utilisation de ce dernier implique le consentement de l&rsquo;utilisateur \u00e0 l&rsquo;installation et \u00e0 l&rsquo;utilisation de cookies dans les conditions pr\u00e9vues par les pr\u00e9sentes.<\/p>\n<p>Si vous avez des questions sur cette politique en mati\u00e8re de cookies, vous pouvez contacter MIZAR ADDITIVE \u00e0 l&rsquo;adresse *info@mizaradditive.com*.<\/p>\n<p>L&rsquo;Utilisateur peut trouver plus d&rsquo;informations sur le fonctionnement des cookies, ainsi que sur la mani\u00e8re de les supprimer, dans les liens suivants :<\/p>\n<p>www.aboutcookies.org<\/p>\n<p>www.allaboutcookies.org<\/p>\n<p>www.agpd.es\/portalwebAGPD\/canaldocumentacion\/publicaciones\/common\/Guias\/Guia_Cookies.pdf<\/p>\n<p>En revanche, si vous ne souhaitez pas \u00eatre suivi par Google Analytics sur toutes les pages web, rendez-vous sur le lien suivant http:\/\/tools.google.com\/dlpage\/gaoptout<\/p>\n<p>[\/et_pb_text][\/et_pb_column][\/et_pb_row][et_pb_row _builder_version=\u00a0\u00bb4.16&Prime; _module_preset=\u00a0\u00bbdefault\u00a0\u00bb custom_css_main_element=\u00a0\u00bb.cookiehub-declaration {||  margin: 20px 0;||}||||.cookiehub-declaration p||{||  font-size: 14px;||}||||.cookiehub-declaration a||{||  color: #333;||}||||.cookiehub-categories||{||  padding: 20px 0;||}||||.cookiehub-category table||{||  background: #eee;||  margin-bottom: 20px;||  width: 100%;||}||||.cookiehub-category table th, .cookiehub-category td||{||  padding: 4px 10px;||}||||.cookiehub-category td:last-child||{||  text-align: right;||}||||.cookiehub-category td span||{||  background: #ccc;||  padding: 4px 8px;||  font-size: 12px;||}||||.cookiehub-category td%91colspan%93 p||{||  background: #fff;||  padding: 10px 20px;||\u00a0\u00bb global_colors_info=\u00a0\u00bb{}\u00a0\u00bb][et_pb_column type=\u00a0\u00bb4_4&Prime; _builder_version=\u00a0\u00bb4.16&Prime; _module_preset=\u00a0\u00bbdefault\u00a0\u00bb global_colors_info=\u00a0\u00bb{}\u00a0\u00bb][et_pb_code _builder_version=\u00a0\u00bb4.16&Prime; _module_preset=\u00a0\u00bbdefault\u00a0\u00bb global_colors_info=\u00a0\u00bb{}\u00a0\u00bb]<\/p>\n<div class=\"cookiehub-declaration\"><\/div>\n<p>[\/et_pb_code][\/et_pb_column][\/et_pb_row][\/et_pb_section]<\/p>\n","protected":false},"excerpt":{"rendered":"<p>POLITIQUE EN MATI\u00c8RE DE COOKIES www.mizaradditive.comL&rsquo;acc\u00e8s \u00e0 ce site web peut impliquer l&rsquo;utilisation de cookies. Les cookies sont de petites unit\u00e9s d&rsquo;information qui sont stock\u00e9es dans le navigateur de chaque utilisateur &#8211; sur les diff\u00e9rents appareils pouvant \u00eatre utilis\u00e9s pour naviguer &#8211; afin que le serveur se souvienne de certaines donn\u00e9es qui ne seront ensuite<a class=\"moretag\" \n href=\"https:\/\/mizaradditive.com\/fr\/politique-en-matiere-de-cookies\/\"> Ver m\u00e1s<\/a><\/p>\n","protected":false},"author":5,"featured_media":0,"parent":0,"menu_order":0,"comment_status":"closed","ping_status":"closed","template":"","meta":{"_et_pb_use_builder":"on","_et_pb_old_content":"","_et_gb_content_width":"","footnotes":""},"categories":[],"tags":[],"class_list":["post-15182","page","type-page","status-publish","hentry"],"_links":{"self":[{"href":"https:\/\/mizaradditive.com\/fr\/wp-json\/wp\/v2\/pages\/15182","targetHints":{"allow":["GET"]}}],"collection":[{"href":"https:\/\/mizaradditive.com\/fr\/wp-json\/wp\/v2\/pages"}],"about":[{"href":"https:\/\/mizaradditive.com\/fr\/wp-json\/wp\/v2\/types\/page"}],"author":[{"embeddable":true,"href":"https:\/\/mizaradditive.com\/fr\/wp-json\/wp\/v2\/users\/5"}],"replies":[{"embeddable":true,"href":"https:\/\/mizaradditive.com\/fr\/wp-json\/wp\/v2\/comments?post=15182"}],"version-history":[{"count":2,"href":"https:\/\/mizaradditive.com\/fr\/wp-json\/wp\/v2\/pages\/15182\/revisions"}],"predecessor-version":[{"id":15185,"href":"https:\/\/mizaradditive.com\/fr\/wp-json\/wp\/v2\/pages\/15182\/revisions\/15185"}],"wp:attachment":[{"href":"https:\/\/mizaradditive.com\/fr\/wp-json\/wp\/v2\/media?parent=15182"}],"wp:term":[{"taxonomy":"category","embeddable":true,"href":"https:\/\/mizaradditive.com\/fr\/wp-json\/wp\/v2\/categories?post=15182"},{"taxonomy":"post_tag","embeddable":true,"href":"https:\/\/mizaradditive.com\/fr\/wp-json\/wp\/v2\/tags?post=15182"}],"curies":[{"name":"wp","href":"https:\/\/api.w.org\/{rel}","templated":true}]}}