{"id":15044,"date":"2022-06-29T13:55:40","date_gmt":"2022-06-29T11:55:40","guid":{"rendered":"https:\/\/mizaradditive.com\/electron-beam-melting-ebm\/"},"modified":"2022-09-12T12:03:33","modified_gmt":"2022-09-12T10:03:33","slug":"electron-beam-melting-ebm","status":"publish","type":"page","link":"https:\/\/mizaradditive.com\/fr\/electron-beam-melting-ebm\/","title":{"rendered":"Electron Beam Melting (EBM)"},"content":{"rendered":"<p>[et_pb_section fb_built=\u00a0\u00bb1&Prime; fullwidth=\u00a0\u00bbon\u00a0\u00bb module_class=\u00a0\u00bbtiddifudge\u00a0\u00bb _builder_version=\u00a0\u00bb4.17.4&Prime; _module_preset=\u00a0\u00bbdefault\u00a0\u00bb background_image=\u00a0\u00bbhttps:\/\/mizaradditive.com\/wp-content\/uploads\/2022\/03\/unsplash_r4qdM8iD5WY.webp\u00a0\u00bb min_height=\u00a0\u00bb450px\u00a0\u00bb max_height=\u00a0\u00bb450px\u00a0\u00bb locked=\u00a0\u00bboff\u00a0\u00bb global_colors_info=\u00a0\u00bb{}\u00a0\u00bb][et_pb_fullwidth_header title=\u00a0\u00bbELECTRON BEAM MELTING (EBM)\u00a0\u00bb _builder_version=\u00a0\u00bb4.17.4&Prime; _module_preset=\u00a0\u00bbdefault\u00a0\u00bb title_font=\u00a0\u00bb|800|||||||\u00a0\u00bb title_font_size=\u00a0\u00bb68px\u00a0\u00bb background_enable_color=\u00a0\u00bboff\u00a0\u00bb background_enable_image=\u00a0\u00bboff\u00a0\u00bb min_height=\u00a0\u00bb450px\u00a0\u00bb max_height=\u00a0\u00bb450px\u00a0\u00bb custom_padding=\u00a0\u00bb8%||8%||true|false\u00a0\u00bb global_colors_info=\u00a0\u00bb{}\u00a0\u00bb][\/et_pb_fullwidth_header][\/et_pb_section][et_pb_section fb_built=\u00a0\u00bb1&Prime; _builder_version=\u00a0\u00bb4.16&Prime; _module_preset=\u00a0\u00bbdefault\u00a0\u00bb global_colors_info=\u00a0\u00bb{}\u00a0\u00bb][et_pb_row column_structure=\u00a0\u00bb1_2,1_2&Prime; _builder_version=\u00a0\u00bb4.16&Prime; _module_preset=\u00a0\u00bbdefault\u00a0\u00bb locked=\u00a0\u00bboff\u00a0\u00bb global_colors_info=\u00a0\u00bb{}\u00a0\u00bb][et_pb_column type=\u00a0\u00bb1_2&Prime; _builder_version=\u00a0\u00bb4.16&Prime; _module_preset=\u00a0\u00bbdefault\u00a0\u00bb global_colors_info=\u00a0\u00bb{}\u00a0\u00bb][et_pb_image src=\u00a0\u00bbhttps:\/\/mizaradditive.com\/wp-content\/uploads\/2022\/03\/Group-291.webp\u00a0\u00bb alt=\u00a0\u00bbebm-img-left\u00a0\u00bb title_text=\u00a0\u00bbebm-img-left\u00a0\u00bb _builder_version=\u00a0\u00bb4.16&Prime; _module_preset=\u00a0\u00bbdefault\u00a0\u00bb global_colors_info=\u00a0\u00bb{}\u00a0\u00bb][\/et_pb_image][\/et_pb_column][et_pb_column type=\u00a0\u00bb1_2&Prime; _builder_version=\u00a0\u00bb4.16&Prime; _module_preset=\u00a0\u00bbdefault\u00a0\u00bb global_colors_info=\u00a0\u00bb{}\u00a0\u00bb][et_pb_text _builder_version=\u00a0\u00bb4.17.4&Prime; _module_preset=\u00a0\u00bbdefault\u00a0\u00bb global_colors_info=\u00a0\u00bb{}\u00a0\u00bb]<\/p>\n<p>La technologie EBM consiste \u00e0 fabriquer des pi\u00e8ces (couche par couche) au moyen d&rsquo;une cathode aliment\u00e9e \u00e0 60 000 V qui projette des \u00e9lectrons sur les zones \u00e0 fondre.<\/p>\n<p>Gr\u00e2ce \u00e0 cela, les pi\u00e8ces cr\u00e9\u00e9es au cours du processus ne pr\u00e9sentent aucune contrainte interne et les propri\u00e9t\u00e9s obtenues sont sup\u00e9rieures \u00e0 celles que l&rsquo;on peut obtenir en fonderie. Le processus de cr\u00e9ation de la pi\u00e8ce s&rsquo;effectue dans une chambre de travail sous vide \u00e0 une temp\u00e9rature d&rsquo;environ 700-900\u1d52C.<\/p>\n<p>[\/et_pb_text][et_pb_button button_url=\u00a0\u00bbhttps:\/\/meetings-eu1.hubspot.com\/josetxu\u00a0\u00bb url_new_window=\u00a0\u00bbon\u00a0\u00bb button_text=\u00a0\u00bbRencontrer un expert en EBM\u00a0\u00bb _builder_version=\u00a0\u00bb4.18.0&Prime; _module_preset=\u00a0\u00bbdefault\u00a0\u00bb hover_enabled=\u00a0\u00bb0&Prime; custom_css_main_element=\u00a0\u00bbfont-weight:700;\u00a0\u00bb global_colors_info=\u00a0\u00bb{}\u00a0\u00bb sticky_enabled=\u00a0\u00bb0&Prime;][\/et_pb_button][\/et_pb_column][\/et_pb_row][\/et_pb_section][et_pb_section fb_built=\u00a0\u00bb1&Prime; _builder_version=\u00a0\u00bb4.16&Prime; _module_preset=\u00a0\u00bbdefault\u00a0\u00bb background_color=\u00a0\u00bb#f5f5f5&Prime; global_colors_info=\u00a0\u00bb{}\u00a0\u00bb][et_pb_row _builder_version=\u00a0\u00bb4.16&Prime; _module_preset=\u00a0\u00bbdefault\u00a0\u00bb global_colors_info=\u00a0\u00bb{}\u00a0\u00bb][et_pb_column type=\u00a0\u00bb4_4&Prime; _builder_version=\u00a0\u00bb4.16&Prime; _module_preset=\u00a0\u00bbdefault\u00a0\u00bb global_colors_info=\u00a0\u00bb{}\u00a0\u00bb][et_pb_text _builder_version=\u00a0\u00bb4.16&Prime; _module_preset=\u00a0\u00bbdefault\u00a0\u00bb global_colors_info=\u00a0\u00bb{}\u00a0\u00bb]<\/p>\n<h2>SP\u00c9CIFICATIONS TECHNIQUES<\/h2>\n<p>&nbsp;<\/p>\n<table>\n<tbody>\n<tr class=\"row-1\">\n<td class=\"col-izq\" style=\"width: 50%;\">\u00c9paisseur minimale de la paroi<\/td>\n<td class=\"col-drch\" style=\"width: 50%;\"><span style=\"color: #0082c0;\">1 mm<br \/>\n<\/span><\/td>\n<\/tr>\n<tr class=\"row-2\">\n<td class=\"col-izq\" style=\"width: 50%;\">Minimum de d\u00e9tails \u00e0 reproduire<\/td>\n<td class=\"col-drch\" style=\"width: 50%;\"><span style=\"color: #0082c0;\">0,6 mm<br \/>\n<\/span><\/td>\n<\/tr>\n<tr class=\"row-3\">\n<td class=\"col-izq\" style=\"width: 50%;\">Pr\u00e9cision<\/td>\n<td class=\"col-drch\" style=\"width: 50%;\"><span style=\"color: #0082c0;\">0,3% (min +\/- 0,25)<br \/>\n<\/span><\/td>\n<\/tr>\n<tr class=\"row-4\">\n<td class=\"col-izq\" style=\"width: 50%;\">Taille maximale de la pi\u00e8ce<\/td>\n<td class=\"col-drch\" style=\"width: 50%;\"><span style=\"color: #0082c0;\">210 * 210 * 210 mm<br \/>\n<\/span><\/td>\n<\/tr>\n<tr class=\"row-5\">\n<td class=\"col-izq\" style=\"width: 50%;\">\u00c9paisseur de couche<\/td>\n<td class=\"col-drch\" style=\"width: 50%;\"><span style=\"color: #0082c0;\">0,050 mm<\/span><\/td>\n<\/tr>\n<\/tbody>\n<\/table>\n<p>[\/et_pb_text][\/et_pb_column][\/et_pb_row][\/et_pb_section][et_pb_section fb_built=\u00a0\u00bb1&Prime; _builder_version=\u00a0\u00bb4.16&Prime; _module_preset=\u00a0\u00bbdefault\u00a0\u00bb background_color=\u00a0\u00bb#FFFFFF\u00a0\u00bb global_colors_info=\u00a0\u00bb{}\u00a0\u00bb][et_pb_row _builder_version=\u00a0\u00bb4.16&Prime; _module_preset=\u00a0\u00bbdefault\u00a0\u00bb global_colors_info=\u00a0\u00bb{}\u00a0\u00bb][et_pb_column type=\u00a0\u00bb4_4&Prime; _builder_version=\u00a0\u00bb4.16&Prime; _module_preset=\u00a0\u00bbdefault\u00a0\u00bb global_colors_info=\u00a0\u00bb{}\u00a0\u00bb][et_pb_text _builder_version=\u00a0\u00bb4.16&Prime; _module_preset=\u00a0\u00bbdefault\u00a0\u00bb global_colors_info=\u00a0\u00bb{}\u00a0\u00bb]<\/p>\n<h2>PERSONNALISEZ VOS PI\u00c8CES<\/h2>\n<p>&nbsp;<\/p>\n<p>Suivez nos recommendations pour inclure des textes personnalis\u00e9s dans vos pi\u00e8ces EBM.<\/p>\n<p>Si vous souhaitez graver le texte \u00e0 l&rsquo;int\u00e9rieur, les param\u00e8tres \u00e0 respecter devront \u00eatre plus \u00e9lev\u00e9s afin d&rsquo;obtenir le r\u00e9sultat souhait\u00e9.[\/et_pb_text][\/et_pb_column][\/et_pb_row][et_pb_row column_structure=\u00a0\u00bb1_2,1_2&Prime; _builder_version=\u00a0\u00bb4.16&Prime; _module_preset=\u00a0\u00bbdefault\u00a0\u00bb global_colors_info=\u00a0\u00bb{}\u00a0\u00bb][et_pb_column type=\u00a0\u00bb1_2&Prime; _builder_version=\u00a0\u00bb4.16&Prime; _module_preset=\u00a0\u00bbdefault\u00a0\u00bb global_colors_info=\u00a0\u00bb{}\u00a0\u00bb][et_pb_text _builder_version=\u00a0\u00bb4.16&Prime; _module_preset=\u00a0\u00bbdefault\u00a0\u00bb background_color=\u00a0\u00bb#FFFFFF\u00a0\u00bb custom_padding=\u00a0\u00bb20px|20px|20px|20px|true|true\u00a0\u00bb global_colors_info=\u00a0\u00bb{}\u00a0\u00bb]<img loading=\"lazy\" decoding=\"async\" class=\"wp-image-13352 alignnone size-medium\" src=\"https:\/\/mizaradditive.com\/wp-content\/uploads\/2022\/03\/Group-300-300x164.webp\" alt=\"pieza-texto-relieve\" width=\"488\" height=\"267\" srcset=\"https:\/\/mizaradditive.com\/wp-content\/uploads\/2022\/03\/Group-300-300x164.webp 300w, https:\/\/mizaradditive.com\/wp-content\/uploads\/2022\/03\/Group-300.webp 458w\" sizes=\"(max-width: 488px) 100vw, 488px\" \/><\/p>\n<p><strong><span style=\"color: #0082c0;\">Texte en relief<\/span><\/strong><\/p>\n<p><span style=\"color: #0082c0;\"><strong>h<\/strong>min<\/span> 0,8 mm\u00a0 \u00a0 \u00a0<span style=\"color: #0082c0;\"><strong>e<\/strong>min<\/span> 0,5 mm\u00a0 \u00a0 \u00a0<span style=\"color: #0082c0;\"><strong>H<\/strong>min<\/span> 0,8 mm[\/et_pb_text][\/et_pb_column][et_pb_column type=\u00a0\u00bb1_2&Prime; _builder_version=\u00a0\u00bb4.16&Prime; _module_preset=\u00a0\u00bbdefault\u00a0\u00bb global_colors_info=\u00a0\u00bb{}\u00a0\u00bb][et_pb_text _builder_version=\u00a0\u00bb4.16&Prime; _module_preset=\u00a0\u00bbdefault\u00a0\u00bb background_color=\u00a0\u00bb#FFFFFF\u00a0\u00bb custom_padding=\u00a0\u00bb20px|20px|20px|20px|true|true\u00a0\u00bb locked=\u00a0\u00bboff\u00a0\u00bb global_colors_info=\u00a0\u00bb{}\u00a0\u00bb]<img loading=\"lazy\" decoding=\"async\" class=\"wp-image-13349 alignnone size-medium\" src=\"https:\/\/mizaradditive.com\/wp-content\/uploads\/2022\/03\/Group-299-300x172.webp\" alt=\"pieza-texto-grabado\" width=\"462\" height=\"265\" srcset=\"https:\/\/mizaradditive.com\/wp-content\/uploads\/2022\/03\/Group-299-300x172.webp 300w, https:\/\/mizaradditive.com\/wp-content\/uploads\/2022\/03\/Group-299.webp 429w\" sizes=\"(max-width: 462px) 100vw, 462px\" \/><\/p>\n<p><strong><span style=\"color: #0082c0;\">Texte en gravure<\/span><\/strong><\/p>\n<p><span style=\"color: #0082c0;\"><strong>h<\/strong>min<\/span> 1 ,6 mm\u00a0 \u00a0 \u00a0<span style=\"color: #0082c0;\"><strong>e<\/strong>min<\/span> 1,2 mm\u00a0 \u00a0 \u00a0<span style=\"color: #0082c0;\"><strong>H<\/strong>min<\/span> 4,5 mm[\/et_pb_text][\/et_pb_column][\/et_pb_row][\/et_pb_section][et_pb_section fb_built=\u00a0\u00bb1&Prime; _builder_version=\u00a0\u00bb4.16&Prime; _module_preset=\u00a0\u00bbdefault\u00a0\u00bb background_color=\u00a0\u00bb#f5f5f5&Prime; global_colors_info=\u00a0\u00bb{}\u00a0\u00bb][et_pb_row _builder_version=\u00a0\u00bb4.16&Prime; _module_preset=\u00a0\u00bbdefault\u00a0\u00bb global_colors_info=\u00a0\u00bb{}\u00a0\u00bb][et_pb_column type=\u00a0\u00bb4_4&Prime; _builder_version=\u00a0\u00bb4.16&Prime; _module_preset=\u00a0\u00bbdefault\u00a0\u00bb global_colors_info=\u00a0\u00bb{}\u00a0\u00bb][et_pb_text _builder_version=\u00a0\u00bb4.16&Prime; _module_preset=\u00a0\u00bbdefault\u00a0\u00bb global_colors_info=\u00a0\u00bb{}\u00a0\u00bb]<\/p>\n<h2>OPTIMISATION DES SUPPORTS<\/h2>\n<p>&nbsp;<\/p>\n<p>Dans la technologie des supports sont n\u00e9cessaires pour aider \u00e0 maintenir la pi\u00e8ce et \u00e0 transf\u00e9rer la chaleur \u00e0 la base. L&rsquo;\u00e9quipe technique du projet se chargera de les enlever.[\/et_pb_text][\/et_pb_column][\/et_pb_row][et_pb_row column_structure=\u00a0\u00bb1_2,1_2&Prime; use_custom_gutter=\u00a0\u00bbon\u00a0\u00bb gutter_width=\u00a0\u00bb1&Prime; _builder_version=\u00a0\u00bb4.16&Prime; _module_preset=\u00a0\u00bbdefault\u00a0\u00bb global_colors_info=\u00a0\u00bb{}\u00a0\u00bb][et_pb_column type=\u00a0\u00bb1_2&Prime; _builder_version=\u00a0\u00bb4.16&Prime; _module_preset=\u00a0\u00bbdefault\u00a0\u00bb global_colors_info=\u00a0\u00bb{}\u00a0\u00bb][et_pb_image src=\u00a0\u00bbhttps:\/\/mizaradditive.com\/wp-content\/uploads\/2022\/03\/image-11.webp\u00a0\u00bb alt=\u00a0\u00bbsoportes-ebm-1&Prime; title_text=\u00a0\u00bbsoportes-ebm-1&Prime; _builder_version=\u00a0\u00bb4.16&Prime; _module_preset=\u00a0\u00bbdefault\u00a0\u00bb global_colors_info=\u00a0\u00bb{}\u00a0\u00bb][\/et_pb_image][et_pb_text _builder_version=\u00a0\u00bb4.16&Prime; _module_preset=\u00a0\u00bbdefault\u00a0\u00bb text_font_size=\u00a0\u00bb14px\u00a0\u00bb width=\u00a0\u00bb100%\u00a0\u00bb global_colors_info=\u00a0\u00bb{}\u00a0\u00bb]Exemples de supports EBM[\/et_pb_text][\/et_pb_column][et_pb_column type=\u00a0\u00bb1_2&Prime; _builder_version=\u00a0\u00bb4.16&Prime; _module_preset=\u00a0\u00bbdefault\u00a0\u00bb global_colors_info=\u00a0\u00bb{}\u00a0\u00bb][et_pb_image src=\u00a0\u00bbhttps:\/\/mizaradditive.com\/wp-content\/uploads\/2022\/03\/image-12.webp\u00a0\u00bb alt=\u00a0\u00bbsoportes-ebm-2&Prime; title_text=\u00a0\u00bbsoportes-ebm-2&Prime; _builder_version=\u00a0\u00bb4.16&Prime; _module_preset=\u00a0\u00bbdefault\u00a0\u00bb global_colors_info=\u00a0\u00bb{}\u00a0\u00bb][\/et_pb_image][\/et_pb_column][\/et_pb_row][\/et_pb_section][et_pb_section fb_built=\u00a0\u00bb1&Prime; _builder_version=\u00a0\u00bb4.16&Prime; _module_preset=\u00a0\u00bbdefault\u00a0\u00bb background_color=\u00a0\u00bb#FFFFFF\u00a0\u00bb global_colors_info=\u00a0\u00bb{}\u00a0\u00bb][et_pb_row _builder_version=\u00a0\u00bb4.16&Prime; _module_preset=\u00a0\u00bbdefault\u00a0\u00bb global_colors_info=\u00a0\u00bb{}\u00a0\u00bb][et_pb_column type=\u00a0\u00bb4_4&Prime; _builder_version=\u00a0\u00bb4.16&Prime; _module_preset=\u00a0\u00bbdefault\u00a0\u00bb global_colors_info=\u00a0\u00bb{}\u00a0\u00bb][et_pb_text _builder_version=\u00a0\u00bb4.17.4&Prime; _module_preset=\u00a0\u00bbdefault\u00a0\u00bb global_colors_info=\u00a0\u00bb{}\u00a0\u00bb]<\/p>\n<h4>Articles int\u00e9ressants<\/h4>\n<p>[\/et_pb_text][\/et_pb_column][\/et_pb_row][et_pb_row _builder_version=\u00a0\u00bb4.16&Prime; _module_preset=\u00a0\u00bbdefault\u00a0\u00bb global_colors_info=\u00a0\u00bb{}\u00a0\u00bb][et_pb_column type=\u00a0\u00bb4_4&Prime; _builder_version=\u00a0\u00bb4.16&Prime; _module_preset=\u00a0\u00bbdefault\u00a0\u00bb global_colors_info=\u00a0\u00bb{}\u00a0\u00bb][et_pb_blog fullwidth=\u00a0\u00bboff\u00a0\u00bb posts_number=\u00a0\u00bb3&Prime; _builder_version=\u00a0\u00bb4.16&Prime; _module_preset=\u00a0\u00bbdefault\u00a0\u00bb global_colors_info=\u00a0\u00bb{}\u00a0\u00bb][\/et_pb_blog][\/et_pb_column][\/et_pb_row][\/et_pb_section]<\/p>\n","protected":false},"excerpt":{"rendered":"<p>La technologie EBM consiste \u00e0 fabriquer des pi\u00e8ces (couche par couche) au moyen d&rsquo;une cathode aliment\u00e9e \u00e0 60 000 V qui projette des \u00e9lectrons sur les zones \u00e0 fondre. Gr\u00e2ce \u00e0 cela, les pi\u00e8ces cr\u00e9\u00e9es au cours du processus ne pr\u00e9sentent aucune contrainte interne et les propri\u00e9t\u00e9s obtenues sont sup\u00e9rieures \u00e0 celles que l&rsquo;on peut<a class=\"moretag\" \n href=\"https:\/\/mizaradditive.com\/fr\/electron-beam-melting-ebm\/\"> Ver m\u00e1s<\/a><\/p>\n","protected":false},"author":5,"featured_media":0,"parent":0,"menu_order":0,"comment_status":"closed","ping_status":"closed","template":"","meta":{"_et_pb_use_builder":"on","_et_pb_old_content":"","_et_gb_content_width":"","footnotes":""},"categories":[],"tags":[],"class_list":["post-15044","page","type-page","status-publish","hentry"],"_links":{"self":[{"href":"https:\/\/mizaradditive.com\/fr\/wp-json\/wp\/v2\/pages\/15044","targetHints":{"allow":["GET"]}}],"collection":[{"href":"https:\/\/mizaradditive.com\/fr\/wp-json\/wp\/v2\/pages"}],"about":[{"href":"https:\/\/mizaradditive.com\/fr\/wp-json\/wp\/v2\/types\/page"}],"author":[{"embeddable":true,"href":"https:\/\/mizaradditive.com\/fr\/wp-json\/wp\/v2\/users\/5"}],"replies":[{"embeddable":true,"href":"https:\/\/mizaradditive.com\/fr\/wp-json\/wp\/v2\/comments?post=15044"}],"version-history":[{"count":4,"href":"https:\/\/mizaradditive.com\/fr\/wp-json\/wp\/v2\/pages\/15044\/revisions"}],"predecessor-version":[{"id":15340,"href":"https:\/\/mizaradditive.com\/fr\/wp-json\/wp\/v2\/pages\/15044\/revisions\/15340"}],"wp:attachment":[{"href":"https:\/\/mizaradditive.com\/fr\/wp-json\/wp\/v2\/media?parent=15044"}],"wp:term":[{"taxonomy":"category","embeddable":true,"href":"https:\/\/mizaradditive.com\/fr\/wp-json\/wp\/v2\/categories?post=15044"},{"taxonomy":"post_tag","embeddable":true,"href":"https:\/\/mizaradditive.com\/fr\/wp-json\/wp\/v2\/tags?post=15044"}],"curies":[{"name":"wp","href":"https:\/\/api.w.org\/{rel}","templated":true}]}}