{"id":15038,"date":"2022-06-29T12:46:34","date_gmt":"2022-06-29T10:46:34","guid":{"rendered":"https:\/\/mizaradditive.com\/direct-metal-laser-sintering-dmls\/"},"modified":"2022-09-12T11:31:30","modified_gmt":"2022-09-12T09:31:30","slug":"direct-metal-laser-sintering-dmls","status":"publish","type":"page","link":"https:\/\/mizaradditive.com\/fr\/direct-metal-laser-sintering-dmls\/","title":{"rendered":"Direct Metal Laser Sintering (DMLS)"},"content":{"rendered":"<p>[et_pb_section fb_built=\u00a0\u00bb1&Prime; fullwidth=\u00a0\u00bbon\u00a0\u00bb module_class=\u00a0\u00bbtiddifudge\u00a0\u00bb _builder_version=\u00a0\u00bb4.17.4&Prime; _module_preset=\u00a0\u00bbdefault\u00a0\u00bb background_image=\u00a0\u00bbhttps:\/\/mizaradditive.com\/wp-content\/uploads\/2022\/03\/unsplash_r4qdM8iD5WY.webp\u00a0\u00bb locked=\u00a0\u00bboff\u00a0\u00bb global_colors_info=\u00a0\u00bb{}\u00a0\u00bb][et_pb_fullwidth_header title=\u00a0\u00bbDIRECT METAL LASER SINTERING  (DMLS)\u00a0\u00bb _builder_version=\u00a0\u00bb4.17.4&Prime; _module_preset=\u00a0\u00bbdefault\u00a0\u00bb title_font=\u00a0\u00bb|800|||||||\u00a0\u00bb title_font_size=\u00a0\u00bb68px\u00a0\u00bb background_enable_color=\u00a0\u00bboff\u00a0\u00bb background_enable_image=\u00a0\u00bboff\u00a0\u00bb min_height=\u00a0\u00bb450px\u00a0\u00bb max_height=\u00a0\u00bb450px\u00a0\u00bb custom_padding=\u00a0\u00bb8%||8%||true|false\u00a0\u00bb global_colors_info=\u00a0\u00bb{}\u00a0\u00bb][\/et_pb_fullwidth_header][\/et_pb_section][et_pb_section fb_built=\u00a0\u00bb1&Prime; _builder_version=\u00a0\u00bb4.16&Prime; _module_preset=\u00a0\u00bbdefault\u00a0\u00bb global_colors_info=\u00a0\u00bb{}\u00a0\u00bb][et_pb_row column_structure=\u00a0\u00bb1_2,1_2&Prime; _builder_version=\u00a0\u00bb4.16&Prime; _module_preset=\u00a0\u00bbdefault\u00a0\u00bb locked=\u00a0\u00bboff\u00a0\u00bb global_colors_info=\u00a0\u00bb{}\u00a0\u00bb][et_pb_column type=\u00a0\u00bb1_2&Prime; _builder_version=\u00a0\u00bb4.16&Prime; _module_preset=\u00a0\u00bbdefault\u00a0\u00bb global_colors_info=\u00a0\u00bb{}\u00a0\u00bb][et_pb_image src=\u00a0\u00bbhttps:\/\/mizaradditive.com\/wp-content\/uploads\/2022\/03\/DLMS-img.webp\u00a0\u00bb alt=\u00a0\u00bbDLMS-img\u00a0\u00bb title_text=\u00a0\u00bbDLMS-img\u00a0\u00bb _builder_version=\u00a0\u00bb4.16&Prime; _module_preset=\u00a0\u00bbdefault\u00a0\u00bb global_colors_info=\u00a0\u00bb{}\u00a0\u00bb][\/et_pb_image][\/et_pb_column][et_pb_column type=\u00a0\u00bb1_2&Prime; _builder_version=\u00a0\u00bb4.16&Prime; _module_preset=\u00a0\u00bbdefault\u00a0\u00bb global_colors_info=\u00a0\u00bb{}\u00a0\u00bb][et_pb_text _builder_version=\u00a0\u00bb4.16&Prime; _module_preset=\u00a0\u00bbdefault\u00a0\u00bb global_colors_info=\u00a0\u00bb{}\u00a0\u00bb]Le Direct Metal Laser Sintering (DMLS) est un proc\u00e9d\u00e9 de fabrication additive par lequel des pi\u00e8ces sont fabriqu\u00e9es \u00e0 partir d&rsquo;alliages m\u00e9talliques atomis\u00e9s. Cette technologie est utilis\u00e9e pour produire des couches de poudre d&rsquo;une \u00e9paisseur comprise entre 0,020 et 0,080 mm, selon les sp\u00e9cificit\u00e9s de la pi\u00e8ce \u00e0 fabriquer. Le laser fait fondre la zone correspondante de chaque couche et r\u00e9p\u00e8te le processus jusqu&rsquo;\u00e0 l&rsquo;obtention de la pi\u00e8ce souhait\u00e9e.Repitiendo el proceso hasta obtener la pieza deseada.[\/et_pb_text][et_pb_button button_url=\u00a0\u00bbhttps:\/\/meetings-eu1.hubspot.com\/josetxu\u00a0\u00bb url_new_window=\u00a0\u00bbon\u00a0\u00bb button_text=\u00a0\u00bbRencontrez un expert en technologie DMLS\u00a0\u00bb _builder_version=\u00a0\u00bb4.18.0&Prime; _module_preset=\u00a0\u00bbdefault\u00a0\u00bb custom_button=\u00a0\u00bbon\u00a0\u00bb hover_enabled=\u00a0\u00bb0&Prime; custom_css_main_element=\u00a0\u00bbfont-weight:700;\u00a0\u00bb global_colors_info=\u00a0\u00bb{}\u00a0\u00bb sticky_enabled=\u00a0\u00bb0&Prime;][\/et_pb_button][\/et_pb_column][\/et_pb_row][\/et_pb_section][et_pb_section fb_built=\u00a0\u00bb1&Prime; _builder_version=\u00a0\u00bb4.16&Prime; _module_preset=\u00a0\u00bbdefault\u00a0\u00bb background_color=\u00a0\u00bb#f5f5f5&Prime; global_colors_info=\u00a0\u00bb{}\u00a0\u00bb][et_pb_row _builder_version=\u00a0\u00bb4.16&Prime; _module_preset=\u00a0\u00bbdefault\u00a0\u00bb global_colors_info=\u00a0\u00bb{}\u00a0\u00bb][et_pb_column type=\u00a0\u00bb4_4&Prime; _builder_version=\u00a0\u00bb4.16&Prime; _module_preset=\u00a0\u00bbdefault\u00a0\u00bb global_colors_info=\u00a0\u00bb{}\u00a0\u00bb][et_pb_text _builder_version=\u00a0\u00bb4.16&Prime; _module_preset=\u00a0\u00bbdefault\u00a0\u00bb global_colors_info=\u00a0\u00bb{}\u00a0\u00bb]<\/p>\n<h2>SP\u00c9CIFICATIONS TECHNIQUES<\/h2>\n<p>&nbsp;<\/p>\n<table>\n<tbody>\n<tr class=\"row-1\">\n<td class=\"col-izq\" style=\"width: 50%;\">\u00c9paisseur minimale de la paroi<\/td>\n<td class=\"col-drch\" style=\"width: 50%;\"><span style=\"color: #0082c0;\">0,5 &#8211; 1 mm<br \/>\n<\/span><\/td>\n<\/tr>\n<tr class=\"row-2\">\n<td class=\"col-izq\" style=\"width: 50%;\">Minimum de d\u00e9tails \u00e0 reproduire<\/td>\n<td class=\"col-drch\" style=\"width: 50%;\"><span style=\"color: #0082c0;\">0.3 mm<\/span><\/td>\n<\/tr>\n<tr class=\"row-3\">\n<td class=\"col-izq\" style=\"width: 50%;\">Pr\u00e9cision<\/td>\n<td class=\"col-drch\" style=\"width: 50%;\"><span style=\"color: #0082c0;\">0.1% (min +\/- 0,2)<\/span><\/td>\n<\/tr>\n<tr class=\"row-4\">\n<td class=\"col-izq\" style=\"width: 50%;\">Taille maximale de la pi\u00e8ce<\/td>\n<td class=\"col-drch\" style=\"width: 50%;\"><span style=\"color: #0082c0;\">400 * 400 * 400 mm<br \/>\n<\/span><\/td>\n<\/tr>\n<tr class=\"row-5\">\n<td class=\"col-izq\" style=\"width: 50%;\">\u00c9paisseur de couche<\/td>\n<td class=\"col-drch\" style=\"width: 50%;\"><span style=\"color: #0082c0;\">0,020-0,080 mm<\/span><\/td>\n<\/tr>\n<\/tbody>\n<\/table>\n<p>[\/et_pb_text][\/et_pb_column][\/et_pb_row][\/et_pb_section][et_pb_section fb_built=\u00a0\u00bb1&Prime; _builder_version=\u00a0\u00bb4.16&Prime; _module_preset=\u00a0\u00bbdefault\u00a0\u00bb background_color=\u00a0\u00bb#FFFFFF\u00a0\u00bb global_colors_info=\u00a0\u00bb{}\u00a0\u00bb][et_pb_row _builder_version=\u00a0\u00bb4.16&Prime; _module_preset=\u00a0\u00bbdefault\u00a0\u00bb global_colors_info=\u00a0\u00bb{}\u00a0\u00bb][et_pb_column type=\u00a0\u00bb4_4&Prime; _builder_version=\u00a0\u00bb4.16&Prime; _module_preset=\u00a0\u00bbdefault\u00a0\u00bb global_colors_info=\u00a0\u00bb{}\u00a0\u00bb][et_pb_text _builder_version=\u00a0\u00bb4.16&Prime; _module_preset=\u00a0\u00bbdefault\u00a0\u00bb global_colors_info=\u00a0\u00bb{}\u00a0\u00bb]<\/p>\n<h2>PERSONNALISEZ VOS PI\u00c8CES<\/h2>\n<p>&nbsp;<\/p>\n<p>Si vous souhaitez ajouter des textes personnalis\u00e9s \u00e0 vos pi\u00e8ces DMLS, suivez nos recommandations.<\/p>\n<p>Si vous souhaitez que le texte soit grav\u00e9 \u00e0 l&rsquo;int\u00e9rieur, les param\u00e8tres \u00e0 respecter doivent \u00eatre plus \u00e9lev\u00e9s afin d&rsquo;obtenir le r\u00e9sultat souhait\u00e9.[\/et_pb_text][\/et_pb_column][\/et_pb_row][et_pb_row column_structure=\u00a0\u00bb1_2,1_2&Prime; _builder_version=\u00a0\u00bb4.16&Prime; _module_preset=\u00a0\u00bbdefault\u00a0\u00bb global_colors_info=\u00a0\u00bb{}\u00a0\u00bb][et_pb_column type=\u00a0\u00bb1_2&Prime; _builder_version=\u00a0\u00bb4.16&Prime; _module_preset=\u00a0\u00bbdefault\u00a0\u00bb global_colors_info=\u00a0\u00bb{}\u00a0\u00bb][et_pb_text _builder_version=\u00a0\u00bb4.16&Prime; _module_preset=\u00a0\u00bbdefault\u00a0\u00bb background_color=\u00a0\u00bb#FFFFFF\u00a0\u00bb custom_padding=\u00a0\u00bb20px|20px|20px|20px|true|true\u00a0\u00bb global_colors_info=\u00a0\u00bb{}\u00a0\u00bb]<img loading=\"lazy\" decoding=\"async\" class=\"wp-image-13352 alignnone size-medium\" src=\"https:\/\/mizaradditive.com\/wp-content\/uploads\/2022\/03\/Group-300-300x164.webp\" alt=\"pieza-texto-relieve\" width=\"488\" height=\"267\" srcset=\"https:\/\/mizaradditive.com\/wp-content\/uploads\/2022\/03\/Group-300-300x164.webp 300w, https:\/\/mizaradditive.com\/wp-content\/uploads\/2022\/03\/Group-300.webp 458w\" sizes=\"(max-width: 488px) 100vw, 488px\" \/><\/p>\n<p><strong><span style=\"color: #0082c0;\">Texte en relief<\/span><\/strong><\/p>\n<p><span style=\"color: #0082c0;\"><strong>h<\/strong>min<\/span> 0,8 mm\u00a0 \u00a0 \u00a0<span style=\"color: #0082c0;\"><strong>e<\/strong>min<\/span> 0,5 mm\u00a0 \u00a0 \u00a0<span style=\"color: #0082c0;\"><strong>H<\/strong>min<\/span> 0,8 mm[\/et_pb_text][\/et_pb_column][et_pb_column type=\u00a0\u00bb1_2&Prime; _builder_version=\u00a0\u00bb4.16&Prime; _module_preset=\u00a0\u00bbdefault\u00a0\u00bb global_colors_info=\u00a0\u00bb{}\u00a0\u00bb][et_pb_text _builder_version=\u00a0\u00bb4.16&Prime; _module_preset=\u00a0\u00bbdefault\u00a0\u00bb background_color=\u00a0\u00bb#FFFFFF\u00a0\u00bb custom_padding=\u00a0\u00bb20px|20px|20px|20px|true|true\u00a0\u00bb locked=\u00a0\u00bboff\u00a0\u00bb global_colors_info=\u00a0\u00bb{}\u00a0\u00bb]<img loading=\"lazy\" decoding=\"async\" class=\"wp-image-13349 alignnone size-medium\" src=\"https:\/\/mizaradditive.com\/wp-content\/uploads\/2022\/03\/Group-299-300x172.webp\" alt=\"pieza-texto-grabado\" width=\"462\" height=\"265\" srcset=\"https:\/\/mizaradditive.com\/wp-content\/uploads\/2022\/03\/Group-299-300x172.webp 300w, https:\/\/mizaradditive.com\/wp-content\/uploads\/2022\/03\/Group-299.webp 429w\" sizes=\"(max-width: 462px) 100vw, 462px\" \/><\/p>\n<p><strong><span style=\"color: #0082c0;\">Texte grav\u00e9<\/span><\/strong><\/p>\n<p><span style=\"color: #0082c0;\"><strong>h<\/strong>min<\/span> 1 ,6 mm\u00a0 \u00a0 \u00a0<span style=\"color: #0082c0;\"><strong>e<\/strong>min<\/span> 1,2 mm\u00a0 \u00a0 \u00a0<span style=\"color: #0082c0;\"><strong>H<\/strong>min<\/span> 4,5 mm[\/et_pb_text][\/et_pb_column][\/et_pb_row][\/et_pb_section][et_pb_section fb_built=\u00a0\u00bb1&Prime; _builder_version=\u00a0\u00bb4.16&Prime; _module_preset=\u00a0\u00bbdefault\u00a0\u00bb background_color=\u00a0\u00bb#f5f5f5&Prime; global_colors_info=\u00a0\u00bb{}\u00a0\u00bb][et_pb_row _builder_version=\u00a0\u00bb4.16&Prime; _module_preset=\u00a0\u00bbdefault\u00a0\u00bb global_colors_info=\u00a0\u00bb{}\u00a0\u00bb][et_pb_column type=\u00a0\u00bb4_4&Prime; _builder_version=\u00a0\u00bb4.16&Prime; _module_preset=\u00a0\u00bbdefault\u00a0\u00bb global_colors_info=\u00a0\u00bb{}\u00a0\u00bb][et_pb_text _builder_version=\u00a0\u00bb4.16&Prime; _module_preset=\u00a0\u00bbdefault\u00a0\u00bb global_colors_info=\u00a0\u00bb{}\u00a0\u00bb]<\/p>\n<h2>OPTIMISATION DES SUPPORTS<\/h2>\n<p>&nbsp;<\/p>\n<p>Dans la technologie DMLS des supports sont n\u00e9cessaires pour aider \u00e0 maintenir la pi\u00e8ce et \u00e0 transf\u00e9rer la chaleur \u00e0 la base. L&rsquo;\u00e9quipe technique du projet se chargera de les enlever.[\/et_pb_text][\/et_pb_column][\/et_pb_row][et_pb_row column_structure=\u00a0\u00bb1_2,1_2&Prime; use_custom_gutter=\u00a0\u00bbon\u00a0\u00bb gutter_width=\u00a0\u00bb1&Prime; _builder_version=\u00a0\u00bb4.16&Prime; _module_preset=\u00a0\u00bbdefault\u00a0\u00bb global_colors_info=\u00a0\u00bb{}\u00a0\u00bb][et_pb_column type=\u00a0\u00bb1_2&Prime; _builder_version=\u00a0\u00bb4.16&Prime; _module_preset=\u00a0\u00bbdefault\u00a0\u00bb global_colors_info=\u00a0\u00bb{}\u00a0\u00bb][et_pb_image src=\u00a0\u00bbhttps:\/\/mizaradditive.com\/wp-content\/uploads\/2022\/03\/image-9.webp\u00a0\u00bb alt=\u00a0\u00bbrepresentacion-soportes-1&Prime; title_text=\u00a0\u00bbrepresentacion-soportes-1&Prime; _builder_version=\u00a0\u00bb4.16&Prime; _module_preset=\u00a0\u00bbdefault\u00a0\u00bb global_colors_info=\u00a0\u00bb{}\u00a0\u00bb][\/et_pb_image][et_pb_text _builder_version=\u00a0\u00bb4.16&Prime; _module_preset=\u00a0\u00bbdefault\u00a0\u00bb text_font_size=\u00a0\u00bb14px\u00a0\u00bb width=\u00a0\u00bb100%\u00a0\u00bb global_colors_info=\u00a0\u00bb{}\u00a0\u00bb]Repr\u00e9sentation des supports dans DMLS \/ Fabrication pour l&rsquo;essai des supports[\/et_pb_text][\/et_pb_column][et_pb_column type=\u00a0\u00bb1_2&Prime; _builder_version=\u00a0\u00bb4.16&Prime; _module_preset=\u00a0\u00bbdefault\u00a0\u00bb global_colors_info=\u00a0\u00bb{}\u00a0\u00bb][et_pb_image src=\u00a0\u00bbhttps:\/\/mizaradditive.com\/wp-content\/uploads\/2022\/03\/image-10.webp\u00a0\u00bb alt=\u00a0\u00bbrepresentacion-soportes-2&Prime; title_text=\u00a0\u00bbrepresentacion-soportes-2&Prime; _builder_version=\u00a0\u00bb4.16&Prime; _module_preset=\u00a0\u00bbdefault\u00a0\u00bb global_colors_info=\u00a0\u00bb{}\u00a0\u00bb][\/et_pb_image][\/et_pb_column][\/et_pb_row][\/et_pb_section][et_pb_section fb_built=\u00a0\u00bb1&Prime; _builder_version=\u00a0\u00bb4.16&Prime; _module_preset=\u00a0\u00bbdefault\u00a0\u00bb background_color=\u00a0\u00bb#FFFFFF\u00a0\u00bb global_colors_info=\u00a0\u00bb{}\u00a0\u00bb][et_pb_row _builder_version=\u00a0\u00bb4.16&Prime; _module_preset=\u00a0\u00bbdefault\u00a0\u00bb global_colors_info=\u00a0\u00bb{}\u00a0\u00bb][et_pb_column type=\u00a0\u00bb4_4&Prime; _builder_version=\u00a0\u00bb4.16&Prime; _module_preset=\u00a0\u00bbdefault\u00a0\u00bb global_colors_info=\u00a0\u00bb{}\u00a0\u00bb][et_pb_text _builder_version=\u00a0\u00bb4.17.4&Prime; _module_preset=\u00a0\u00bbdefault\u00a0\u00bb global_colors_info=\u00a0\u00bb{}\u00a0\u00bb]Articles int\u00e9ressants[\/et_pb_text][\/et_pb_column][\/et_pb_row][et_pb_row _builder_version=\u00a0\u00bb4.16&Prime; _module_preset=\u00a0\u00bbdefault\u00a0\u00bb global_colors_info=\u00a0\u00bb{}\u00a0\u00bb][et_pb_column type=\u00a0\u00bb4_4&Prime; _builder_version=\u00a0\u00bb4.16&Prime; _module_preset=\u00a0\u00bbdefault\u00a0\u00bb global_colors_info=\u00a0\u00bb{}\u00a0\u00bb][et_pb_blog fullwidth=\u00a0\u00bboff\u00a0\u00bb posts_number=\u00a0\u00bb3&Prime; _builder_version=\u00a0\u00bb4.16&Prime; _module_preset=\u00a0\u00bbdefault\u00a0\u00bb global_colors_info=\u00a0\u00bb{}\u00a0\u00bb][\/et_pb_blog][\/et_pb_column][\/et_pb_row][\/et_pb_section]<\/p>\n","protected":false},"excerpt":{"rendered":"<p>Le Direct Metal Laser Sintering (DMLS) est un proc\u00e9d\u00e9 de fabrication additive par lequel des pi\u00e8ces sont fabriqu\u00e9es \u00e0 partir d&rsquo;alliages m\u00e9talliques atomis\u00e9s. Cette technologie est utilis\u00e9e pour produire des couches de poudre d&rsquo;une \u00e9paisseur comprise entre 0,020 et 0,080 mm, selon les sp\u00e9cificit\u00e9s de la pi\u00e8ce \u00e0 fabriquer. Le laser fait fondre la zone<a class=\"moretag\" \n href=\"https:\/\/mizaradditive.com\/fr\/direct-metal-laser-sintering-dmls\/\"> Ver m\u00e1s<\/a><\/p>\n","protected":false},"author":5,"featured_media":0,"parent":0,"menu_order":0,"comment_status":"closed","ping_status":"closed","template":"","meta":{"_et_pb_use_builder":"on","_et_pb_old_content":"","_et_gb_content_width":"","footnotes":""},"categories":[],"tags":[],"class_list":["post-15038","page","type-page","status-publish","hentry"],"_links":{"self":[{"href":"https:\/\/mizaradditive.com\/fr\/wp-json\/wp\/v2\/pages\/15038","targetHints":{"allow":["GET"]}}],"collection":[{"href":"https:\/\/mizaradditive.com\/fr\/wp-json\/wp\/v2\/pages"}],"about":[{"href":"https:\/\/mizaradditive.com\/fr\/wp-json\/wp\/v2\/types\/page"}],"author":[{"embeddable":true,"href":"https:\/\/mizaradditive.com\/fr\/wp-json\/wp\/v2\/users\/5"}],"replies":[{"embeddable":true,"href":"https:\/\/mizaradditive.com\/fr\/wp-json\/wp\/v2\/comments?post=15038"}],"version-history":[{"count":5,"href":"https:\/\/mizaradditive.com\/fr\/wp-json\/wp\/v2\/pages\/15038\/revisions"}],"predecessor-version":[{"id":15338,"href":"https:\/\/mizaradditive.com\/fr\/wp-json\/wp\/v2\/pages\/15038\/revisions\/15338"}],"wp:attachment":[{"href":"https:\/\/mizaradditive.com\/fr\/wp-json\/wp\/v2\/media?parent=15038"}],"wp:term":[{"taxonomy":"category","embeddable":true,"href":"https:\/\/mizaradditive.com\/fr\/wp-json\/wp\/v2\/categories?post=15038"},{"taxonomy":"post_tag","embeddable":true,"href":"https:\/\/mizaradditive.com\/fr\/wp-json\/wp\/v2\/tags?post=15038"}],"curies":[{"name":"wp","href":"https:\/\/api.w.org\/{rel}","templated":true}]}}