{"id":15019,"date":"2022-06-29T11:45:13","date_gmt":"2022-06-29T09:45:13","guid":{"rendered":"https:\/\/mizaradditive.com\/selective-laser-sintering-sls\/"},"modified":"2022-09-12T12:06:53","modified_gmt":"2022-09-12T10:06:53","slug":"selective-laser-sintering-sls","status":"publish","type":"page","link":"https:\/\/mizaradditive.com\/fr\/selective-laser-sintering-sls\/","title":{"rendered":"Selective Laser Sintering (SLS)"},"content":{"rendered":"<p>[et_pb_section fb_built=\u00a0\u00bb1&Prime; fullwidth=\u00a0\u00bbon\u00a0\u00bb module_class=\u00a0\u00bbtiddifudge\u00a0\u00bb _builder_version=\u00a0\u00bb4.17.4&Prime; _module_preset=\u00a0\u00bbdefault\u00a0\u00bb background_image=\u00a0\u00bbhttps:\/\/mizaradditive.com\/wp-content\/uploads\/2022\/03\/unsplash_r4qdM8iD5WY.webp\u00a0\u00bb min_height=\u00a0\u00bb450px\u00a0\u00bb max_height=\u00a0\u00bb450px\u00a0\u00bb locked=\u00a0\u00bboff\u00a0\u00bb global_colors_info=\u00a0\u00bb{}\u00a0\u00bb][et_pb_fullwidth_header title=\u00a0\u00bbSELECTIVE LASER SINTERING (SLS)\u00a0\u00bb _builder_version=\u00a0\u00bb4.17.4&Prime; _module_preset=\u00a0\u00bbdefault\u00a0\u00bb title_font=\u00a0\u00bb|800|||||||\u00a0\u00bb title_font_size=\u00a0\u00bb68px\u00a0\u00bb background_enable_color=\u00a0\u00bboff\u00a0\u00bb background_enable_image=\u00a0\u00bboff\u00a0\u00bb custom_padding=\u00a0\u00bb8%||8%||true|false\u00a0\u00bb global_colors_info=\u00a0\u00bb{}\u00a0\u00bb][\/et_pb_fullwidth_header][\/et_pb_section][et_pb_section fb_built=\u00a0\u00bb1&Prime; _builder_version=\u00a0\u00bb4.16&Prime; _module_preset=\u00a0\u00bbdefault\u00a0\u00bb global_colors_info=\u00a0\u00bb{}\u00a0\u00bb][et_pb_row column_structure=\u00a0\u00bb1_2,1_2&Prime; _builder_version=\u00a0\u00bb4.16&Prime; _module_preset=\u00a0\u00bbdefault\u00a0\u00bb locked=\u00a0\u00bboff\u00a0\u00bb global_colors_info=\u00a0\u00bb{}\u00a0\u00bb][et_pb_column type=\u00a0\u00bb1_2&Prime; _builder_version=\u00a0\u00bb4.16&Prime; _module_preset=\u00a0\u00bbdefault\u00a0\u00bb global_colors_info=\u00a0\u00bb{}\u00a0\u00bb][et_pb_image src=\u00a0\u00bbhttps:\/\/mizaradditive.com\/wp-content\/uploads\/2022\/03\/sls-img.webp\u00a0\u00bb alt=\u00a0\u00bbsls-img\u00a0\u00bb title_text=\u00a0\u00bbsls-img\u00a0\u00bb _builder_version=\u00a0\u00bb4.16&Prime; _module_preset=\u00a0\u00bbdefault\u00a0\u00bb global_colors_info=\u00a0\u00bb{}\u00a0\u00bb][\/et_pb_image][\/et_pb_column][et_pb_column type=\u00a0\u00bb1_2&Prime; _builder_version=\u00a0\u00bb4.16&Prime; _module_preset=\u00a0\u00bbdefault\u00a0\u00bb global_colors_info=\u00a0\u00bb{}\u00a0\u00bb][et_pb_text _builder_version=\u00a0\u00bb4.16&Prime; _module_preset=\u00a0\u00bbdefault\u00a0\u00bb global_colors_info=\u00a0\u00bb{}\u00a0\u00bb]Le frittage laser (SLS) est un proc\u00e9d\u00e9 de fabrication additive dans lequel les pi\u00e8ces sont fabriqu\u00e9es \u00e0 partir de poudre de polym\u00e8re. Le mat\u00e9riau est chauff\u00e9 dans la chambre de fabrication \u00e0 une temp\u00e9rature proche de la temp\u00e9rature de fusion, puis un laser le fait fondre en agissant sur des zones sp\u00e9cifiques pour cr\u00e9er la forme de la pi\u00e8ce. Une fois la couche termin\u00e9e, la base de la chambre est d\u00e9plac\u00e9e vers le bas et le processus est r\u00e9p\u00e9t\u00e9 jusqu&rsquo;\u00e0 l&rsquo;obtention de la pi\u00e8ce souhait\u00e9e.[\/et_pb_text][et_pb_button button_url=\u00a0\u00bbhttps:\/\/meetings-eu1.hubspot.com\/josetxu\u00a0\u00bb url_new_window=\u00a0\u00bbon\u00a0\u00bb button_text=\u00a0\u00bbContactez un expert en technologie SLS\u00a0\u00bb _builder_version=\u00a0\u00bb4.18.0&Prime; _module_preset=\u00a0\u00bbdefault\u00a0\u00bb custom_button=\u00a0\u00bbon\u00a0\u00bb hover_enabled=\u00a0\u00bb0&Prime; custom_css_main_element=\u00a0\u00bbfont-weight:700;\u00a0\u00bb global_colors_info=\u00a0\u00bb{}\u00a0\u00bb sticky_enabled=\u00a0\u00bb0&Prime;][\/et_pb_button][\/et_pb_column][\/et_pb_row][\/et_pb_section][et_pb_section fb_built=\u00a0\u00bb1&Prime; _builder_version=\u00a0\u00bb4.16&Prime; _module_preset=\u00a0\u00bbdefault\u00a0\u00bb background_color=\u00a0\u00bb#f5f5f5&Prime; global_colors_info=\u00a0\u00bb{}\u00a0\u00bb][et_pb_row column_structure=\u00a0\u00bb1_2,1_2&Prime; _builder_version=\u00a0\u00bb4.16&Prime; _module_preset=\u00a0\u00bbdefault\u00a0\u00bb global_colors_info=\u00a0\u00bb{}\u00a0\u00bb][et_pb_column type=\u00a0\u00bb1_2&Prime; _builder_version=\u00a0\u00bb4.16&Prime; _module_preset=\u00a0\u00bbdefault\u00a0\u00bb global_colors_info=\u00a0\u00bb{}\u00a0\u00bb][et_pb_text _builder_version=\u00a0\u00bb4.16&Prime; _module_preset=\u00a0\u00bbdefault\u00a0\u00bb global_colors_info=\u00a0\u00bb{}\u00a0\u00bb]<\/p>\n<h2>TOL\u00c9RANCE DES PI\u00c8CES MOBILES<\/h2>\n<p>&nbsp;<\/p>\n<p>Cette technologie permet d&rsquo;obtenir des pi\u00e8ces assembl\u00e9es par machine, mais aussi de fabriquer une pi\u00e8ce \u00e0 l&rsquo;int\u00e9rieur d&rsquo;une autre.<\/p>\n<p>Une fois la pi\u00e8ce fabriqu\u00e9e, la poudre sera retir\u00e9e, il sera donc n\u00e9cessaire de r\u00e9aliser une s\u00e9rie de reliefs pour faciliter son extraction. Une plus grande pr\u00e9cision peut \u00eatre obtenue en consultation avec nos techniciens.[\/et_pb_text][\/et_pb_column][et_pb_column type=\u00a0\u00bb1_2&Prime; _builder_version=\u00a0\u00bb4.16&Prime; _module_preset=\u00a0\u00bbdefault\u00a0\u00bb global_colors_info=\u00a0\u00bb{}\u00a0\u00bb][et_pb_image src=\u00a0\u00bbhttps:\/\/mizaradditive.com\/wp-content\/uploads\/2022\/03\/pixlr-bg-result-1.png\u00a0\u00bb alt=\u00a0\u00bbpixlr-bg-result\u00a0\u00bb title_text=\u00a0\u00bbpixlr-bg-result\u00a0\u00bb _builder_version=\u00a0\u00bb4.16&Prime; _module_preset=\u00a0\u00bbdefault\u00a0\u00bb global_colors_info=\u00a0\u00bb{}\u00a0\u00bb][\/et_pb_image][\/et_pb_column][\/et_pb_row][\/et_pb_section][et_pb_section fb_built=\u00a0\u00bb1&Prime; _builder_version=\u00a0\u00bb4.16&Prime; _module_preset=\u00a0\u00bbdefault\u00a0\u00bb global_colors_info=\u00a0\u00bb{}\u00a0\u00bb][et_pb_row _builder_version=\u00a0\u00bb4.16&Prime; _module_preset=\u00a0\u00bbdefault\u00a0\u00bb global_colors_info=\u00a0\u00bb{}\u00a0\u00bb][et_pb_column type=\u00a0\u00bb4_4&Prime; _builder_version=\u00a0\u00bb4.16&Prime; _module_preset=\u00a0\u00bbdefault\u00a0\u00bb global_colors_info=\u00a0\u00bb{}\u00a0\u00bb][et_pb_text _builder_version=\u00a0\u00bb4.17.4&Prime; _module_preset=\u00a0\u00bbdefault\u00a0\u00bb global_colors_info=\u00a0\u00bb{}\u00a0\u00bb]<\/p>\n<h2>SP\u00c9CIFICATIONS TECHNIQUES<\/h2>\n<p>&nbsp;<\/p>\n<table>\n<tbody>\n<tr class=\"row-1\">\n<td class=\"col-izq\" style=\"width: 50%;\">\u00c9paisseur minimale de la paroi<\/td>\n<td class=\"col-drch\" style=\"width: 50%;\"><span style=\"color: #0082c0;\">0,8 &#8211; 1 mm<\/span><\/td>\n<\/tr>\n<tr class=\"row-2\">\n<td class=\"col-izq\" style=\"width: 50%;\">Minimum de d\u00e9tails \u00e0 reproduire<\/td>\n<td class=\"col-drch\" style=\"width: 50%;\"><span style=\"color: #0082c0;\">0.3 mm<\/span><\/td>\n<\/tr>\n<tr class=\"row-3\">\n<td class=\"col-izq\" style=\"width: 50%;\">Pr\u00e9cision<\/td>\n<td class=\"col-drch\" style=\"width: 50%;\"><span style=\"color: #0082c0;\">0.1% (min +\/- 0,2)<\/span><\/td>\n<\/tr>\n<tr class=\"row-4\">\n<td class=\"col-izq\" style=\"width: 50%;\">Taille maximale de la pi\u00e8ce<\/td>\n<td class=\"col-drch\" style=\"width: 50%;\"><span style=\"color: #0082c0;\">340 * 340 * 600 mm<\/span><\/td>\n<\/tr>\n<tr class=\"row-5\">\n<td class=\"col-izq\" style=\"width: 50%;\">\u00c9paisseur de couche<\/td>\n<td class=\"col-drch\" style=\"width: 50%;\"><span style=\"color: #0082c0;\">0.120 mm<\/span><\/td>\n<\/tr>\n<\/tbody>\n<\/table>\n<p>[\/et_pb_text][\/et_pb_column][\/et_pb_row][\/et_pb_section][et_pb_section fb_built=\u00a0\u00bb1&Prime; _builder_version=\u00a0\u00bb4.16&Prime; _module_preset=\u00a0\u00bbdefault\u00a0\u00bb background_color=\u00a0\u00bb#f5f5f5&Prime; global_colors_info=\u00a0\u00bb{}\u00a0\u00bb][et_pb_row _builder_version=\u00a0\u00bb4.16&Prime; _module_preset=\u00a0\u00bbdefault\u00a0\u00bb global_colors_info=\u00a0\u00bb{}\u00a0\u00bb][et_pb_column type=\u00a0\u00bb4_4&Prime; _builder_version=\u00a0\u00bb4.16&Prime; _module_preset=\u00a0\u00bbdefault\u00a0\u00bb global_colors_info=\u00a0\u00bb{}\u00a0\u00bb][et_pb_text _builder_version=\u00a0\u00bb4.16&Prime; _module_preset=\u00a0\u00bbdefault\u00a0\u00bb global_colors_info=\u00a0\u00bb{}\u00a0\u00bb]<\/p>\n<h2>PERSONNALISEZ VOS PI\u00c8CES<\/h2>\n<p>&nbsp;<\/p>\n<p>Suivez nos recommendations pour inclure des textes personnalis\u00e9s dans vos pi\u00e8ces SLS.<br \/>\nSi vous souhaitez graver le texte \u00e0 l&rsquo;int\u00e9rieur, les param\u00e8tres \u00e0 respecter devront \u00eatre plus \u00e9lev\u00e9s afin d&rsquo;obtenir le r\u00e9sultat souhait\u00e9.[\/et_pb_text][\/et_pb_column][\/et_pb_row][et_pb_row column_structure=\u00a0\u00bb1_2,1_2&Prime; _builder_version=\u00a0\u00bb4.16&Prime; _module_preset=\u00a0\u00bbdefault\u00a0\u00bb global_colors_info=\u00a0\u00bb{}\u00a0\u00bb][et_pb_column type=\u00a0\u00bb1_2&Prime; _builder_version=\u00a0\u00bb4.16&Prime; _module_preset=\u00a0\u00bbdefault\u00a0\u00bb global_colors_info=\u00a0\u00bb{}\u00a0\u00bb][et_pb_text _builder_version=\u00a0\u00bb4.16&Prime; _module_preset=\u00a0\u00bbdefault\u00a0\u00bb background_color=\u00a0\u00bb#FFFFFF\u00a0\u00bb custom_padding=\u00a0\u00bb20px|20px|20px|20px|true|true\u00a0\u00bb global_colors_info=\u00a0\u00bb{}\u00a0\u00bb]<img loading=\"lazy\" decoding=\"async\" class=\"wp-image-13352 alignnone size-medium\" src=\"https:\/\/mizaradditive.com\/wp-content\/uploads\/2022\/03\/Group-300-300x164.webp\" alt=\"pieza-texto-relieve\" width=\"488\" height=\"267\" srcset=\"https:\/\/mizaradditive.com\/wp-content\/uploads\/2022\/03\/Group-300-300x164.webp 300w, https:\/\/mizaradditive.com\/wp-content\/uploads\/2022\/03\/Group-300.webp 458w\" sizes=\"(max-width: 488px) 100vw, 488px\" \/><\/p>\n<p><strong><span style=\"color: #0082c0;\">Texte en relief<\/span><\/strong><\/p>\n<p><span style=\"color: #0082c0;\"><strong>h<\/strong>min<\/span> 1 mm\u00a0 \u00a0 <span style=\"color: #0082c0;\"><strong>e<\/strong>min<\/span> 1,2 mm\u00a0 \u00a0 \u00a0<span style=\"color: #0082c0;\"><strong>H<\/strong>min<\/span> 3,5 mm[\/et_pb_text][\/et_pb_column][et_pb_column type=\u00a0\u00bb1_2&Prime; _builder_version=\u00a0\u00bb4.16&Prime; _module_preset=\u00a0\u00bbdefault\u00a0\u00bb global_colors_info=\u00a0\u00bb{}\u00a0\u00bb][et_pb_text _builder_version=\u00a0\u00bb4.16&Prime; _module_preset=\u00a0\u00bbdefault\u00a0\u00bb background_color=\u00a0\u00bb#FFFFFF\u00a0\u00bb custom_padding=\u00a0\u00bb20px|20px|20px|20px|true|true\u00a0\u00bb locked=\u00a0\u00bboff\u00a0\u00bb global_colors_info=\u00a0\u00bb{}\u00a0\u00bb]<\/p>\n<p><img loading=\"lazy\" decoding=\"async\" src=\"https:\/\/mizaradditive.com\/wp-content\/uploads\/2022\/03\/Group-299-300x172.webp\" width=\"462\" height=\"265\" alt=\"pieza-texto-grabado\" class=\"wp-image-13349 alignnone size-medium\" srcset=\"https:\/\/mizaradditive.com\/wp-content\/uploads\/2022\/03\/Group-299-300x172.webp 300w, https:\/\/mizaradditive.com\/wp-content\/uploads\/2022\/03\/Group-299.webp 429w\" sizes=\"(max-width: 462px) 100vw, 462px\" \/><\/p>\n<p><strong><span style=\"color: #0082c0;\">Texte en gravure<\/span><\/strong><\/p>\n<p><span style=\"color: #0082c0;\"><strong>h<\/strong>min<\/span> 1 ,6 mm\u00a0 \u00a0 \u00a0<span style=\"color: #0082c0;\"><strong>e<\/strong>min<\/span> 1,2 mm\u00a0 \u00a0 \u00a0<span style=\"color: #0082c0;\"><strong>H<\/strong>min<\/span> 4,5 mm<\/p>\n<p>[\/et_pb_text][\/et_pb_column][\/et_pb_row][\/et_pb_section][et_pb_section fb_built=\u00a0\u00bb1&Prime; _builder_version=\u00a0\u00bb4.16&Prime; _module_preset=\u00a0\u00bbdefault\u00a0\u00bb global_colors_info=\u00a0\u00bb{}\u00a0\u00bb][et_pb_row column_structure=\u00a0\u00bb1_2,1_2&Prime; _builder_version=\u00a0\u00bb4.16&Prime; _module_preset=\u00a0\u00bbdefault\u00a0\u00bb global_colors_info=\u00a0\u00bb{}\u00a0\u00bb][et_pb_column type=\u00a0\u00bb1_2&Prime; _builder_version=\u00a0\u00bb4.16&Prime; _module_preset=\u00a0\u00bbdefault\u00a0\u00bb global_colors_info=\u00a0\u00bb{}\u00a0\u00bb][et_pb_text _builder_version=\u00a0\u00bb4.16&Prime; _module_preset=\u00a0\u00bbdefault\u00a0\u00bb z_index=\u00a0\u00bb206&Prime; width=\u00a0\u00bb100%\u00a0\u00bb global_colors_info=\u00a0\u00bb{}\u00a0\u00bb]<\/p>\n<h2>TAILLE<\/h2>\n<p>&nbsp;<\/p>\n<p>La taille maximale des pi\u00e8ces est de 340x340x600 mm. Il est n\u00e9anmoins possible de produire des pi\u00e8ces plus grandes. La pi\u00e8ce est alors divis\u00e9e en plusieurs parties qui sont ensuite coll\u00e9es ensemble.<br \/>\nLe r\u00e9sultat final garantit l&rsquo;assemblage correct des pi\u00e8ces.[\/et_pb_text][\/et_pb_column][et_pb_column type=\u00a0\u00bb1_2&Prime; _builder_version=\u00a0\u00bb4.16&Prime; _module_preset=\u00a0\u00bbdefault\u00a0\u00bb global_colors_info=\u00a0\u00bb{}\u00a0\u00bb][et_pb_image src=\u00a0\u00bbhttps:\/\/mizaradditive.com\/wp-content\/uploads\/2022\/03\/IMG_2392-1-1.webp\u00a0\u00bb alt=\u00a0\u00bbIMG_2392 (1) 1&Prime; title_text=\u00a0\u00bbIMG_2392 (1) 1&Prime; align=\u00a0\u00bbcenter\u00a0\u00bb disabled_on=\u00a0\u00bboff|off|off\u00a0\u00bb _builder_version=\u00a0\u00bb4.16&Prime; _module_preset=\u00a0\u00bbdefault\u00a0\u00bb width=\u00a0\u00bb100%\u00a0\u00bb min_height=\u00a0\u00bb253.2px\u00a0\u00bb max_height=\u00a0\u00bb352px\u00a0\u00bb global_colors_info=\u00a0\u00bb{}\u00a0\u00bb][\/et_pb_image][\/et_pb_column][\/et_pb_row][\/et_pb_section][et_pb_section fb_built=\u00a0\u00bb1&Prime; _builder_version=\u00a0\u00bb4.16&Prime; _module_preset=\u00a0\u00bbdefault\u00a0\u00bb background_color=\u00a0\u00bb#f5f5f5&Prime; global_colors_info=\u00a0\u00bb{}\u00a0\u00bb][et_pb_row _builder_version=\u00a0\u00bb4.16&Prime; _module_preset=\u00a0\u00bbdefault\u00a0\u00bb global_colors_info=\u00a0\u00bb{}\u00a0\u00bb][et_pb_column type=\u00a0\u00bb4_4&Prime; _builder_version=\u00a0\u00bb4.16&Prime; _module_preset=\u00a0\u00bbdefault\u00a0\u00bb global_colors_info=\u00a0\u00bb{}\u00a0\u00bb][et_pb_text _builder_version=\u00a0\u00bb4.16&Prime; _module_preset=\u00a0\u00bbdefault\u00a0\u00bb global_colors_info=\u00a0\u00bb{}\u00a0\u00bb]<\/p>\n<h4>Articles int\u00e9ressants<\/h4>\n<p>[\/et_pb_text][\/et_pb_column][\/et_pb_row][et_pb_row _builder_version=\u00a0\u00bb4.16&Prime; _module_preset=\u00a0\u00bbdefault\u00a0\u00bb global_colors_info=\u00a0\u00bb{}\u00a0\u00bb][et_pb_column type=\u00a0\u00bb4_4&Prime; _builder_version=\u00a0\u00bb4.16&Prime; _module_preset=\u00a0\u00bbdefault\u00a0\u00bb global_colors_info=\u00a0\u00bb{}\u00a0\u00bb][et_pb_blog fullwidth=\u00a0\u00bboff\u00a0\u00bb posts_number=\u00a0\u00bb3&Prime; _builder_version=\u00a0\u00bb4.16&Prime; _module_preset=\u00a0\u00bbdefault\u00a0\u00bb global_colors_info=\u00a0\u00bb{}\u00a0\u00bb][\/et_pb_blog][\/et_pb_column][\/et_pb_row][\/et_pb_section]<\/p>\n","protected":false},"excerpt":{"rendered":"<p>Le frittage laser (SLS) est un proc\u00e9d\u00e9 de fabrication additive dans lequel les pi\u00e8ces sont fabriqu\u00e9es \u00e0 partir de poudre de polym\u00e8re. Le mat\u00e9riau est chauff\u00e9 dans la chambre de fabrication \u00e0 une temp\u00e9rature proche de la temp\u00e9rature de fusion, puis un laser le fait fondre en agissant sur des zones sp\u00e9cifiques pour cr\u00e9er la<a class=\"moretag\" \n href=\"https:\/\/mizaradditive.com\/fr\/selective-laser-sintering-sls\/\"> Ver m\u00e1s<\/a><\/p>\n","protected":false},"author":5,"featured_media":0,"parent":0,"menu_order":0,"comment_status":"closed","ping_status":"closed","template":"","meta":{"_et_pb_use_builder":"on","_et_pb_old_content":"","_et_gb_content_width":"","footnotes":""},"categories":[],"tags":[],"class_list":["post-15019","page","type-page","status-publish","hentry"],"_links":{"self":[{"href":"https:\/\/mizaradditive.com\/fr\/wp-json\/wp\/v2\/pages\/15019","targetHints":{"allow":["GET"]}}],"collection":[{"href":"https:\/\/mizaradditive.com\/fr\/wp-json\/wp\/v2\/pages"}],"about":[{"href":"https:\/\/mizaradditive.com\/fr\/wp-json\/wp\/v2\/types\/page"}],"author":[{"embeddable":true,"href":"https:\/\/mizaradditive.com\/fr\/wp-json\/wp\/v2\/users\/5"}],"replies":[{"embeddable":true,"href":"https:\/\/mizaradditive.com\/fr\/wp-json\/wp\/v2\/comments?post=15019"}],"version-history":[{"count":5,"href":"https:\/\/mizaradditive.com\/fr\/wp-json\/wp\/v2\/pages\/15019\/revisions"}],"predecessor-version":[{"id":15341,"href":"https:\/\/mizaradditive.com\/fr\/wp-json\/wp\/v2\/pages\/15019\/revisions\/15341"}],"wp:attachment":[{"href":"https:\/\/mizaradditive.com\/fr\/wp-json\/wp\/v2\/media?parent=15019"}],"wp:term":[{"taxonomy":"category","embeddable":true,"href":"https:\/\/mizaradditive.com\/fr\/wp-json\/wp\/v2\/categories?post=15019"},{"taxonomy":"post_tag","embeddable":true,"href":"https:\/\/mizaradditive.com\/fr\/wp-json\/wp\/v2\/tags?post=15019"}],"curies":[{"name":"wp","href":"https:\/\/api.w.org\/{rel}","templated":true}]}}