{"id":7364,"date":"2021-07-07T12:31:35","date_gmt":"2021-07-07T12:31:35","guid":{"rendered":"https:\/\/stag.mizaradditive.tech\/industry-sector\/"},"modified":"2022-08-04T11:54:14","modified_gmt":"2022-08-04T09:54:14","slug":"industry-sector","status":"publish","type":"page","link":"https:\/\/mizaradditive.com\/en\/industry-sector\/","title":{"rendered":"INDUSTRY SECTOR"},"content":{"rendered":"<p>[et_pb_section fb_built=&#8221;1&#8243; fullwidth=&#8221;on&#8221; module_class=&#8221;tiddifudge&#8221; _builder_version=&#8221;4.17.4&#8243; _module_preset=&#8221;default&#8221; hover_enabled=&#8221;0&#8243; global_colors_info=&#8221;{}&#8221; alt=&#8221;HEADER_bg_INDUSTRIA&#8221; title_text=&#8221;HEADER_bg_INDUSTRIA&#8221; background_image=&#8221;https:\/\/mizaradditive.com\/wp-content\/uploads\/2021\/11\/HEADER_bg_INDUSTRIA.webp&#8221; min_height=&#8221;450px&#8221; max_height=&#8221;450px&#8221; custom_padding=&#8221;4%||4%||true|false&#8221; sticky_enabled=&#8221;0&#8243;][et_pb_fullwidth_header title=&#8221;FABRICACI\u00d3N ADITIVA INDUSTRIAL&#8221; _builder_version=&#8221;4.17.4&#8243; _module_preset=&#8221;default&#8221; subhead=&#8221;Industria y futuro de la misma mano&#8221; background_enable_color=&#8221;off&#8221; title_font=&#8221;|700|||||||&#8221; title_font_size=&#8221;65px&#8221; subhead_font_size=&#8221;26px&#8221; subhead_font=&#8221;|600|||||||&#8221; hover_enabled=&#8221;0&#8243; sticky_enabled=&#8221;0&#8243;][\/et_pb_fullwidth_header][\/et_pb_section][et_pb_section fb_built=&#8221;1&#8243; _builder_version=&#8221;4.16&#8243; _module_preset=&#8221;default&#8221; custom_margin=&#8221;||0px||false|false&#8221; custom_padding=&#8221;||0px||false|false&#8221; global_colors_info=&#8221;{}&#8221;][et_pb_row _builder_version=&#8221;4.16&#8243; _module_preset=&#8221;default&#8221; global_colors_info=&#8221;{}&#8221;][et_pb_column type=&#8221;4_4&#8243; _builder_version=&#8221;4.16&#8243; _module_preset=&#8221;default&#8221; global_colors_info=&#8221;{}&#8221;][et_pb_text _builder_version=&#8221;4.16&#8243; _module_preset=&#8221;default&#8221; header_2_text_color=&#8221;#002c61&#8243; global_colors_info=&#8221;{}&#8221;]<\/p>\n<h2 class=\"h2subtitle\"><strong>OUR PRODUCTION CAPACITIES FOR INDUSTRY<\/strong><\/h2>\n<p><span>We cover all the production needs of the industrial sector with customised solutions, thanks to our highly specialised human and technological teams. <\/span><\/p>\n<p>[\/et_pb_text][\/et_pb_column][\/et_pb_row][\/et_pb_section][et_pb_section fb_built=&#8221;1&#8243; _builder_version=&#8221;4.16&#8243; _module_preset=&#8221;default&#8221; custom_padding=&#8221;1%||||false|false&#8221; global_colors_info=&#8221;{}&#8221;][et_pb_row column_structure=&#8221;1_3,1_3,1_3&#8243; _builder_version=&#8221;4.16&#8243; _module_preset=&#8221;default&#8221; custom_margin=&#8221;||0px||false|false&#8221; custom_padding=&#8221;||0px||false|false&#8221; global_colors_info=&#8221;{}&#8221;][et_pb_column type=&#8221;1_3&#8243; _builder_version=&#8221;4.16&#8243; _module_preset=&#8221;default&#8221; global_colors_info=&#8221;{}&#8221;][et_pb_text _builder_version=&#8221;4.16&#8243; _module_preset=&#8221;default&#8221; header_3_text_color=&#8221;#FFFFFF&#8221; background_image=&#8221;https:\/\/mizaradditive.com\/wp-content\/uploads\/2021\/10\/utillaje_img.jpg&#8221; background_size=&#8221;contain&#8221; text_orientation=&#8221;center&#8221; custom_padding=&#8221;50%||50%||true|false&#8221; global_colors_info=&#8221;{}&#8221;]<\/p>\n<h3>TOOLS AND TEMPLATES<\/h3>\n<p>[\/et_pb_text][\/et_pb_column][et_pb_column type=&#8221;1_3&#8243; _builder_version=&#8221;4.16&#8243; _module_preset=&#8221;default&#8221; global_colors_info=&#8221;{}&#8221;][et_pb_text _builder_version=&#8221;4.16&#8243; _module_preset=&#8221;default&#8221; header_3_text_color=&#8221;#FFFFFF&#8221; background_image=&#8221;https:\/\/mizaradditive.com\/wp-content\/uploads\/2021\/10\/prototips_img.jpg&#8221; background_size=&#8221;contain&#8221; text_orientation=&#8221;center&#8221; custom_padding=&#8221;50%||50%||true|false&#8221; global_colors_info=&#8221;{}&#8221;]<\/p>\n<h3>PROTOTYPES<\/h3>\n<p>[\/et_pb_text][\/et_pb_column][et_pb_column type=&#8221;1_3&#8243; _builder_version=&#8221;4.16&#8243; _module_preset=&#8221;default&#8221; global_colors_info=&#8221;{}&#8221;][et_pb_text _builder_version=&#8221;4.16&#8243; _module_preset=&#8221;default&#8221; header_3_text_color=&#8221;#FFFFFF&#8221; background_image=&#8221;https:\/\/mizaradditive.com\/wp-content\/uploads\/2021\/10\/series_medias_img.jpg&#8221; background_size=&#8221;contain&#8221; text_orientation=&#8221;center&#8221; custom_padding=&#8221;50%||50%||true|false&#8221; global_colors_info=&#8221;{}&#8221;]<\/p>\n<h3>MEDIUM SERIES<\/h3>\n<p>[\/et_pb_text][\/et_pb_column][\/et_pb_row][et_pb_row column_structure=&#8221;1_3,1_3,1_3&#8243; _builder_version=&#8221;4.16&#8243; _module_preset=&#8221;default&#8221; global_colors_info=&#8221;{}&#8221;][et_pb_column type=&#8221;1_3&#8243; _builder_version=&#8221;4.16&#8243; _module_preset=&#8221;default&#8221; global_colors_info=&#8221;{}&#8221;][et_pb_text _builder_version=&#8221;4.16&#8243; _module_preset=&#8221;default&#8221; header_3_text_color=&#8221;#FFFFFF&#8221; background_image=&#8221;https:\/\/mizaradditive.com\/wp-content\/uploads\/2021\/10\/Grupos_img.jpg&#8221; background_size=&#8221;contain&#8221; text_orientation=&#8221;center&#8221; custom_padding=&#8221;50%||50%||true|false&#8221; global_colors_info=&#8221;{}&#8221;]<\/p>\n<h3>HYDRAULIC POWER PACKS<\/h3>\n<p>[\/et_pb_text][\/et_pb_column][et_pb_column type=&#8221;1_3&#8243; _builder_version=&#8221;4.16&#8243; _module_preset=&#8221;default&#8221; global_colors_info=&#8221;{}&#8221;][et_pb_text _builder_version=&#8221;4.16&#8243; _module_preset=&#8221;default&#8221; header_3_text_color=&#8221;#FFFFFF&#8221; background_image=&#8221;https:\/\/mizaradditive.com\/wp-content\/uploads\/2021\/10\/piezs_cond_int_img.jpg&#8221; background_size=&#8221;contain&#8221; text_orientation=&#8221;center&#8221; custom_margin=&#8221;0px||0px||true|false&#8221; custom_padding=&#8221;47%||47%||true|false&#8221; global_colors_info=&#8221;{}&#8221;]<\/p>\n<h3>PARTS WITH INTERNAL DUCTS<\/h3>\n<p>[\/et_pb_text][\/et_pb_column][et_pb_column type=&#8221;1_3&#8243; _builder_version=&#8221;4.16&#8243; _module_preset=&#8221;default&#8221; global_colors_info=&#8221;{}&#8221;][et_pb_text _builder_version=&#8221;4.17.4&#8243; _module_preset=&#8221;default&#8221; background_color=&#8221;#f2f2f2&#8243; background_enable_image=&#8221;off&#8221; background_size=&#8221;contain&#8221; custom_margin=&#8221;13px||||false|false&#8221; custom_padding=&#8221;10.5%|10.85%|13.5%|10.85%|false|true&#8221; global_colors_info=&#8221;{}&#8221;]<\/p>\n<h3>CONTACTO<\/h3>\n<p><span>El sector industrial es nuestra especialidad, somos la mejor respuesta a tus necesidades. Ll\u00e1manos y compru\u00e9balo.<\/span><\/p>\n<p><span>Estamos a tu disposici\u00f3n para ofrecerte las soluciones que necesitas.<\/span><\/p>\n<p><span><\/span><\/p>\n<div style=\"text-align: center; width: 100%;\"><a href=\"\/contacto\/\" style=\"border: 2pt solid; padding: 2% 10%;\">Solicitar informaci\u00f3n<\/a><\/div>\n<p>[\/et_pb_text][\/et_pb_column][\/et_pb_row][\/et_pb_section][et_pb_section fb_built=&#8221;1&#8243; disabled_on=&#8221;on|on|off&#8221; _builder_version=&#8221;4.16&#8243; _module_preset=&#8221;default&#8221; background_color=&#8221;#f2f2f2&#8243; global_colors_info=&#8221;{}&#8221;][et_pb_row _builder_version=&#8221;4.16&#8243; _module_preset=&#8221;default&#8221; global_colors_info=&#8221;{}&#8221;][et_pb_column type=&#8221;4_4&#8243; _builder_version=&#8221;4.16&#8243; _module_preset=&#8221;default&#8221; global_colors_info=&#8221;{}&#8221;][et_pb_text _builder_version=&#8221;4.16&#8243; _module_preset=&#8221;default&#8221; header_2_text_color=&#8221;#002c61&#8243; global_colors_info=&#8221;{}&#8221;]<\/p>\n<h2 class=\"h2subtitle\"><strong>APPLICATION OF ADDITIVE MANUFACTURING IN AN INDUSTRIAL PRODUCT<\/strong><\/h2>\n<p><span>We have a thorough understanding of the stages of the additive manufacturing cycle for industrial products. Expert solutions for an expert industry. <\/span><\/p>\n<p>[\/et_pb_text][\/et_pb_column][\/et_pb_row][et_pb_row _builder_version=&#8221;4.16&#8243; _module_preset=&#8221;default&#8221; global_colors_info=&#8221;{}&#8221;][et_pb_column type=&#8221;4_4&#8243; _builder_version=&#8221;4.16&#8243; _module_preset=&#8221;default&#8221; global_colors_info=&#8221;{}&#8221;][et_pb_image src=&#8221;https:\/\/mizaradditive.com\/wp-content\/uploads\/2021\/11\/ES.png&#8221; title_text=&#8221;ES&#8221; _builder_version=&#8221;4.16&#8243; _module_preset=&#8221;default&#8221; global_colors_info=&#8221;{}&#8221;][\/et_pb_image][\/et_pb_column][\/et_pb_row][\/et_pb_section][et_pb_section fb_built=&#8221;1&#8243; disabled_on=&#8221;off|off|on&#8221; _builder_version=&#8221;4.16&#8243; _module_preset=&#8221;default&#8221; background_color=&#8221;#f2f2f2&#8243; global_colors_info=&#8221;{}&#8221;][et_pb_row _builder_version=&#8221;4.16&#8243; _module_preset=&#8221;default&#8221; global_colors_info=&#8221;{}&#8221;][et_pb_column type=&#8221;4_4&#8243; _builder_version=&#8221;4.16&#8243; _module_preset=&#8221;default&#8221; global_colors_info=&#8221;{}&#8221;][et_pb_text _builder_version=&#8221;4.16&#8243; _module_preset=&#8221;default&#8221; header_2_text_color=&#8221;#002c61&#8243; global_colors_info=&#8221;{}&#8221;]<\/p>\n<h2 class=\"h2subtitle\"><strong>APPLICATION OF ADDITIVE MANUFACTURING IN AN INDUSTRIAL PRODUCT<\/strong><\/h2>\n<p><span>We have a thorough understanding of the stages of the additive manufacturing cycle for industrial products. Expert solutions for an expert industry. <\/span><\/p>\n<p>[\/et_pb_text][\/et_pb_column][\/et_pb_row][et_pb_row column_structure=&#8221;1_4,1_4,1_4,1_4&#8243; _builder_version=&#8221;4.16&#8243; _module_preset=&#8221;default&#8221; global_colors_info=&#8221;{}&#8221;][et_pb_column type=&#8221;1_4&#8243; _builder_version=&#8221;4.16&#8243; _module_preset=&#8221;default&#8221; global_colors_info=&#8221;{}&#8221;][et_pb_text _builder_version=&#8221;4.16&#8243; _module_preset=&#8221;default&#8221; global_colors_info=&#8221;{}&#8221;]<\/p>\n<h3><strong>DESIGN<\/strong><\/h3>\n<p>Validation of the design. PROTOTYPING<\/p>\n<p>[\/et_pb_text][\/et_pb_column][et_pb_column type=&#8221;1_4&#8243; _builder_version=&#8221;4.16&#8243; _module_preset=&#8221;default&#8221; global_colors_info=&#8221;{}&#8221;][et_pb_text _builder_version=&#8221;4.16&#8243; _module_preset=&#8221;default&#8221; global_colors_info=&#8221;{}&#8221;]<\/p>\n<h3><strong>PRE-SERIES<\/strong><\/h3>\n<p>Short series before mass production moulds.<\/p>\n<p>[\/et_pb_text][\/et_pb_column][et_pb_column type=&#8221;1_4&#8243; _builder_version=&#8221;4.16&#8243; _module_preset=&#8221;default&#8221; global_colors_info=&#8221;{}&#8221;][et_pb_text _builder_version=&#8221;4.16&#8243; _module_preset=&#8221;default&#8221; global_colors_info=&#8221;{}&#8221;]<\/p>\n<h3><strong>PRODUCTION<\/strong><\/h3>\n<p>Tooling. Optimised spare parts<\/p>\n<p>[\/et_pb_text][\/et_pb_column][et_pb_column type=&#8221;1_4&#8243; _builder_version=&#8221;4.16&#8243; _module_preset=&#8221;default&#8221; global_colors_info=&#8221;{}&#8221;][et_pb_text _builder_version=&#8221;4.16&#8243; _module_preset=&#8221;default&#8221; global_colors_info=&#8221;{}&#8221;]<\/p>\n<h3><strong>MERCADO POSTERIOR<\/strong><\/h3>\n<p>Price on request. After Market Spare Parts<\/p>\n<p>[\/et_pb_text][\/et_pb_column][\/et_pb_row][et_pb_row disabled_on=&#8221;off|off|off&#8221; _builder_version=&#8221;4.16&#8243; _module_preset=&#8221;default&#8221; global_colors_info=&#8221;{}&#8221;][et_pb_column type=&#8221;4_4&#8243; _builder_version=&#8221;4.16&#8243; _module_preset=&#8221;default&#8221; global_colors_info=&#8221;{}&#8221;][et_pb_image src=&#8221;https:\/\/mizaradditive.com\/wp-content\/uploads\/2021\/10\/rueda_img.png&#8221; alt=&#8221;wheel_img&#8221; title_text=&#8221;wheel_2_img&#8221; align=&#8221;center&#8221; _builder_version=&#8221;4.16&#8243; _module_preset=&#8221;default&#8221; global_colors_info=&#8221;{}&#8221;][\/et_pb_image][\/et_pb_column][\/et_pb_row][\/et_pb_section][et_pb_section fb_built=&#8221;1&#8243; _builder_version=&#8221;4.16&#8243; _module_preset=&#8221;default&#8221; global_colors_info=&#8221;{}&#8221;][et_pb_row _builder_version=&#8221;4.16&#8243; _module_preset=&#8221;default&#8221; custom_margin=&#8221;||||false|false&#8221; custom_padding=&#8221;||60px||false|false&#8221; global_colors_info=&#8221;{}&#8221;][et_pb_column type=&#8221;4_4&#8243; _builder_version=&#8221;4.16&#8243; _module_preset=&#8221;default&#8221; global_colors_info=&#8221;{}&#8221;][et_pb_text _builder_version=&#8221;4.16&#8243; _module_preset=&#8221;default&#8221; header_2_text_color=&#8221;#002c61&#8243; global_colors_info=&#8221;{}&#8221;]<\/p>\n<h2 class=\"h2subtitle\"><strong>TYPES OF ADDITIVE MANUFACTURING<\/strong><strong><\/strong><\/h2>\n<p><span>Leading company in additive manufacturing for the industry in metal alloys and plastic materials. <\/span><\/p>\n<p>[\/et_pb_text][\/et_pb_column][\/et_pb_row][et_pb_row column_structure=&#8221;1_2,1_2&#8243; _builder_version=&#8221;4.16&#8243; _module_preset=&#8221;default&#8221; custom_margin=&#8221;4%||||false|false&#8221; global_colors_info=&#8221;{}&#8221;][et_pb_column type=&#8221;1_2&#8243; _builder_version=&#8221;4.16&#8243; _module_preset=&#8221;default&#8221; global_colors_info=&#8221;{}&#8221;][et_pb_blurb title=&#8221;PLASTIC&#8221; image=&#8221;https:\/\/mizaradditive.com\/wp-content\/uploads\/2021\/11\/foto-plastico_img-1.webp&#8221; alt=&#8221;foto-plastico_img&#8221; _builder_version=&#8221;4.16&#8243; _module_preset=&#8221;default&#8221; header_font=&#8221;|||on|||||&#8221; background_color=&#8221;#f2f2f2&#8243; max_height=&#8221;395px&#8221; custom_padding=&#8221;5%|5%|5%|5%|true|true&#8221; custom_css_blurb_image=&#8221;transform: scale(1.2)&#8221; custom_css_blurb_content=&#8221;transform: translateY(-27%)&#8221; global_colors_info=&#8221;{}&#8221;]<\/p>\n<p><span>Metal additive manufacturing for industrial parts <\/span><\/p>\n<p>&nbsp;<\/p>\n<p>[\/et_pb_blurb][\/et_pb_column][et_pb_column type=&#8221;1_2&#8243; _builder_version=&#8221;4.16&#8243; _module_preset=&#8221;default&#8221; global_colors_info=&#8221;{}&#8221;][et_pb_blurb title=&#8221;METAL&#8221; image=&#8221;https:\/\/mizaradditive.com\/wp-content\/uploads\/2021\/11\/foto-metal_img.webp&#8221; alt=&#8221;foto metal_img&#8221; _builder_version=&#8221;4.16&#8243; _module_preset=&#8221;default&#8221; background_color=&#8221;#f2f2f2&#8243; max_height=&#8221;395px&#8221; custom_padding=&#8221;5%|5%|5%|5%|true|true&#8221; custom_css_blurb_image=&#8221;transform: scale(1.2)&#8221; custom_css_blurb_content=&#8221;transform: translateY(-27%)&#8221; global_colors_info=&#8221;{}&#8221;]<\/p>\n<p>Fabricaci\u00f3n de piezas met\u00e1licas en aleaciones de primer nivel como Aluminio, Acero 316L, Acero 1,2709, \u2026<\/p>\n<p>[\/et_pb_blurb][\/et_pb_column][\/et_pb_row][\/et_pb_section][et_pb_section fb_built=&#8221;1&#8243; _builder_version=&#8221;4.16&#8243; _module_preset=&#8221;default&#8221; background_color=&#8221;#f2f2f2&#8243; global_colors_info=&#8221;{}&#8221;][et_pb_row _builder_version=&#8221;4.16&#8243; _module_preset=&#8221;default&#8221; global_colors_info=&#8221;{}&#8221;][et_pb_column type=&#8221;4_4&#8243; _builder_version=&#8221;4.16&#8243; _module_preset=&#8221;default&#8221; global_colors_info=&#8221;{}&#8221;][et_pb_text _builder_version=&#8221;4.16&#8243; _module_preset=&#8221;default&#8221; header_2_text_color=&#8221;#002c61&#8243; global_colors_info=&#8221;{}&#8221;]<\/p>\n<h2 class=\"h2subtitle\"><strong>BENEFITS OF ADDITIVE MANUFACTURING FOR THE INDUSTRIAL SECTOR<\/strong><strong><\/strong><\/h2>\n<p><span>Additive Manufacturing and its benefits at the service of the industrial sector thanks to our <em>know-how<\/em> and our machinery. <\/span><\/p>\n<p>[\/et_pb_text][\/et_pb_column][\/et_pb_row][et_pb_row column_structure=&#8221;1_4,1_4,1_4,1_4&#8243; _builder_version=&#8221;4.16&#8243; _module_preset=&#8221;default&#8221; global_colors_info=&#8221;{}&#8221;][et_pb_column type=&#8221;1_4&#8243; _builder_version=&#8221;4.16&#8243; _module_preset=&#8221;default&#8221; global_colors_info=&#8221;{}&#8221;][et_pb_blurb title=&#8221;Cost savings&#8221; image=&#8221;https:\/\/mizaradditive.com\/wp-content\/uploads\/2021\/10\/ahorro.png&#8221; alt=&#8221;Savings&#8221; icon_alignment=&#8221;left&#8221; _builder_version=&#8221;4.16&#8243; _module_preset=&#8221;default&#8221; header_font=&#8221;|600|||||||&#8221; background_color=&#8221;#FFFFFF&#8221; custom_padding=&#8221;5%|8%|5%|8%|true|true&#8221; custom_css_main_element=&#8221;height: 425px &#8221; global_colors_info=&#8221;{}&#8221;]<\/p>\n<p>&nbsp;<\/p>\n<p>Medium production saves costs due to the unification of processes, elimination of stock.<\/p>\n<p>[\/et_pb_blurb][\/et_pb_column][et_pb_column type=&#8221;1_4&#8243; _builder_version=&#8221;4.16&#8243; _module_preset=&#8221;default&#8221; global_colors_info=&#8221;{}&#8221;][et_pb_blurb title=&#8221;Product (Re)Design&#8221; image=&#8221;https:\/\/mizaradditive.com\/wp-content\/uploads\/2021\/10\/rediseno.png&#8221; alt=&#8221;Redesign&#8221; icon_alignment=&#8221;left&#8221; _builder_version=&#8221;4.16&#8243; _module_preset=&#8221;default&#8221; header_font=&#8221;|600|||||||&#8221; background_color=&#8221;#FFFFFF&#8221; custom_padding=&#8221;5%|8%|5%|8%|true|true&#8221; custom_css_main_element=&#8221;height: 425px &#8221; global_colors_info=&#8221;{}&#8221;]<\/p>\n<p>Additive manufacturing enables rapid prototyping and series customisation with complex geometry materials.<\/p>\n<p>&nbsp;<\/p>\n<p>[\/et_pb_blurb][\/et_pb_column][et_pb_column type=&#8221;1_4&#8243; _builder_version=&#8221;4.16&#8243; _module_preset=&#8221;default&#8221; global_colors_info=&#8221;{}&#8221;][et_pb_blurb title=&#8221;Improved assembly&#8221; image=&#8221;https:\/\/mizaradditive.com\/wp-content\/uploads\/2021\/10\/mejora-esm.png&#8221; alt=&#8221;Improved assembly&#8221; icon_alignment=&#8221;left&#8221; _builder_version=&#8221;4.16&#8243; _module_preset=&#8221;default&#8221; header_font=&#8221;|600|||||||&#8221; background_color=&#8221;#FFFFFF&#8221; custom_padding=&#8221;5%|8%|5%|8%|true|true&#8221; custom_css_main_element=&#8221;height: 425px &#8221; global_colors_info=&#8221;{}&#8221;]<\/p>\n<p>The unification of processes enabled by additive manufacturing ensures better assembly by reducing the number of parts.<\/p>\n<p>&nbsp;<\/p>\n<p>[\/et_pb_blurb][\/et_pb_column][et_pb_column type=&#8221;1_4&#8243; _builder_version=&#8221;4.16&#8243; _module_preset=&#8221;default&#8221; global_colors_info=&#8221;{}&#8221;][et_pb_blurb title=&#8221;Supply chain&#8221; image=&#8221;https:\/\/mizaradditive.com\/wp-content\/uploads\/2021\/10\/cadena.png&#8221; alt=&#8221;Supply chain&#8221; icon_alignment=&#8221;left&#8221; _builder_version=&#8221;4.16&#8243; _module_preset=&#8221;default&#8221; background_color=&#8221;#FFFFFF&#8221; custom_padding=&#8221;5%|8%|5%|8%|true|true&#8221; custom_css_main_element=&#8221;height: 425px &#8221; global_colors_info=&#8221;{}&#8221;]<\/p>\n<p>Elimination of stock ensures immediate availability and cost savings<\/p>\n<p>&nbsp;<\/p>\n<p>[\/et_pb_blurb][\/et_pb_column][\/et_pb_row][et_pb_row column_structure=&#8221;1_4,1_4,1_4,1_4&#8243; _builder_version=&#8221;4.16&#8243; _module_preset=&#8221;default&#8221; global_colors_info=&#8221;{}&#8221;][et_pb_column type=&#8221;1_4&#8243; _builder_version=&#8221;4.16&#8243; _module_preset=&#8221;default&#8221; global_colors_info=&#8221;{}&#8221;][et_pb_blurb title=&#8221;Innovation&#8221; image=&#8221;https:\/\/mizaradditive.com\/wp-content\/uploads\/2021\/10\/innovacio.png&#8221; alt=&#8221;Innovation&#8221; icon_alignment=&#8221;left&#8221; _builder_version=&#8221;4.16&#8243; _module_preset=&#8221;default&#8221; background_color=&#8221;#FFFFFF&#8221; custom_padding=&#8221;5%|8%|5%|8%|true|true&#8221; custom_css_main_element=&#8221;height: 425px &#8221; global_colors_info=&#8221;{}&#8221;]<\/p>\n<p>&nbsp;<\/p>\n<p>Improve your customer&#8217;s R&amp;D by reducing manufacturing times and facilitating prototyping.<\/p>\n<p>&nbsp;<\/p>\n<p>[\/et_pb_blurb][\/et_pb_column][et_pb_column type=&#8221;1_4&#8243; _builder_version=&#8221;4.16&#8243; _module_preset=&#8221;default&#8221; global_colors_info=&#8221;{}&#8221;][et_pb_blurb title=&#8221;Sustainability&#8221; image=&#8221;https:\/\/mizaradditive.com\/wp-content\/uploads\/2021\/10\/sostenible.png&#8221; alt=&#8221;Sustainable&#8221; icon_alignment=&#8221;left&#8221; _builder_version=&#8221;4.16&#8243; _module_preset=&#8221;default&#8221; background_color=&#8221;#FFFFFF&#8221; custom_padding=&#8221;5%|8%|5%|8%|true|true&#8221; custom_css_main_element=&#8221;height: 425px &#8221; global_colors_info=&#8221;{}&#8221;]<\/p>\n<p>&nbsp;<\/p>\n<p>It uses less raw material and reduces the amount of waste, resulting in less need for transport.<\/p>\n<p>[\/et_pb_blurb][\/et_pb_column][et_pb_column type=&#8221;1_4&#8243; _builder_version=&#8221;4.16&#8243; _module_preset=&#8221;default&#8221; global_colors_info=&#8221;{}&#8221;][et_pb_blurb title=&#8221;Efficiency gains&#8221; image=&#8221;https:\/\/mizaradditive.com\/wp-content\/uploads\/2021\/10\/aumento-efic.png&#8221; alt=&#8221;Efficiency gains&#8221; icon_alignment=&#8221;left&#8221; _builder_version=&#8221;4.16&#8243; _module_preset=&#8221;default&#8221; background_color=&#8221;#FFFFFF&#8221; custom_padding=&#8221;5%|8%|5%|8%|true|true&#8221; custom_css_main_element=&#8221;height: 425px &#8221; global_colors_info=&#8221;{}&#8221; custom_css_main_element_last_edited=&#8221;off|desktop&#8221;]<\/p>\n<p>&nbsp;<\/p>\n<p>Additive manufacturing enables cooling circuits for temperature control, impacting on production costs.<\/p>\n<p>[\/et_pb_blurb][\/et_pb_column][et_pb_column type=&#8221;1_4&#8243; _builder_version=&#8221;4.16&#8243; _module_preset=&#8221;default&#8221; global_colors_info=&#8221;{}&#8221;][\/et_pb_column][\/et_pb_row][\/et_pb_section][et_pb_section fb_built=&#8221;1&#8243; _builder_version=&#8221;4.17.4&#8243; _module_preset=&#8221;default&#8221; background_image=&#8221;https:\/\/mizaradditive.com\/wp-content\/uploads\/2021\/10\/BG_cta_img.webp&#8221; global_colors_info=&#8221;{}&#8221;][et_pb_row _builder_version=&#8221;4.17.4&#8243; _module_preset=&#8221;default&#8221; custom_padding=&#8221;27px|||||&#8221; global_colors_info=&#8221;{}&#8221;][et_pb_column type=&#8221;4_4&#8243; _builder_version=&#8221;4.17.4&#8243; _module_preset=&#8221;default&#8221; global_colors_info=&#8221;{}&#8221;][et_pb_text _builder_version=&#8221;4.17.4&#8243; _module_preset=&#8221;default&#8221; text_text_color=&#8221;#FFFFFF&#8221; text_font_size=&#8221;34px&#8221; width=&#8221;70%&#8221; module_alignment=&#8221;center&#8221; global_colors_info=&#8221;{}&#8221;]<\/p>\n<p style=\"text-align: center; font-size:30px\">\u00bfQuieres obtener m\u00e1s informaci\u00f3n?<\/p>\n<p>[\/et_pb_text][et_pb_text _builder_version=&#8221;4.17.4&#8243; _module_preset=&#8221;default&#8221; text_text_color=&#8221;#FFFFFF&#8221; width=&#8221;70%&#8221; module_alignment=&#8221;center&#8221; global_colors_info=&#8221;{}&#8221;]<\/p>\n<p style=\"text-align: center;\">Recibe informaci\u00f3n sobre fabricaci\u00f3n aditiva industrial de la mano de nuestros expertos, ellos te ayudar\u00e1n con un itinerario informativo personalizado.<\/p>\n<p>[\/et_pb_text][et_pb_button button_url=&#8221;https:\/\/mizaradditive.com\/en\/contact-us\/&#8221; button_text=&#8221;Request information from an expert&#8221; button_alignment=&#8221;center&#8221; module_class=&#8221;ofuscado&#8221; _builder_version=&#8221;4.17.4&#8243; _module_preset=&#8221;default&#8221; custom_button=&#8221;on&#8221; button_text_color=&#8221;#FFFFFF&#8221; button_bg_color=&#8221;#0082bf&#8221; button_border_color=&#8221;#0082bf&#8221; custom_css_main_element=&#8221;font-size:20px;&#8221; global_colors_info=&#8221;{}&#8221;][\/et_pb_button][\/et_pb_column][\/et_pb_row][\/et_pb_section][et_pb_section fb_built=&#8221;1&#8243; _builder_version=&#8221;4.16&#8243; _module_preset=&#8221;default&#8221; background_color=&#8221;#f2f2f2&#8243; global_colors_info=&#8221;{}&#8221;][et_pb_row _builder_version=&#8221;4.16&#8243; _module_preset=&#8221;default&#8221; global_colors_info=&#8221;{}&#8221;][et_pb_column type=&#8221;4_4&#8243; _builder_version=&#8221;4.16&#8243; _module_preset=&#8221;default&#8221; global_colors_info=&#8221;{}&#8221;][et_pb_text _builder_version=&#8221;4.16&#8243; _module_preset=&#8221;default&#8221; global_colors_info=&#8221;{}&#8221;]<\/p>\n<h3>Interesting articles on additive manufacturing in industry<\/h3>\n<p>[\/et_pb_text][\/et_pb_column][\/et_pb_row][et_pb_row _builder_version=&#8221;4.16&#8243; _module_preset=&#8221;default&#8221; global_colors_info=&#8221;{}&#8221;][et_pb_column type=&#8221;4_4&#8243; _builder_version=&#8221;4.16&#8243; _module_preset=&#8221;default&#8221; global_colors_info=&#8221;{}&#8221;][et_pb_blog fullwidth=&#8221;off&#8221; posts_number=&#8221;3&#8243; include_categories=&#8221;35&#8243; show_author=&#8221;off&#8221; show_date=&#8221;off&#8221; show_categories=&#8221;off&#8221; show_pagination=&#8221;off&#8221; _builder_version=&#8221;4.17.4&#8243; _module_preset=&#8221;default&#8221; global_colors_info=&#8221;{}&#8221;][\/et_pb_blog][\/et_pb_column][\/et_pb_row][\/et_pb_section]<\/p>\n","protected":false},"excerpt":{"rendered":"<p>OUR PRODUCTION CAPACITIES FOR INDUSTRY We cover all the production needs of the industrial sector with customised solutions, thanks to our highly specialised human and technological teams. TOOLS AND TEMPLATESPROTOTYPESMEDIUM SERIESHYDRAULIC POWER PACKSPARTS WITH INTERNAL DUCTSCONTACTO El sector industrial es nuestra especialidad, somos la mejor respuesta a tus necesidades. Ll\u00e1manos y compru\u00e9balo. Estamos a tu<a class=\"moretag\" \n href=\"https:\/\/mizaradditive.com\/en\/industry-sector\/\"> Ver m\u00e1s<\/a><\/p>\n","protected":false},"author":5,"featured_media":14713,"parent":0,"menu_order":0,"comment_status":"closed","ping_status":"closed","template":"","meta":{"_et_pb_use_builder":"on","_et_pb_old_content":"","_et_gb_content_width":"","footnotes":""},"categories":[],"tags":[],"class_list":["post-7364","page","type-page","status-publish","has-post-thumbnail","hentry"],"_links":{"self":[{"href":"https:\/\/mizaradditive.com\/en\/wp-json\/wp\/v2\/pages\/7364","targetHints":{"allow":["GET"]}}],"collection":[{"href":"https:\/\/mizaradditive.com\/en\/wp-json\/wp\/v2\/pages"}],"about":[{"href":"https:\/\/mizaradditive.com\/en\/wp-json\/wp\/v2\/types\/page"}],"author":[{"embeddable":true,"href":"https:\/\/mizaradditive.com\/en\/wp-json\/wp\/v2\/users\/5"}],"replies":[{"embeddable":true,"href":"https:\/\/mizaradditive.com\/en\/wp-json\/wp\/v2\/comments?post=7364"}],"version-history":[{"count":5,"href":"https:\/\/mizaradditive.com\/en\/wp-json\/wp\/v2\/pages\/7364\/revisions"}],"predecessor-version":[{"id":15244,"href":"https:\/\/mizaradditive.com\/en\/wp-json\/wp\/v2\/pages\/7364\/revisions\/15244"}],"wp:featuredmedia":[{"embeddable":true,"href":"https:\/\/mizaradditive.com\/en\/wp-json\/wp\/v2\/media\/14713"}],"wp:attachment":[{"href":"https:\/\/mizaradditive.com\/en\/wp-json\/wp\/v2\/media?parent=7364"}],"wp:term":[{"taxonomy":"category","embeddable":true,"href":"https:\/\/mizaradditive.com\/en\/wp-json\/wp\/v2\/categories?post=7364"},{"taxonomy":"post_tag","embeddable":true,"href":"https:\/\/mizaradditive.com\/en\/wp-json\/wp\/v2\/tags?post=7364"}],"curies":[{"name":"wp","href":"https:\/\/api.w.org\/{rel}","templated":true}]}}